{"id":1289,"date":"2016-08-03T09:45:11","date_gmt":"2016-08-03T07:45:11","guid":{"rendered":"https:\/\/www.larattedutouquet.com\/?page_id=1289"},"modified":"2021-01-05T21:05:41","modified_gmt":"2021-01-05T20:05:41","slug":"la-charte-qualite-ratte-du-touquet","status":"publish","type":"page","link":"https:\/\/p6006.phpnet.org\/larattedutouquetold\/la-charte-qualite-ratte-du-touquet\/","title":{"rendered":"La Charte Qualit\u00e9"},"content":{"rendered":"<p>\t\t<section  class=\"ht-section \"  >\n\t\t\n\t<div class=\"container\">\n\t\t\t\t\t\n\t\t\n<div class=\"fw-row\">\n\t<div class=\"fw-col-xs-12 \" >\n\t<div class=\"fw-heading fw-heading-h1 fw-heading-center\">\n\t\t<h1 class='fw-special-title'>La Charte Qualit\u00e9<\/h1>\t<\/div><\/div>\n<\/div>\n\n\n<div class=\"fw-row\">\n\t<div class=\"entry fw-col-xs-12 fw-col-sm-3 \" style=\"padding-left:15px\">\n\t<img src=\"\/\/www.larattedutouquet.com\/wp-content\/uploads\/2016\/08\/Logo-CQ.png\" alt=\"\/\/www.larattedutouquet.com\/wp-content\/uploads\/2016\/08\/Logo-CQ.png\" width=\"170\" \/><\/div>\n<div class=\"fw-col-xs-12 fw-col-sm-9 textCharte1\" style=\"padding-left:15px\">\n\t<p style=\"text-align: justify;\">Mise en place depuis 2010 \u00e0 l'initiative de <a href=\"https:\/\/www.larattedutouquet.com\/dominique-une-vocation-depuis-45-ans\/\">Dominique Dequidt<\/a> et sign\u00e9e par les <a href=\"https:\/\/www.larattedutouquet.com\/nos-producteurs\/\">7 producteurs de Ratte du Touquet,<\/a> la Charte Qualit\u00e9 est n\u00e9e de leur volont\u00e9 de se d\u00e9marquer, tant du point de vue de leurs pratiques de culture, que dans l'optique de faire mieux reconna\u00eetre la qualit\u00e9 sup\u00e9rieure de la pomme de terre Ratte du Touquet. Par cette action, ils ancrent leur travail dans une d\u00e9marche moderne et indispensable de d\u00e9veloppement durable. \u00c9labor\u00e9e et sign\u00e9e conjointement par les sept producteurs de pomme de terre Ratte du Touquet et leur centre de conditionnement, elle atteste de leur engagement \u00e0 respecter 31 mesures visant \u00e0 :<\/p><\/div>\n<\/div>\n\n\n<div class=\"fw-row\">\n\t<div class=\"fw-col-xs-12 \" style=\"padding-left:15px\">\n\t<h4 class=\"h4Charte\" style=\"text-align: justify;\">Assurer une culture de qualit\u00e9<\/h4><ul style=\"text-align: justify;\"><li class=\"liste-page-charte\">exploitations certifi\u00e9es <a href=\"https:\/\/www.larattedutouquet.com\/le-lexique-de-lenvironnement\/\">Iso 14001<\/a> ou <a href=\"https:\/\/www.larattedutouquet.com\/le-lexique-de-lenvironnement\/\">Globalgap<\/a><\/li><li class=\"liste-page-charte\">utilisation exclusive de <a href=\"https:\/\/www.larattedutouquet.com\/le-lexique-de-lenvironnement\/\">plants certifi\u00e9s<\/a> cultiv\u00e9s dans la r\u00e9gion du Touquet par Touquet Plants<\/li><li class=\"liste-page-charte\">maintient de la qualit\u00e9 culinaire : limitation de l'indice de d\u00e9litement \u00e0 la cuisson, d\u00e9fanage \u00e0 moins de 120 jours, stockage au froid<\/li><li class=\"liste-page-charte\">tra\u00e7abilit\u00e9 totale des pommes de terre de la parcelle du champ jusqu'\u00e0 l'assiette<\/li><\/ul><h4 class=\"h4Charte\" lang=\"fr-FR\" style=\"text-align: justify;\">Prot\u00e9ger l\u2019environnement<\/h4><ul style=\"text-align: justify;\"><li class=\"liste-page-charte\">utilisation d'engrais vert sur toute la surface cultiv\u00e9e<\/li><li class=\"liste-page-charte\">mise en place d'une zone non productive \u00e9quivalent \u00e0 3 % de la surface cultiv\u00e9e<\/li><li class=\"liste-page-charte\">limitation des apports en eau dans le champ aux seuls besoin de la plante, gr\u00e2ce \u00e0 des outils d'aide \u00e0 la d\u00e9cision<\/li><li class=\"liste-page-charte\">pour le conditionnement : utilisation d'une eau totalement recycl\u00e9e ainsi que d'une \u00e9lectricit\u00e9 \u00e0 100% renouvelable pour le lavage, tri en recyclage des emballages<\/li><\/ul><h4 class=\"h4Charte\" lang=\"fr-FR\" style=\"text-align: justify;\">Favoriser la biodiversit\u00e9<\/h4><ul style=\"text-align: justify;\"><li class=\"liste-page-charte\">disposer deux deux ruches entretenues dans son exploitation et prendre en compte la pr\u00e9servation des abeilles\u00a0dans la protection des cultures<\/li><li class=\"liste-page-charte\">plantation de jach\u00e8re fleurie correspondant \u00e0 2 % de la surface cultiv\u00e9e en Ratte du Touquet afin de favoriser la pollinisation, et mise \u00e0 disposition d'un point d'eau pour les insectes<\/li><li class=\"liste-page-charte\">mise en place d'au moins trois mesures pour prot\u00e9ger les petits animaux : installation de mangeoires, perchoirs, agrainoirs...<\/li><li class=\"liste-page-charte\">plantation ou entretien d'au moins 500 m de haie ou de bois pour favoriser la petite faune sauvage<\/li><li class=\"liste-page-charte\">sensibilisation du personnel de l'exploitation \u00e0 la faune environnante<\/li><\/ul><h4 class=\"h4Charte\" lang=\"fr-FR\" style=\"text-align: justify;\">Adopter une politique de s\u00e9curit\u00e9 des personnes et des biens<\/h4><ul style=\"text-align: justify;\"><li class=\"liste-page-charte\">mise en place d'une proc\u00e9dure de gestion des risques d'hygi\u00e8ne et de s\u00e9curit\u00e9<\/li><li class=\"liste-page-charte\">formation d'une ou plusieurs personnes dans l'exploitation au brevet de secourisme<\/li><li class=\"liste-page-charte\">centre de conditionnement certifi\u00e9 IFS Food : les pommes de terre Ratte du Touquet sont stock\u00e9es, tri\u00e9es, lav\u00e9es et emball\u00e9es dans une unit\u00e9 qui r\u00e9pondre aux standards de s\u00e9curit\u00e9 alimentaire IFS Food<\/li><\/ul><h4 class=\"h4Charte\" style=\"text-align: justify;\">S\u2019inscrire dans une d\u00e9marche de progr\u00e8s<\/h4><ul style=\"text-align: justify;\"><li class=\"liste-page-charte\">r\u00e9flexion commune en vue de l\u2019am\u00e9lioration constante des techniques de culture, de la qualit\u00e9 du produit et du respect de l\u2019environnement<\/li><li class=\"liste-page-charte\">mise en place de nouvelles mesures chaque ann\u00e9e<\/li><\/ul><p lang=\"fr-FR\" style=\"text-align: justify;\">Cette charte est mentionn\u00e9e sur les emballages de Ratte du Touquet par un logo et un petit texte explicatif. Chaque producteur renouvelle tous les ans son engagement. D\u00e9couvrez celui de <a href=\"https:\/\/www.larattedutouquet.com\/benoit-lenvironnement-en-famille\/\">Beno\u00eet<\/a>, <a href=\"https:\/\/www.larattedutouquet.com\/marc-antoine-le-protecteur-des-animaux\/\">Marc-Antoine<\/a>, <a href=\"https:\/\/www.larattedutouquet.com\/eric-pour-une-agriculture-durable\/\">Eric<\/a>, <a href=\"https:\/\/www.larattedutouquet.com\/audouin-le-gastronome\/\">Audouin<\/a>, <a href=\"https:\/\/www.larattedutouquet.com\/olivier-lamour-du-metier-et-du-produit\/\">Olivier<\/a>, <a href=\"https:\/\/www.larattedutouquet.com\/georges-le-specialiste-des-varietes\/\">Georges<\/a> et <a href=\"https:\/\/www.larattedutouquet.com\/dominique-une-vocation-depuis-45-ans\/\">Dominique<\/a>. Le bon respect de la charte est contr\u00f4l\u00e9 par un organisme ind\u00e9pendant, Visagri.<\/p><p><div id='gallery-1' class='gallery galleryid-1289 gallery-columns-3 gallery-size-full'><figure class='gallery-item'>\n\t\t\t<div class='gallery-icon landscape'>\n\t\t\t\t<img width=\"180\" height=\"180\" src=\"https:\/\/p6006.phpnet.org\/larattedutouquetold\/wp-content\/uploads\/2016\/08\/biodiv2-1.jpg\" class=\"attachment-full size-full\" alt=\"Un nichoir \u00e0 chouettes\" loading=\"lazy\" aria-describedby=\"gallery-1-1577\" srcset=\"https:\/\/p6006.phpnet.org\/larattedutouquetold\/wp-content\/uploads\/2016\/08\/biodiv2-1.jpg 180w, https:\/\/p6006.phpnet.org\/larattedutouquetold\/wp-content\/uploads\/2016\/08\/biodiv2-1-150x150.jpg 150w, https:\/\/p6006.phpnet.org\/larattedutouquetold\/wp-content\/uploads\/2016\/08\/biodiv2-1-82x82.jpg 82w\" sizes=\"(max-width: 180px) 100vw, 180px\" \/>\n\t\t\t<\/div>\n\t\t\t\t<figcaption class='wp-caption-text gallery-caption' id='gallery-1-1577'>\n\t\t\t\tUn nichoir \u00e0 chouettes \n\t\t\t\t<\/figcaption><\/figure><figure class='gallery-item'>\n\t\t\t<div class='gallery-icon landscape'>\n\t\t\t\t<img width=\"180\" height=\"180\" src=\"https:\/\/p6006.phpnet.org\/larattedutouquetold\/wp-content\/uploads\/2016\/08\/biodiv4.jpg\" class=\"attachment-full size-full\" alt=\"\" loading=\"lazy\" aria-describedby=\"gallery-1-1579\" srcset=\"https:\/\/p6006.phpnet.org\/larattedutouquetold\/wp-content\/uploads\/2016\/08\/biodiv4.jpg 180w, https:\/\/p6006.phpnet.org\/larattedutouquetold\/wp-content\/uploads\/2016\/08\/biodiv4-150x150.jpg 150w, https:\/\/p6006.phpnet.org\/larattedutouquetold\/wp-content\/uploads\/2016\/08\/biodiv4-82x82.jpg 82w\" sizes=\"(max-width: 180px) 100vw, 180px\" \/>\n\t\t\t<\/div>\n\t\t\t\t<figcaption class='wp-caption-text gallery-caption' id='gallery-1-1579'>\n\t\t\t\t Des hirondelles se sont install\u00e9es dans les exploitations \n\t\t\t\t<\/figcaption><\/figure><figure class='gallery-item'>\n\t\t\t<div class='gallery-icon landscape'>\n\t\t\t\t<img width=\"180\" height=\"180\" src=\"https:\/\/p6006.phpnet.org\/larattedutouquetold\/wp-content\/uploads\/2016\/08\/Biodiv5.jpg\" class=\"attachment-full size-full\" alt=\"Une haie en bordure d\u2019un champ de Ratte du Touquet\" loading=\"lazy\" aria-describedby=\"gallery-1-1580\" srcset=\"https:\/\/p6006.phpnet.org\/larattedutouquetold\/wp-content\/uploads\/2016\/08\/Biodiv5.jpg 180w, https:\/\/p6006.phpnet.org\/larattedutouquetold\/wp-content\/uploads\/2016\/08\/Biodiv5-150x150.jpg 150w, https:\/\/p6006.phpnet.org\/larattedutouquetold\/wp-content\/uploads\/2016\/08\/Biodiv5-82x82.jpg 82w\" sizes=\"(max-width: 180px) 100vw, 180px\" \/>\n\t\t\t<\/div>\n\t\t\t\t<figcaption class='wp-caption-text gallery-caption' id='gallery-1-1580'>\n\t\t\t\tUne haie en bordure d\u2019un champ\n\t\t\t\t<\/figcaption><\/figure><figure class='gallery-item'>\n\t\t\t<div class='gallery-icon landscape'>\n\t\t\t\t<img width=\"180\" height=\"180\" src=\"https:\/\/p6006.phpnet.org\/larattedutouquetold\/wp-content\/uploads\/2016\/08\/biodiv3.jpg\" class=\"attachment-full size-full\" alt=\"Poste d\u2019observation de la faune dans une exploitation\" loading=\"lazy\" aria-describedby=\"gallery-1-1578\" srcset=\"https:\/\/p6006.phpnet.org\/larattedutouquetold\/wp-content\/uploads\/2016\/08\/biodiv3.jpg 180w, https:\/\/p6006.phpnet.org\/larattedutouquetold\/wp-content\/uploads\/2016\/08\/biodiv3-150x150.jpg 150w, https:\/\/p6006.phpnet.org\/larattedutouquetold\/wp-content\/uploads\/2016\/08\/biodiv3-82x82.jpg 82w\" sizes=\"(max-width: 180px) 100vw, 180px\" \/>\n\t\t\t<\/div>\n\t\t\t\t<figcaption class='wp-caption-text gallery-caption' id='gallery-1-1578'>\n\t\t\t\tPoste d\u2019observation de la faune dans une exploitation \n\t\t\t\t<\/figcaption><\/figure><figure class='gallery-item'>\n\t\t\t<div class='gallery-icon landscape'>\n\t\t\t\t<img width=\"180\" height=\"180\" src=\"https:\/\/p6006.phpnet.org\/larattedutouquetold\/wp-content\/uploads\/2016\/08\/Biodiv1.jpg\" class=\"attachment-full size-full\" alt=\"Un nichoir \u00e0 chouettes\" loading=\"lazy\" aria-describedby=\"gallery-1-1576\" srcset=\"https:\/\/p6006.phpnet.org\/larattedutouquetold\/wp-content\/uploads\/2016\/08\/Biodiv1.jpg 180w, https:\/\/p6006.phpnet.org\/larattedutouquetold\/wp-content\/uploads\/2016\/08\/Biodiv1-150x150.jpg 150w, https:\/\/p6006.phpnet.org\/larattedutouquetold\/wp-content\/uploads\/2016\/08\/Biodiv1-82x82.jpg 82w\" sizes=\"(max-width: 180px) 100vw, 180px\" \/>\n\t\t\t<\/div>\n\t\t\t\t<figcaption class='wp-caption-text gallery-caption' id='gallery-1-1576'>\n\t\t\t\tUn nichoir \u00e0 chouettes \n\t\t\t\t<\/figcaption><\/figure><figure class='gallery-item'>\n\t\t\t<div class='gallery-icon landscape'>\n\t\t\t\t<img width=\"180\" height=\"180\" src=\"https:\/\/p6006.phpnet.org\/larattedutouquetold\/wp-content\/uploads\/2016\/08\/benoit9-1.jpg\" class=\"attachment-full size-full\" alt=\"Une jach\u00e8re fleurie pleine de phac\u00e9lie\" loading=\"lazy\" aria-describedby=\"gallery-1-1575\" srcset=\"https:\/\/p6006.phpnet.org\/larattedutouquetold\/wp-content\/uploads\/2016\/08\/benoit9-1.jpg 180w, https:\/\/p6006.phpnet.org\/larattedutouquetold\/wp-content\/uploads\/2016\/08\/benoit9-1-150x150.jpg 150w, https:\/\/p6006.phpnet.org\/larattedutouquetold\/wp-content\/uploads\/2016\/08\/benoit9-1-82x82.jpg 82w\" sizes=\"(max-width: 180px) 100vw, 180px\" \/>\n\t\t\t<\/div>\n\t\t\t\t<figcaption class='wp-caption-text gallery-caption' id='gallery-1-1575'>\n\t\t\t\tUne jach\u00e8re fleurie pleine de phac\u00e9lie \n\t\t\t\t<\/figcaption><\/figure>\n\t\t<\/div>\n<\/p><\/div>\n<\/div>\n\n\t<\/div>\n<\/section>\n\t\t<section  class=\"ht-section \"  >\n\t\t\n\t<div class=\"container\">\n\t\t\t\t\t\n\t\t\n<div class=\"fw-row\">\n\t<div class=\"fw-col-xs-12 \" >\n\t<div class=\"fw-heading fw-heading-h4 \">\n\t\t<h4 class='fw-special-title'>Plus d'articles<\/h4>\t<\/div><\/div>\n<\/div>\n\n\n<div class=\"fw-row\">\n\t<div class=\"fw-col-xs-12 fw-col-sm-6 \" style=\"padding-right:5px; padding-left: 5px;\">\n\t<a href=\"https:\/\/www.larattedutouquet.com\/des-ruches-dans-nos-jacheres\/\" target=\"_self\" ><img src=\"\/\/www.larattedutouquet.com\/wp-content\/uploads\/2016\/08\/ruchesjachere-1.jpg\" alt=\"\/\/www.larattedutouquet.com\/wp-content\/uploads\/2016\/08\/ruchesjachere-1.jpg\" \/><\/a><\/div>\n<div class=\"fw-col-xs-12 fw-col-sm-6 \" style=\"padding-right:5px; padding-left: 5px;\">\n\t<a href=\"https:\/\/www.larattedutouquet.com\/tout-savoir-sur-les-abeilles\/\" target=\"_self\" ><img src=\"\/\/www.larattedutouquet.com\/wp-content\/uploads\/2016\/08\/toutabeilles-1.jpg\" alt=\"\/\/www.larattedutouquet.com\/wp-content\/uploads\/2016\/08\/toutabeilles-1.jpg\" \/><\/a><\/div>\n<\/div>\n\n\n<div class=\"fw-row\">\n\t<div class=\"fw-col-xs-12 fw-col-sm-6 \" style=\"padding-right:5px; padding-left: 5px;\">\n\t<a href=\"https:\/\/www.larattedutouquet.com\/mes-trois-defis-pour-la-ratte-du-touquet\/\" target=\"_self\" ><img src=\"\/\/www.larattedutouquet.com\/wp-content\/uploads\/2016\/08\/troisdefis-1.jpg\" alt=\"\/\/www.larattedutouquet.com\/wp-content\/uploads\/2016\/08\/troisdefis-1.jpg\" \/><\/a><\/div>\n<div class=\"fw-col-xs-12 fw-col-sm-6 \" style=\"padding-right:5px; padding-left: 5px;\">\n\t<a href=\"https:\/\/www.larattedutouquet.com\/proteger-la-biodiversite\/\" target=\"_self\" ><img src=\"\/\/www.larattedutouquet.com\/wp-content\/uploads\/2016\/08\/biodiversite-1.jpg\" alt=\"\/\/www.larattedutouquet.com\/wp-content\/uploads\/2016\/08\/biodiversite-1.jpg\" \/><\/a><\/div>\n<\/div>\n\n\n<div class=\"fw-row\">\n\t<div class=\"fw-col-xs-12 fw-col-sm-6 \" style=\"padding-right:5px; padding-left: 5px;\">\n\t<a href=\"https:\/\/www.larattedutouquet.com\/robert-therry-un-apiculteur-militant\/\" target=\"_self\" ><img src=\"\/\/www.larattedutouquet.com\/wp-content\/uploads\/2016\/08\/roberttherry3-1.jpg\" alt=\"\/\/www.larattedutouquet.com\/wp-content\/uploads\/2016\/08\/roberttherry3-1.jpg\" \/><\/a><\/div>\n<div class=\"fw-col-xs-12 fw-col-sm-6 \" style=\"padding-right:5px; padding-left: 5px;\">\n\t<a href=\"https:\/\/www.larattedutouquet.com\/le-lexique-de-lenvironnement\/\" target=\"_self\" ><img src=\"\/\/www.larattedutouquet.com\/wp-content\/uploads\/2016\/08\/lexiqueenv-2.jpg\" alt=\"\/\/www.larattedutouquet.com\/wp-content\/uploads\/2016\/08\/lexiqueenv-2.jpg\" \/><\/a><\/div>\n<\/div>\n\n\t<\/div>\n<\/section>\n<\/p>\n","protected":false},"excerpt":{"rendered":"<p>La Charte Qualit\u00e9 Mise en place depuis 2010 \u00e0 l&rsquo;initiative de Dominique Dequidt et sign\u00e9e par les 7 producteurs de Ratte du Touquet, la Charte Qualit\u00e9 est n\u00e9e de leur volont\u00e9 de se d\u00e9marquer, tant du point de vue de leurs pratiques de culture, que dans l&rsquo;optique de faire mieux reconna\u00eetre la qualit\u00e9 sup\u00e9rieure de [&hellip;]<\/p>\n","protected":false},"author":6,"featured_media":0,"parent":0,"menu_order":0,"comment_status":"closed","ping_status":"closed","template":"page-templates\/template-colonne.php","meta":{"wprm-recipe-roundup-name":[],"wprm-recipe-roundup-description":[]},"yoast_head":"<!-- This site is optimized with the Yoast SEO plugin v18.4.1 - https:\/\/yoast.com\/wordpress\/plugins\/seo\/ -->\n<title>La Charte Qualit\u00e9<\/title>\n<meta name=\"description\" content=\"D\u00e9couvrez la charte qualit\u00e9, une d\u00e9marche responsable et environnementale \u00e9crite et appliqu\u00e9e par les producteurs de la Ratte du Touquet.\" \/>\n<meta name=\"robots\" content=\"index, follow, max-snippet:-1, max-image-preview:large, max-video-preview:-1\" \/>\n<link rel=\"canonical\" href=\"https:\/\/p6006.phpnet.org\/larattedutouquetold\/la-charte-qualite-ratte-du-touquet\/\" \/>\n<meta property=\"og:locale\" content=\"fr_FR\" \/>\n<meta property=\"og:type\" content=\"article\" \/>\n<meta property=\"og:title\" content=\"La Charte Qualit\u00e9\" \/>\n<meta property=\"og:description\" content=\"D\u00e9couvrez la charte qualit\u00e9, une d\u00e9marche responsable et environnementale \u00e9crite et appliqu\u00e9e par les producteurs de la Ratte du Touquet.\" \/>\n<meta property=\"og:url\" content=\"https:\/\/p6006.phpnet.org\/larattedutouquetold\/la-charte-qualite-ratte-du-touquet\/\" \/>\n<meta property=\"og:site_name\" content=\"La pomme de terre des gastronomes\" \/>\n<meta property=\"article:modified_time\" content=\"2021-01-05T20:05:41+00:00\" \/>\n<meta property=\"og:image\" content=\"\/\/www.larattedutouquet.com\/wp-content\/uploads\/2016\/08\/Logo-CQ.png\" \/>\n<meta name=\"twitter:card\" content=\"summary\" \/>\n<meta name=\"twitter:label1\" content=\"Dur\u00e9e de lecture estim\u00e9e\" \/>\n\t<meta name=\"twitter:data1\" content=\"3 minutes\" \/>\n<script type=\"application\/ld+json\" class=\"yoast-schema-graph\">{\"@context\":\"https:\/\/schema.org\",\"@graph\":[{\"@type\":\"WebSite\",\"@id\":\"https:\/\/p6006.phpnet.org\/larattedutouquetold\/#website\",\"url\":\"https:\/\/p6006.phpnet.org\/larattedutouquetold\/\",\"name\":\"La pomme de terre des gastronomes\",\"description\":\"\",\"potentialAction\":[{\"@type\":\"SearchAction\",\"target\":{\"@type\":\"EntryPoint\",\"urlTemplate\":\"https:\/\/p6006.phpnet.org\/larattedutouquetold\/?s={search_term_string}\"},\"query-input\":\"required name=search_term_string\"}],\"inLanguage\":\"fr-FR\"},{\"@type\":\"ImageObject\",\"@id\":\"https:\/\/p6006.phpnet.org\/larattedutouquetold\/la-charte-qualite-ratte-du-touquet\/#primaryimage\",\"inLanguage\":\"fr-FR\",\"url\":\"\/\/www.larattedutouquet.com\/wp-content\/uploads\/2016\/08\/Logo-CQ.png\",\"contentUrl\":\"\/\/www.larattedutouquet.com\/wp-content\/uploads\/2016\/08\/Logo-CQ.png\"},{\"@type\":\"WebPage\",\"@id\":\"https:\/\/p6006.phpnet.org\/larattedutouquetold\/la-charte-qualite-ratte-du-touquet\/#webpage\",\"url\":\"https:\/\/p6006.phpnet.org\/larattedutouquetold\/la-charte-qualite-ratte-du-touquet\/\",\"name\":\"La Charte Qualit\u00e9\",\"isPartOf\":{\"@id\":\"https:\/\/p6006.phpnet.org\/larattedutouquetold\/#website\"},\"primaryImageOfPage\":{\"@id\":\"https:\/\/p6006.phpnet.org\/larattedutouquetold\/la-charte-qualite-ratte-du-touquet\/#primaryimage\"},\"datePublished\":\"2016-08-03T07:45:11+00:00\",\"dateModified\":\"2021-01-05T20:05:41+00:00\",\"description\":\"D\u00e9couvrez la charte qualit\u00e9, une d\u00e9marche responsable et environnementale \u00e9crite et appliqu\u00e9e par les producteurs de la Ratte du Touquet.\",\"breadcrumb\":{\"@id\":\"https:\/\/p6006.phpnet.org\/larattedutouquetold\/la-charte-qualite-ratte-du-touquet\/#breadcrumb\"},\"inLanguage\":\"fr-FR\",\"potentialAction\":[{\"@type\":\"ReadAction\",\"target\":[\"https:\/\/p6006.phpnet.org\/larattedutouquetold\/la-charte-qualite-ratte-du-touquet\/\"]}]},{\"@type\":\"BreadcrumbList\",\"@id\":\"https:\/\/p6006.phpnet.org\/larattedutouquetold\/la-charte-qualite-ratte-du-touquet\/#breadcrumb\",\"itemListElement\":[{\"@type\":\"ListItem\",\"position\":1,\"name\":\"Accueil\",\"item\":\"https:\/\/p6006.phpnet.org\/larattedutouquetold\/\"},{\"@type\":\"ListItem\",\"position\":2,\"name\":\"La Charte Qualit\u00e9\"}]}]}<\/script>\n<!-- \/ Yoast SEO plugin. -->","yoast_head_json":{"title":"La Charte Qualit\u00e9","description":"D\u00e9couvrez la charte qualit\u00e9, une d\u00e9marche responsable et environnementale \u00e9crite et appliqu\u00e9e par les producteurs de la Ratte du Touquet.","robots":{"index":"index","follow":"follow","max-snippet":"max-snippet:-1","max-image-preview":"max-image-preview:large","max-video-preview":"max-video-preview:-1"},"canonical":"https:\/\/p6006.phpnet.org\/larattedutouquetold\/la-charte-qualite-ratte-du-touquet\/","og_locale":"fr_FR","og_type":"article","og_title":"La Charte Qualit\u00e9","og_description":"D\u00e9couvrez la charte qualit\u00e9, une d\u00e9marche responsable et environnementale \u00e9crite et appliqu\u00e9e par les producteurs de la Ratte du Touquet.","og_url":"https:\/\/p6006.phpnet.org\/larattedutouquetold\/la-charte-qualite-ratte-du-touquet\/","og_site_name":"La pomme de terre des gastronomes","article_modified_time":"2021-01-05T20:05:41+00:00","og_image":[{"url":"\/\/www.larattedutouquet.com\/wp-content\/uploads\/2016\/08\/Logo-CQ.png"}],"twitter_card":"summary","twitter_misc":{"Dur\u00e9e de lecture estim\u00e9e":"3 minutes"},"schema":{"@context":"https:\/\/schema.org","@graph":[{"@type":"WebSite","@id":"https:\/\/p6006.phpnet.org\/larattedutouquetold\/#website","url":"https:\/\/p6006.phpnet.org\/larattedutouquetold\/","name":"La pomme de terre des gastronomes","description":"","potentialAction":[{"@type":"SearchAction","target":{"@type":"EntryPoint","urlTemplate":"https:\/\/p6006.phpnet.org\/larattedutouquetold\/?s={search_term_string}"},"query-input":"required name=search_term_string"}],"inLanguage":"fr-FR"},{"@type":"ImageObject","@id":"https:\/\/p6006.phpnet.org\/larattedutouquetold\/la-charte-qualite-ratte-du-touquet\/#primaryimage","inLanguage":"fr-FR","url":"\/\/www.larattedutouquet.com\/wp-content\/uploads\/2016\/08\/Logo-CQ.png","contentUrl":"\/\/www.larattedutouquet.com\/wp-content\/uploads\/2016\/08\/Logo-CQ.png"},{"@type":"WebPage","@id":"https:\/\/p6006.phpnet.org\/larattedutouquetold\/la-charte-qualite-ratte-du-touquet\/#webpage","url":"https:\/\/p6006.phpnet.org\/larattedutouquetold\/la-charte-qualite-ratte-du-touquet\/","name":"La Charte Qualit\u00e9","isPartOf":{"@id":"https:\/\/p6006.phpnet.org\/larattedutouquetold\/#website"},"primaryImageOfPage":{"@id":"https:\/\/p6006.phpnet.org\/larattedutouquetold\/la-charte-qualite-ratte-du-touquet\/#primaryimage"},"datePublished":"2016-08-03T07:45:11+00:00","dateModified":"2021-01-05T20:05:41+00:00","description":"D\u00e9couvrez la charte qualit\u00e9, une d\u00e9marche responsable et environnementale \u00e9crite et appliqu\u00e9e par les producteurs de la Ratte du Touquet.","breadcrumb":{"@id":"https:\/\/p6006.phpnet.org\/larattedutouquetold\/la-charte-qualite-ratte-du-touquet\/#breadcrumb"},"inLanguage":"fr-FR","potentialAction":[{"@type":"ReadAction","target":["https:\/\/p6006.phpnet.org\/larattedutouquetold\/la-charte-qualite-ratte-du-touquet\/"]}]},{"@type":"BreadcrumbList","@id":"https:\/\/p6006.phpnet.org\/larattedutouquetold\/la-charte-qualite-ratte-du-touquet\/#breadcrumb","itemListElement":[{"@type":"ListItem","position":1,"name":"Accueil","item":"https:\/\/p6006.phpnet.org\/larattedutouquetold\/"},{"@type":"ListItem","position":2,"name":"La Charte Qualit\u00e9"}]}]}},"_links":{"self":[{"href":"https:\/\/p6006.phpnet.org\/larattedutouquetold\/wp-json\/wp\/v2\/pages\/1289"}],"collection":[{"href":"https:\/\/p6006.phpnet.org\/larattedutouquetold\/wp-json\/wp\/v2\/pages"}],"about":[{"href":"https:\/\/p6006.phpnet.org\/larattedutouquetold\/wp-json\/wp\/v2\/types\/page"}],"author":[{"embeddable":true,"href":"https:\/\/p6006.phpnet.org\/larattedutouquetold\/wp-json\/wp\/v2\/users\/6"}],"replies":[{"embeddable":true,"href":"https:\/\/p6006.phpnet.org\/larattedutouquetold\/wp-json\/wp\/v2\/comments?post=1289"}],"version-history":[{"count":1,"href":"https:\/\/p6006.phpnet.org\/larattedutouquetold\/wp-json\/wp\/v2\/pages\/1289\/revisions"}],"predecessor-version":[{"id":5499,"href":"https:\/\/p6006.phpnet.org\/larattedutouquetold\/wp-json\/wp\/v2\/pages\/1289\/revisions\/5499"}],"wp:attachment":[{"href":"https:\/\/p6006.phpnet.org\/larattedutouquetold\/wp-json\/wp\/v2\/media?parent=1289"}],"curies":[{"name":"wp","href":"https:\/\/api.w.org\/{rel}","templated":true}]}}