{"id":1472,"date":"2016-08-04T17:40:33","date_gmt":"2016-08-04T15:40:33","guid":{"rendered":"https:\/\/www.larattedutouquet.com\/?page_id=1472"},"modified":"2021-01-05T22:46:12","modified_gmt":"2021-01-05T21:46:12","slug":"benoit-environnement-en-famille","status":"publish","type":"page","link":"https:\/\/p6006.phpnet.org\/larattedutouquetold\/benoit-environnement-en-famille\/","title":{"rendered":"Beno\u00eet, l&rsquo;environnement en famille"},"content":{"rendered":"<p>\t\t<section  class=\"ht-section \"  >\n\t\t\n\t<div class=\"container\">\n\t\t\t\t\t\n\t\t\n<div class=\"fw-row\">\n\t<div class=\"fw-col-xs-12 \" >\n\t<div class=\"fw-heading fw-heading-h1 fw-heading-center\">\n\t\t<h1 class='fw-special-title'>Beno\u00eet, l'environnement en famille<\/h1>\t<\/div><\/div>\n<\/div>\n\n\n<div class=\"fw-row\">\n\t<div class=\"fw-col-xs-12 \" >\n\t<div class=\"video-wrapper shortcode-container\">\n\t<iframe width=\"680\" height=\"383\" src=\"https:\/\/www.youtube.com\/embed\/8Cja5QWPEG0?feature=oembed\" frameborder=\"0\" allowfullscreen><\/iframe><\/div>\n<\/div>\n<\/div>\n\n\t<\/div>\n<\/section>\n\t\t<section  class=\"ht-section \"  >\n\t\t\n\t<div class=\"container\">\n\t\t\t\t\t\n\t\t\n<div class=\"fw-row\">\n\t<div class=\"fw-col-xs-12 \" >\n\t<p style=\"text-align: justify;\">A 35 ans, Beno\u00eet est agriculteur depuis plus de 10 ans. Originaire de l\u2019Oise, il aime sa r\u00e9gion d\u2019accueil pour ses terres riches et son terroir. \u00ab\u00a0L\u2019agriculture y est tr\u00e8s changeante car il y a des diff\u00e9rences d\u2019altitude, on peut faire des cultures tr\u00e8s diversifi\u00e9es\u00a0\u00bb. Apr\u00e8s avoir pass\u00e9 son enfance dans la ferme familiale, l\u2019agriculture \u00e9tait une \u00e9vidence pour lui autant par amour de la nature que d\u2019un point de vue patrimonial, pour \u00ab\u00a0garder les fermes qui sont dans la famille\u00a0\u00bb. Si l\u2019agriculture qu\u2019il pratique en association avec ses parents est fondamentalement moderne par sa technique et son souci de l\u2019environnement, la tradition fait aussi pleinement partie de sa conception du m\u00e9tier.<\/p><p><div id='gallery-1' class='gallery galleryid-1472 gallery-columns-3 gallery-size-full'><figure class='gallery-item'>\n\t\t\t<div class='gallery-icon landscape'>\n\t\t\t\t<img width=\"180\" height=\"180\" src=\"https:\/\/p6006.phpnet.org\/larattedutouquetold\/wp-content\/uploads\/2016\/08\/Benoit1.jpg\" class=\"attachment-full size-full\" alt=\"Pr\u00e9l\u00e8vement de Ratte du Touquet\" loading=\"lazy\" aria-describedby=\"gallery-1-1477\" srcset=\"https:\/\/p6006.phpnet.org\/larattedutouquetold\/wp-content\/uploads\/2016\/08\/Benoit1.jpg 180w, https:\/\/p6006.phpnet.org\/larattedutouquetold\/wp-content\/uploads\/2016\/08\/Benoit1-150x150.jpg 150w, https:\/\/p6006.phpnet.org\/larattedutouquetold\/wp-content\/uploads\/2016\/08\/Benoit1-82x82.jpg 82w\" sizes=\"(max-width: 180px) 100vw, 180px\" \/>\n\t\t\t<\/div>\n\t\t\t\t<figcaption class='wp-caption-text gallery-caption' id='gallery-1-1477'>\n\t\t\t\tBeno\u00eet fait un pr\u00e9l\u00e8vement\n\t\t\t\t<\/figcaption><\/figure><figure class='gallery-item'>\n\t\t\t<div class='gallery-icon landscape'>\n\t\t\t\t<img width=\"180\" height=\"180\" src=\"https:\/\/p6006.phpnet.org\/larattedutouquetold\/wp-content\/uploads\/2016\/08\/Benoit6.jpg\" class=\"attachment-full size-full\" alt=\"\" loading=\"lazy\" aria-describedby=\"gallery-1-1479\" srcset=\"https:\/\/p6006.phpnet.org\/larattedutouquetold\/wp-content\/uploads\/2016\/08\/Benoit6.jpg 180w, https:\/\/p6006.phpnet.org\/larattedutouquetold\/wp-content\/uploads\/2016\/08\/Benoit6-150x150.jpg 150w, https:\/\/p6006.phpnet.org\/larattedutouquetold\/wp-content\/uploads\/2016\/08\/Benoit6-82x82.jpg 82w\" sizes=\"(max-width: 180px) 100vw, 180px\" \/>\n\t\t\t<\/div>\n\t\t\t\t<figcaption class='wp-caption-text gallery-caption' id='gallery-1-1479'>\n\t\t\t\tSon champ de Ratte du Touquet a une superficie de 10ha \n\t\t\t\t<\/figcaption><\/figure><figure class='gallery-item'>\n\t\t\t<div class='gallery-icon landscape'>\n\t\t\t\t<img width=\"180\" height=\"180\" src=\"https:\/\/p6006.phpnet.org\/larattedutouquetold\/wp-content\/uploads\/2016\/08\/Benoit2.jpg\" class=\"attachment-full size-full\" alt=\"L\u2019entr\u00e9e de son exploitation\" loading=\"lazy\" aria-describedby=\"gallery-1-1478\" srcset=\"https:\/\/p6006.phpnet.org\/larattedutouquetold\/wp-content\/uploads\/2016\/08\/Benoit2.jpg 180w, https:\/\/p6006.phpnet.org\/larattedutouquetold\/wp-content\/uploads\/2016\/08\/Benoit2-150x150.jpg 150w, https:\/\/p6006.phpnet.org\/larattedutouquetold\/wp-content\/uploads\/2016\/08\/Benoit2-82x82.jpg 82w\" sizes=\"(max-width: 180px) 100vw, 180px\" \/>\n\t\t\t<\/div>\n\t\t\t\t<figcaption class='wp-caption-text gallery-caption' id='gallery-1-1478'>\n\t\t\t\tL\u2019entr\u00e9e de son exploitation\n\t\t\t\t<\/figcaption><\/figure>\n\t\t<\/div>\n<\/p><p lang=\"fr-FR\" style=\"text-align: justify;\">Beno\u00eet aime l\u2019agriculture car elle permet d\u2019\u00eatre multi-t\u00e2ches, de travailler au contact de la terre autant qu\u2019\u00e0 la gestion de l\u2019exploitation. \u00ab\u00a0Chaque ann\u00e9e apporte un nouvel enseignement, il faut toujours se remettre en cause. Mais c\u2019est aussi ce qui est difficile.\u00a0\u00bb<\/p><h2 lang=\"fr-FR\" style=\"text-align: center;\">\u00ab\u00a0Chaque ann\u00e9e apporte un nouvel enseignement\u00a0\u00bb<\/h2><p lang=\"fr-FR\" style=\"text-align: justify;\">\u00ab\u00a0C\u2019est un travail dont il est difficile de sortir car on le vit en permanence\u00a0\u00bb. Alors pour essayer de relativiser et d\u2019entretenir une plus grande ouverture d\u2019esprit, Beno\u00eet s\u2019implique dans des activit\u00e9s para-agricoles, notamment environnementales. Sa ferme est certifi\u00e9es <a href=\"https:\/\/www.larattedutouquet.com\/category\/la-charte-qualite\/lexique-de-lenvironnement\/\">ISO 14001,<\/a> un syst\u00e8me de management environnemental qui l\u2019engage \u00e0 chercher chaque ann\u00e9e des moyens de progresser et de r\u00e9duire son impact sur l\u2019environnement. R\u00e9guli\u00e8rement, il se r\u00e9unit avec les autres producteurs qui ont opt\u00e9 pour cette certification, afin de discuter des am\u00e9liorations que chacun \u00e0 mis en place. Pour lui, le progr\u00e8s environnemental est une n\u00e9cessaire \u00e9vidence car il est tr\u00e8s sensible \u00e0 la pr\u00e9servation de l\u2019environnement, mais c\u2019est une pratique qui \u00e9volue lentement, car \u00ab\u00a0les bonnes d\u00e9marches restent de niche\u00a0\u00bb. Sa participation \u00e0 la <a href=\"https:\/\/www.larattedutouquet.com\/la-charte-qualite-ratte-du-touquet\/\">Charte Qualit\u00e9 <\/a>semblait donc logique.<\/p><p lang=\"fr-FR\" style=\"text-align: justify;\">Beno\u00eet aimerait que l\u2019on parle davantage de son m\u00e9tier, mais d\u00e9plore que \u00ab\u00a0ce soit tout de suite per\u00e7u comme une propagande. Il y a beaucoup de pr\u00e9jug\u00e9s et de mauvaises perceptions qui m\u00e9riteraient d\u2019\u00eatre expliqu\u00e9es, il faut prendre du temps pour l\u2019expliquer, sinon c\u2019est r\u00e9ducteur. Le travail de la ferme ne s\u2019\u00e9value pas sur une courte p\u00e9riode\u00a0\u00bb.<\/p><p lang=\"fr-FR\" style=\"text-align: justify;\">Les producteurs de pommes de terre renouvellent chaque ann\u00e9e leur engagement dans la Charte Qualit\u00e9. D\u00e9couvrez celui de <a href=\"https:\/\/www.larattedutouquet.com\/wp-content\/uploads\/2013\/06\/Benoit-Engagement-CQRDT-2015.pdf\" target=\"_blank\" rel=\"noopener\">Beno\u00eet.<\/a><\/p><p><div id='gallery-2' class='gallery galleryid-1472 gallery-columns-3 gallery-size-full'><figure class='gallery-item'>\n\t\t\t<div class='gallery-icon landscape'>\n\t\t\t\t<img width=\"180\" height=\"180\" src=\"https:\/\/p6006.phpnet.org\/larattedutouquetold\/wp-content\/uploads\/2016\/08\/benoit9.jpg\" class=\"attachment-full size-full\" alt=\"Jach\u00e8re fleurie pleine de phac\u00e9lie\" loading=\"lazy\" aria-describedby=\"gallery-2-1484\" srcset=\"https:\/\/p6006.phpnet.org\/larattedutouquetold\/wp-content\/uploads\/2016\/08\/benoit9.jpg 180w, https:\/\/p6006.phpnet.org\/larattedutouquetold\/wp-content\/uploads\/2016\/08\/benoit9-150x150.jpg 150w, https:\/\/p6006.phpnet.org\/larattedutouquetold\/wp-content\/uploads\/2016\/08\/benoit9-82x82.jpg 82w\" sizes=\"(max-width: 180px) 100vw, 180px\" \/>\n\t\t\t<\/div>\n\t\t\t\t<figcaption class='wp-caption-text gallery-caption' id='gallery-2-1484'>\n\t\t\t\tUne jach\u00e8re fleurie pleine de phac\u00e9lie \n\t\t\t\t<\/figcaption><\/figure><figure class='gallery-item'>\n\t\t\t<div class='gallery-icon landscape'>\n\t\t\t\t<img width=\"180\" height=\"180\" src=\"https:\/\/p6006.phpnet.org\/larattedutouquetold\/wp-content\/uploads\/2016\/08\/benoit8.jpg\" class=\"attachment-full size-full\" alt=\"Sac de Ratte du Touquet\" loading=\"lazy\" aria-describedby=\"gallery-2-1483\" srcset=\"https:\/\/p6006.phpnet.org\/larattedutouquetold\/wp-content\/uploads\/2016\/08\/benoit8.jpg 180w, https:\/\/p6006.phpnet.org\/larattedutouquetold\/wp-content\/uploads\/2016\/08\/benoit8-150x150.jpg 150w, https:\/\/p6006.phpnet.org\/larattedutouquetold\/wp-content\/uploads\/2016\/08\/benoit8-82x82.jpg 82w\" sizes=\"(max-width: 180px) 100vw, 180px\" \/>\n\t\t\t<\/div>\n\t\t\t\t<figcaption class='wp-caption-text gallery-caption' id='gallery-2-1483'>\n\t\t\t\tUn pr\u00e9l\u00e8vement dans son champ\n\t\t\t\t<\/figcaption><\/figure><figure class='gallery-item'>\n\t\t\t<div class='gallery-icon landscape'>\n\t\t\t\t<img width=\"180\" height=\"180\" src=\"https:\/\/p6006.phpnet.org\/larattedutouquetold\/wp-content\/uploads\/2016\/08\/Benoit7.jpg\" class=\"attachment-full size-full\" alt=\"Une haie plant\u00e9e en bordure de champ\" loading=\"lazy\" aria-describedby=\"gallery-2-1482\" srcset=\"https:\/\/p6006.phpnet.org\/larattedutouquetold\/wp-content\/uploads\/2016\/08\/Benoit7.jpg 180w, https:\/\/p6006.phpnet.org\/larattedutouquetold\/wp-content\/uploads\/2016\/08\/Benoit7-150x150.jpg 150w, https:\/\/p6006.phpnet.org\/larattedutouquetold\/wp-content\/uploads\/2016\/08\/Benoit7-82x82.jpg 82w\" sizes=\"(max-width: 180px) 100vw, 180px\" \/>\n\t\t\t<\/div>\n\t\t\t\t<figcaption class='wp-caption-text gallery-caption' id='gallery-2-1482'>\n\t\t\t\tUne haie plant\u00e9e en bordure de champ \n\t\t\t\t<\/figcaption><\/figure>\n\t\t<\/div>\n<\/p><p>&nbsp;<\/p><\/div>\n<\/div>\n\n\t<\/div>\n<\/section>\n<\/p>\n","protected":false},"excerpt":{"rendered":"<p>Beno\u00eet, l&rsquo;environnement en famille A 35 ans, Beno\u00eet est agriculteur depuis plus de 10 ans. Originaire de l\u2019Oise, il aime sa r\u00e9gion d\u2019accueil pour ses terres riches et son terroir. \u00ab\u00a0L\u2019agriculture y est tr\u00e8s changeante car il y a des diff\u00e9rences d\u2019altitude, on peut faire des cultures tr\u00e8s diversifi\u00e9es\u00a0\u00bb. Apr\u00e8s avoir pass\u00e9 son enfance dans [&hellip;]<\/p>\n","protected":false},"author":6,"featured_media":0,"parent":0,"menu_order":0,"comment_status":"closed","ping_status":"closed","template":"page-templates\/template-colonne.php","meta":{"wprm-recipe-roundup-name":[],"wprm-recipe-roundup-description":[]},"yoast_head":"<!-- This site is optimized with the Yoast SEO plugin v18.4.1 - https:\/\/yoast.com\/wordpress\/plugins\/seo\/ -->\n<title>Beno\u00eet, l&#039;environnement en famille<\/title>\n<meta name=\"description\" content=\"D\u00e9couvrez le portrait de Beno\u00eet, producteur passionn\u00e9 de la vari\u00e9t\u00e9 de pomme de terre la Ratte du Touquet. Bonne lecture !\" \/>\n<meta name=\"robots\" content=\"index, follow, max-snippet:-1, max-image-preview:large, max-video-preview:-1\" \/>\n<link rel=\"canonical\" href=\"https:\/\/p6006.phpnet.org\/larattedutouquetold\/benoit-environnement-en-famille\/\" \/>\n<meta property=\"og:locale\" content=\"fr_FR\" \/>\n<meta property=\"og:type\" content=\"article\" \/>\n<meta property=\"og:title\" content=\"Beno\u00eet, l&#039;environnement en famille\" \/>\n<meta property=\"og:description\" content=\"D\u00e9couvrez le portrait de Beno\u00eet, producteur passionn\u00e9 de la vari\u00e9t\u00e9 de pomme de terre la Ratte du Touquet. Bonne lecture !\" \/>\n<meta property=\"og:url\" content=\"https:\/\/p6006.phpnet.org\/larattedutouquetold\/benoit-environnement-en-famille\/\" \/>\n<meta property=\"og:site_name\" content=\"La pomme de terre des gastronomes\" \/>\n<meta property=\"article:modified_time\" content=\"2021-01-05T21:46:12+00:00\" \/>\n<meta property=\"og:image\" content=\"https:\/\/www.larattedutouquet.com\/wp-content\/uploads\/2016\/08\/Benoit1.jpg\" \/>\n<meta name=\"twitter:card\" content=\"summary\" \/>\n<meta name=\"twitter:label1\" content=\"Dur\u00e9e de lecture estim\u00e9e\" \/>\n\t<meta name=\"twitter:data1\" content=\"2 minutes\" \/>\n<script type=\"application\/ld+json\" class=\"yoast-schema-graph\">{\"@context\":\"https:\/\/schema.org\",\"@graph\":[{\"@type\":\"WebSite\",\"@id\":\"https:\/\/p6006.phpnet.org\/larattedutouquetold\/#website\",\"url\":\"https:\/\/p6006.phpnet.org\/larattedutouquetold\/\",\"name\":\"La pomme de terre des gastronomes\",\"description\":\"\",\"potentialAction\":[{\"@type\":\"SearchAction\",\"target\":{\"@type\":\"EntryPoint\",\"urlTemplate\":\"https:\/\/p6006.phpnet.org\/larattedutouquetold\/?s={search_term_string}\"},\"query-input\":\"required name=search_term_string\"}],\"inLanguage\":\"fr-FR\"},{\"@type\":\"ImageObject\",\"@id\":\"https:\/\/p6006.phpnet.org\/larattedutouquetold\/benoit-environnement-en-famille\/#primaryimage\",\"inLanguage\":\"fr-FR\",\"url\":\"https:\/\/www.larattedutouquet.com\/wp-content\/uploads\/2016\/08\/Benoit1.jpg\",\"contentUrl\":\"https:\/\/www.larattedutouquet.com\/wp-content\/uploads\/2016\/08\/Benoit1.jpg\"},{\"@type\":\"WebPage\",\"@id\":\"https:\/\/p6006.phpnet.org\/larattedutouquetold\/benoit-environnement-en-famille\/#webpage\",\"url\":\"https:\/\/p6006.phpnet.org\/larattedutouquetold\/benoit-environnement-en-famille\/\",\"name\":\"Beno\u00eet, l'environnement en famille\",\"isPartOf\":{\"@id\":\"https:\/\/p6006.phpnet.org\/larattedutouquetold\/#website\"},\"primaryImageOfPage\":{\"@id\":\"https:\/\/p6006.phpnet.org\/larattedutouquetold\/benoit-environnement-en-famille\/#primaryimage\"},\"datePublished\":\"2016-08-04T15:40:33+00:00\",\"dateModified\":\"2021-01-05T21:46:12+00:00\",\"description\":\"D\u00e9couvrez le portrait de Beno\u00eet, producteur passionn\u00e9 de la vari\u00e9t\u00e9 de pomme de terre la Ratte du Touquet. Bonne lecture !\",\"breadcrumb\":{\"@id\":\"https:\/\/p6006.phpnet.org\/larattedutouquetold\/benoit-environnement-en-famille\/#breadcrumb\"},\"inLanguage\":\"fr-FR\",\"potentialAction\":[{\"@type\":\"ReadAction\",\"target\":[\"https:\/\/p6006.phpnet.org\/larattedutouquetold\/benoit-environnement-en-famille\/\"]}]},{\"@type\":\"BreadcrumbList\",\"@id\":\"https:\/\/p6006.phpnet.org\/larattedutouquetold\/benoit-environnement-en-famille\/#breadcrumb\",\"itemListElement\":[{\"@type\":\"ListItem\",\"position\":1,\"name\":\"Accueil\",\"item\":\"https:\/\/p6006.phpnet.org\/larattedutouquetold\/\"},{\"@type\":\"ListItem\",\"position\":2,\"name\":\"Beno\u00eet, l&rsquo;environnement en famille\"}]}]}<\/script>\n<!-- \/ Yoast SEO plugin. -->","yoast_head_json":{"title":"Beno\u00eet, l'environnement en famille","description":"D\u00e9couvrez le portrait de Beno\u00eet, producteur passionn\u00e9 de la vari\u00e9t\u00e9 de pomme de terre la Ratte du Touquet. Bonne lecture !","robots":{"index":"index","follow":"follow","max-snippet":"max-snippet:-1","max-image-preview":"max-image-preview:large","max-video-preview":"max-video-preview:-1"},"canonical":"https:\/\/p6006.phpnet.org\/larattedutouquetold\/benoit-environnement-en-famille\/","og_locale":"fr_FR","og_type":"article","og_title":"Beno\u00eet, l'environnement en famille","og_description":"D\u00e9couvrez le portrait de Beno\u00eet, producteur passionn\u00e9 de la vari\u00e9t\u00e9 de pomme de terre la Ratte du Touquet. Bonne lecture !","og_url":"https:\/\/p6006.phpnet.org\/larattedutouquetold\/benoit-environnement-en-famille\/","og_site_name":"La pomme de terre des gastronomes","article_modified_time":"2021-01-05T21:46:12+00:00","og_image":[{"url":"https:\/\/www.larattedutouquet.com\/wp-content\/uploads\/2016\/08\/Benoit1.jpg"}],"twitter_card":"summary","twitter_misc":{"Dur\u00e9e de lecture estim\u00e9e":"2 minutes"},"schema":{"@context":"https:\/\/schema.org","@graph":[{"@type":"WebSite","@id":"https:\/\/p6006.phpnet.org\/larattedutouquetold\/#website","url":"https:\/\/p6006.phpnet.org\/larattedutouquetold\/","name":"La pomme de terre des gastronomes","description":"","potentialAction":[{"@type":"SearchAction","target":{"@type":"EntryPoint","urlTemplate":"https:\/\/p6006.phpnet.org\/larattedutouquetold\/?s={search_term_string}"},"query-input":"required name=search_term_string"}],"inLanguage":"fr-FR"},{"@type":"ImageObject","@id":"https:\/\/p6006.phpnet.org\/larattedutouquetold\/benoit-environnement-en-famille\/#primaryimage","inLanguage":"fr-FR","url":"https:\/\/www.larattedutouquet.com\/wp-content\/uploads\/2016\/08\/Benoit1.jpg","contentUrl":"https:\/\/www.larattedutouquet.com\/wp-content\/uploads\/2016\/08\/Benoit1.jpg"},{"@type":"WebPage","@id":"https:\/\/p6006.phpnet.org\/larattedutouquetold\/benoit-environnement-en-famille\/#webpage","url":"https:\/\/p6006.phpnet.org\/larattedutouquetold\/benoit-environnement-en-famille\/","name":"Beno\u00eet, l'environnement en famille","isPartOf":{"@id":"https:\/\/p6006.phpnet.org\/larattedutouquetold\/#website"},"primaryImageOfPage":{"@id":"https:\/\/p6006.phpnet.org\/larattedutouquetold\/benoit-environnement-en-famille\/#primaryimage"},"datePublished":"2016-08-04T15:40:33+00:00","dateModified":"2021-01-05T21:46:12+00:00","description":"D\u00e9couvrez le portrait de Beno\u00eet, producteur passionn\u00e9 de la vari\u00e9t\u00e9 de pomme de terre la Ratte du Touquet. Bonne lecture !","breadcrumb":{"@id":"https:\/\/p6006.phpnet.org\/larattedutouquetold\/benoit-environnement-en-famille\/#breadcrumb"},"inLanguage":"fr-FR","potentialAction":[{"@type":"ReadAction","target":["https:\/\/p6006.phpnet.org\/larattedutouquetold\/benoit-environnement-en-famille\/"]}]},{"@type":"BreadcrumbList","@id":"https:\/\/p6006.phpnet.org\/larattedutouquetold\/benoit-environnement-en-famille\/#breadcrumb","itemListElement":[{"@type":"ListItem","position":1,"name":"Accueil","item":"https:\/\/p6006.phpnet.org\/larattedutouquetold\/"},{"@type":"ListItem","position":2,"name":"Beno\u00eet, l&rsquo;environnement en famille"}]}]}},"_links":{"self":[{"href":"https:\/\/p6006.phpnet.org\/larattedutouquetold\/wp-json\/wp\/v2\/pages\/1472"}],"collection":[{"href":"https:\/\/p6006.phpnet.org\/larattedutouquetold\/wp-json\/wp\/v2\/pages"}],"about":[{"href":"https:\/\/p6006.phpnet.org\/larattedutouquetold\/wp-json\/wp\/v2\/types\/page"}],"author":[{"embeddable":true,"href":"https:\/\/p6006.phpnet.org\/larattedutouquetold\/wp-json\/wp\/v2\/users\/6"}],"replies":[{"embeddable":true,"href":"https:\/\/p6006.phpnet.org\/larattedutouquetold\/wp-json\/wp\/v2\/comments?post=1472"}],"version-history":[{"count":1,"href":"https:\/\/p6006.phpnet.org\/larattedutouquetold\/wp-json\/wp\/v2\/pages\/1472\/revisions"}],"predecessor-version":[{"id":5633,"href":"https:\/\/p6006.phpnet.org\/larattedutouquetold\/wp-json\/wp\/v2\/pages\/1472\/revisions\/5633"}],"wp:attachment":[{"href":"https:\/\/p6006.phpnet.org\/larattedutouquetold\/wp-json\/wp\/v2\/media?parent=1472"}],"curies":[{"name":"wp","href":"https:\/\/api.w.org\/{rel}","templated":true}]}}