{"id":1513,"date":"2016-08-04T18:19:25","date_gmt":"2016-08-04T16:19:25","guid":{"rendered":"https:\/\/www.larattedutouquet.com\/?page_id=1513"},"modified":"2021-03-31T17:05:35","modified_gmt":"2021-03-31T15:05:35","slug":"georges-le-specialiste-des-varietes","status":"publish","type":"page","link":"https:\/\/p6006.phpnet.org\/larattedutouquetold\/georges-le-specialiste-des-varietes\/","title":{"rendered":"Georges, le sp\u00e9cialiste des vari\u00e9t\u00e9s"},"content":{"rendered":"<p>\t\t<section  class=\"ht-section \"  >\n\t\t\n\t<div class=\"container\">\n\t\t\t\t\t\n\t\t\n<div class=\"fw-row\">\n\t<div class=\"fw-col-xs-12 \" >\n\t<div class=\"fw-heading fw-heading-h1 fw-heading-center\">\n\t\t<h1 class='fw-special-title'>Georges, le sp\u00e9cialiste des vari\u00e9t\u00e9s<\/h1>\t<\/div><\/div>\n<\/div>\n\n\n<div class=\"fw-row\">\n\t<div class=\"fw-col-xs-12 \" >\n\t<div class=\"video-wrapper shortcode-container\">\n\t<iframe width=\"680\" height=\"383\" src=\"https:\/\/www.youtube.com\/embed\/facbxG6SYNU?feature=oembed\" frameborder=\"0\" allowfullscreen><\/iframe><\/div>\n<\/div>\n<\/div>\n\n\t<\/div>\n<\/section>\n\t\t<section  class=\"ht-section \"  >\n\t\t\n\t<div class=\"container\">\n\t\t\t\t\t\n\t\t\n<div class=\"fw-row\">\n\t<div class=\"fw-col-xs-12 \" >\n\t<p lang=\"fr-FR\" style=\"text-align: justify;\">A 42 ans, Georges a d\u00e9cid\u00e9 de rejoindre les producteurs de pommes de terre Ratte du Touquet car il aime cultiver des l\u00e9gumes de niche. Dans son exploitation du Pas-de-Calais, il plante pas moins de 16 vari\u00e9t\u00e9s diff\u00e9rentes de pommes de terre, dont plusieurs rares et anciennes. Naturellement curieux, il pr\u00e9f\u00e8re cultiver de petites surfaces \u00e0 valeur ajout\u00e9e \u00ab\u00a0pour faire moins mais mieux\u00a0\u00bb. C\u2019est \u00e0 la fois une mani\u00e8re de limiter les risques (on n\u2019est jamais \u00e0 l\u2019abri d\u2019une mauvaise ann\u00e9e pour telle ou telle autre vari\u00e9t\u00e9 de pomme de terre), et la cons\u00e9quence d\u2019un go\u00fbt pour la diversit\u00e9 et les d\u00e9fis.<\/p><p lang=\"fr-FR\" style=\"text-align: justify;\">En plus des pommes de terre, son exploitation h\u00e9berge de nombreux l\u00e9gumes (pois, haricots, oignons, \u00e9pinards, betteraves rouges\u2026. \u00ab Ce sont des cultures qui ont des contraintes plus grandes que les c\u00e9r\u00e9ales, elles demandent plus d\u2019entretien, des moyens techniques et humains plus importants. Mais elles poussent \u00e0 se remettre en cause, et \u00e0 l\u2019arriv\u00e9e, ce sont des produits valorisants, plus fins, dont on retire de la fiert\u00e9 \u00bb.<\/p><p><div id='gallery-1' class='gallery galleryid-1513 gallery-columns-3 gallery-size-full'><figure class='gallery-item'>\n\t\t\t<div class='gallery-icon landscape'>\n\t\t\t\t<img width=\"180\" height=\"180\" src=\"https:\/\/p6006.phpnet.org\/larattedutouquetold\/wp-content\/uploads\/2016\/08\/Georgesvi1.jpg\" class=\"attachment-full size-full\" alt=\"Georges, producteur de Ratte du Touquet\" loading=\"lazy\" aria-describedby=\"gallery-1-1514\" srcset=\"https:\/\/p6006.phpnet.org\/larattedutouquetold\/wp-content\/uploads\/2016\/08\/Georgesvi1.jpg 180w, https:\/\/p6006.phpnet.org\/larattedutouquetold\/wp-content\/uploads\/2016\/08\/Georgesvi1-150x150.jpg 150w, https:\/\/p6006.phpnet.org\/larattedutouquetold\/wp-content\/uploads\/2016\/08\/Georgesvi1-82x82.jpg 82w\" sizes=\"(max-width: 180px) 100vw, 180px\" \/>\n\t\t\t<\/div>\n\t\t\t\t<figcaption class='wp-caption-text gallery-caption' id='gallery-1-1514'>\n\t\t\t\tGeorges dans son champ peu apr\u00e8s la plantation \n\t\t\t\t<\/figcaption><\/figure><figure class='gallery-item'>\n\t\t\t<div class='gallery-icon landscape'>\n\t\t\t\t<img width=\"180\" height=\"180\" src=\"https:\/\/p6006.phpnet.org\/larattedutouquetold\/wp-content\/uploads\/2016\/08\/Georgesvi4.jpg\" class=\"attachment-full size-full\" alt=\"Exploitation de Georges, producteur de Ratte du Touquet\" loading=\"lazy\" aria-describedby=\"gallery-1-1516\" srcset=\"https:\/\/p6006.phpnet.org\/larattedutouquetold\/wp-content\/uploads\/2016\/08\/Georgesvi4.jpg 180w, https:\/\/p6006.phpnet.org\/larattedutouquetold\/wp-content\/uploads\/2016\/08\/Georgesvi4-150x150.jpg 150w, https:\/\/p6006.phpnet.org\/larattedutouquetold\/wp-content\/uploads\/2016\/08\/Georgesvi4-82x82.jpg 82w\" sizes=\"(max-width: 180px) 100vw, 180px\" \/>\n\t\t\t<\/div>\n\t\t\t\t<figcaption class='wp-caption-text gallery-caption' id='gallery-1-1516'>\n\t\t\t\tLe corps de ferme\n\t\t\t\t<\/figcaption><\/figure><figure class='gallery-item'>\n\t\t\t<div class='gallery-icon landscape'>\n\t\t\t\t<img width=\"180\" height=\"180\" src=\"https:\/\/p6006.phpnet.org\/larattedutouquetold\/wp-content\/uploads\/2016\/08\/Georgesvi3.jpg\" class=\"attachment-full size-full\" alt=\"Champs de Ratte du Touquet de Georges\" loading=\"lazy\" aria-describedby=\"gallery-1-1515\" srcset=\"https:\/\/p6006.phpnet.org\/larattedutouquetold\/wp-content\/uploads\/2016\/08\/Georgesvi3.jpg 180w, https:\/\/p6006.phpnet.org\/larattedutouquetold\/wp-content\/uploads\/2016\/08\/Georgesvi3-150x150.jpg 150w, https:\/\/p6006.phpnet.org\/larattedutouquetold\/wp-content\/uploads\/2016\/08\/Georgesvi3-82x82.jpg 82w\" sizes=\"(max-width: 180px) 100vw, 180px\" \/>\n\t\t\t<\/div>\n\t\t\t\t<figcaption class='wp-caption-text gallery-caption' id='gallery-1-1515'>\n\t\t\t\tIl a plant\u00e9 7 ha de Ratte cette ann\u00e9e\n\t\t\t\t<\/figcaption><\/figure>\n\t\t<\/div>\n<\/p><p lang=\"fr-FR\" style=\"text-align: justify;\">Son exploitation inclut plusieurs plans d\u2019eau qu\u2019il entretien r\u00e9guli\u00e8rement. \u00ab\u00a0Ils ont plusieurs avantages : \u00e7a permet d\u2019une part de r\u00e9cup\u00e9rer et de collecter l \u2018eau de pluie pendant l\u2019hiver, et donc de moins utiliser l\u2019eau des nappes phr\u00e9atiques. Et d\u2019autres part, on peut arroser les pommes de terre avec de l\u2019eau \u00e0 temp\u00e9rature ambiante et \u00e9viter de cr\u00e9er du stress hydrique. Il met \u00e9galement en place d\u2019autres initiatives pour pr\u00e9server l\u2019environnement : entretien de bandes enherb\u00e9es, plantation de haies et d\u2019arbres, installations d\u2019agrainoirs, plantation de jach\u00e8res apicoles en lien avec le <a href=\"http:\/\/www.reseau-biodiversite-abeilles.com\/\" target=\"_blank\" rel=\"noopener\">R\u00e9seau Biodiversit\u00e9 pour les Abeilles<\/a>.<\/p><p lang=\"fr-FR\" style=\"text-align: justify;\">\u00ab\u00a0Je me retrouve tout \u00e0 fait dans la Charte Qualit\u00e9 mise en place par les producteurs : c\u2019est du bon sens agricole, ce que tout le monde devrait faire. Elle permet de cr\u00e9er un lien personnalis\u00e9 entre producteurs et consommateurs. \u00a0\u00bb Georges aime la diversit\u00e9 de son travail : les moments de solitude face \u00e0 la nature et les moments de partage. Il est tout le temps en contact avec son environnement : les habitants du village et les agriculteurs retrait\u00e9s qui passent dans l\u2019exploitation, les groupes scolaires qui viennent visiter.<\/p><h1 lang=\"fr-FR\" style=\"text-align: center;\">\u00ab\u00a0La Ratte, c\u2019est mieux que du champagne premier cru !\u00a0\u00bb<\/h1><p style=\"text-align: justify;\">\u00ab\u00a0Je trouve important de d\u00e9velopper des pommes de terre anciennes, qui ont du go\u00fbt, comme la Ratte du Touquet. \u00c7a montre un v\u00e9ritable souci du client. la Ratte est une vari\u00e9t\u00e9 int\u00e9ressante \u00e0 cultiver parce qu\u2019on rel\u00e8ve chaque fois un d\u00e9fi technique. C\u2019est une vrai fiert\u00e9. J\u2019en mangeais enfant en famille. Pour moi elle est synonyme de f\u00eate.\u00a0\u00bb<\/p><p style=\"text-align: justify;\">Les producteurs renouvellent chaque ann\u00e9e leur engagement dans la Charte Qualit\u00e9. D\u00e9couvrez celui de <a href=\"https:\/\/www.larattedutouquet.com\/wp-content\/uploads\/2013\/06\/Georges-Engagement-CQRDT-2015.pdf\" target=\"_blank\" rel=\"noopener\">Georges.<\/a><\/p><p><div id='gallery-2' class='gallery galleryid-1513 gallery-columns-3 gallery-size-full'><figure class='gallery-item'>\n\t\t\t<div class='gallery-icon landscape'>\n\t\t\t\t<img width=\"180\" height=\"180\" src=\"https:\/\/p6006.phpnet.org\/larattedutouquetold\/wp-content\/uploads\/2016\/08\/Georgesvi5.jpg\" class=\"attachment-full size-full\" alt=\"Plantation de Ratte du Touquet en avril\" loading=\"lazy\" aria-describedby=\"gallery-2-1518\" srcset=\"https:\/\/p6006.phpnet.org\/larattedutouquetold\/wp-content\/uploads\/2016\/08\/Georgesvi5.jpg 180w, https:\/\/p6006.phpnet.org\/larattedutouquetold\/wp-content\/uploads\/2016\/08\/Georgesvi5-150x150.jpg 150w, https:\/\/p6006.phpnet.org\/larattedutouquetold\/wp-content\/uploads\/2016\/08\/Georgesvi5-82x82.jpg 82w\" sizes=\"(max-width: 180px) 100vw, 180px\" \/>\n\t\t\t<\/div>\n\t\t\t\t<figcaption class='wp-caption-text gallery-caption' id='gallery-2-1518'>\n\t\t\t\tLa plantation au mois d\u2019avril\n\t\t\t\t<\/figcaption><\/figure><figure class='gallery-item'>\n\t\t\t<div class='gallery-icon landscape'>\n\t\t\t\t<img width=\"180\" height=\"180\" src=\"https:\/\/p6006.phpnet.org\/larattedutouquetold\/wp-content\/uploads\/2016\/08\/Georgesvi2.jpg\" class=\"attachment-full size-full\" alt=\"Une abeille dans une jach\u00e8re de Ratte du Touquet\" loading=\"lazy\" aria-describedby=\"gallery-2-1517\" srcset=\"https:\/\/p6006.phpnet.org\/larattedutouquetold\/wp-content\/uploads\/2016\/08\/Georgesvi2.jpg 180w, https:\/\/p6006.phpnet.org\/larattedutouquetold\/wp-content\/uploads\/2016\/08\/Georgesvi2-150x150.jpg 150w, https:\/\/p6006.phpnet.org\/larattedutouquetold\/wp-content\/uploads\/2016\/08\/Georgesvi2-82x82.jpg 82w\" sizes=\"(max-width: 180px) 100vw, 180px\" \/>\n\t\t\t<\/div>\n\t\t\t\t<figcaption class='wp-caption-text gallery-caption' id='gallery-2-1517'>\n\t\t\t\tUne abeille dans une jach\u00e8re\n\t\t\t\t<\/figcaption><\/figure><figure class='gallery-item'>\n\t\t\t<div class='gallery-icon landscape'>\n\t\t\t\t<img width=\"180\" height=\"180\" src=\"https:\/\/p6006.phpnet.org\/larattedutouquetold\/wp-content\/uploads\/2016\/08\/Georgesvi6.jpg\" class=\"attachment-full size-full\" alt=\"Georges, producteur de Ratte du Touquet\" loading=\"lazy\" aria-describedby=\"gallery-2-1519\" srcset=\"https:\/\/p6006.phpnet.org\/larattedutouquetold\/wp-content\/uploads\/2016\/08\/Georgesvi6.jpg 180w, https:\/\/p6006.phpnet.org\/larattedutouquetold\/wp-content\/uploads\/2016\/08\/Georgesvi6-150x150.jpg 150w, https:\/\/p6006.phpnet.org\/larattedutouquetold\/wp-content\/uploads\/2016\/08\/Georgesvi6-82x82.jpg 82w\" sizes=\"(max-width: 180px) 100vw, 180px\" \/>\n\t\t\t<\/div>\n\t\t\t\t<figcaption class='wp-caption-text gallery-caption' id='gallery-2-1519'>\n\t\t\t\tDans son exploitation avec son chien\n\t\t\t\t<\/figcaption><\/figure>\n\t\t<\/div>\n<\/p><\/div>\n<\/div>\n\n\t<\/div>\n<\/section>\n<\/p>\n","protected":false},"excerpt":{"rendered":"<p>Georges, le sp\u00e9cialiste des vari\u00e9t\u00e9s A 42 ans, Georges a d\u00e9cid\u00e9 de rejoindre les producteurs de pommes de terre Ratte du Touquet car il aime cultiver des l\u00e9gumes de niche. Dans son exploitation du Pas-de-Calais, il plante pas moins de 16 vari\u00e9t\u00e9s diff\u00e9rentes de pommes de terre, dont plusieurs rares et anciennes. Naturellement curieux, il [&hellip;]<\/p>\n","protected":false},"author":6,"featured_media":0,"parent":0,"menu_order":0,"comment_status":"closed","ping_status":"closed","template":"page-templates\/template-colonne.php","meta":{"wprm-recipe-roundup-name":[],"wprm-recipe-roundup-description":[]},"yoast_head":"<!-- This site is optimized with the Yoast SEO plugin v18.4.1 - https:\/\/yoast.com\/wordpress\/plugins\/seo\/ -->\n<title>Georges, le sp\u00e9cialiste des vari\u00e9t\u00e9s<\/title>\n<meta name=\"description\" content=\"D\u00e9couvrez le portrait de Georges, producteur passionn\u00e9 de la variet\u00e9 de pommes de terre la Ratte du Touquet. Bonne d\u00e9couverte !\" \/>\n<meta name=\"robots\" content=\"index, follow, max-snippet:-1, max-image-preview:large, max-video-preview:-1\" \/>\n<link rel=\"canonical\" href=\"https:\/\/p6006.phpnet.org\/larattedutouquetold\/georges-le-specialiste-des-varietes\/\" \/>\n<meta property=\"og:locale\" content=\"fr_FR\" \/>\n<meta property=\"og:type\" content=\"article\" \/>\n<meta property=\"og:title\" content=\"Georges, le sp\u00e9cialiste des vari\u00e9t\u00e9s\" \/>\n<meta property=\"og:description\" content=\"D\u00e9couvrez le portrait de Georges, producteur passionn\u00e9 de la variet\u00e9 de pommes de terre la Ratte du Touquet. Bonne d\u00e9couverte !\" \/>\n<meta property=\"og:url\" content=\"https:\/\/p6006.phpnet.org\/larattedutouquetold\/georges-le-specialiste-des-varietes\/\" \/>\n<meta property=\"og:site_name\" content=\"La pomme de terre des gastronomes\" \/>\n<meta property=\"article:modified_time\" content=\"2021-03-31T15:05:35+00:00\" \/>\n<meta property=\"og:image\" content=\"https:\/\/www.larattedutouquet.com\/wp-content\/uploads\/2016\/08\/Georgesvi1.jpg\" \/>\n<meta name=\"twitter:card\" content=\"summary\" \/>\n<meta name=\"twitter:label1\" content=\"Dur\u00e9e de lecture estim\u00e9e\" \/>\n\t<meta name=\"twitter:data1\" content=\"3 minutes\" \/>\n<script type=\"application\/ld+json\" class=\"yoast-schema-graph\">{\"@context\":\"https:\/\/schema.org\",\"@graph\":[{\"@type\":\"WebSite\",\"@id\":\"https:\/\/p6006.phpnet.org\/larattedutouquetold\/#website\",\"url\":\"https:\/\/p6006.phpnet.org\/larattedutouquetold\/\",\"name\":\"La pomme de terre des gastronomes\",\"description\":\"\",\"potentialAction\":[{\"@type\":\"SearchAction\",\"target\":{\"@type\":\"EntryPoint\",\"urlTemplate\":\"https:\/\/p6006.phpnet.org\/larattedutouquetold\/?s={search_term_string}\"},\"query-input\":\"required name=search_term_string\"}],\"inLanguage\":\"fr-FR\"},{\"@type\":\"ImageObject\",\"@id\":\"https:\/\/p6006.phpnet.org\/larattedutouquetold\/georges-le-specialiste-des-varietes\/#primaryimage\",\"inLanguage\":\"fr-FR\",\"url\":\"https:\/\/www.larattedutouquet.com\/wp-content\/uploads\/2016\/08\/Georgesvi1.jpg\",\"contentUrl\":\"https:\/\/www.larattedutouquet.com\/wp-content\/uploads\/2016\/08\/Georgesvi1.jpg\"},{\"@type\":\"WebPage\",\"@id\":\"https:\/\/p6006.phpnet.org\/larattedutouquetold\/georges-le-specialiste-des-varietes\/#webpage\",\"url\":\"https:\/\/p6006.phpnet.org\/larattedutouquetold\/georges-le-specialiste-des-varietes\/\",\"name\":\"Georges, le sp\u00e9cialiste des vari\u00e9t\u00e9s\",\"isPartOf\":{\"@id\":\"https:\/\/p6006.phpnet.org\/larattedutouquetold\/#website\"},\"primaryImageOfPage\":{\"@id\":\"https:\/\/p6006.phpnet.org\/larattedutouquetold\/georges-le-specialiste-des-varietes\/#primaryimage\"},\"datePublished\":\"2016-08-04T16:19:25+00:00\",\"dateModified\":\"2021-03-31T15:05:35+00:00\",\"description\":\"D\u00e9couvrez le portrait de Georges, producteur passionn\u00e9 de la variet\u00e9 de pommes de terre la Ratte du Touquet. Bonne d\u00e9couverte !\",\"breadcrumb\":{\"@id\":\"https:\/\/p6006.phpnet.org\/larattedutouquetold\/georges-le-specialiste-des-varietes\/#breadcrumb\"},\"inLanguage\":\"fr-FR\",\"potentialAction\":[{\"@type\":\"ReadAction\",\"target\":[\"https:\/\/p6006.phpnet.org\/larattedutouquetold\/georges-le-specialiste-des-varietes\/\"]}]},{\"@type\":\"BreadcrumbList\",\"@id\":\"https:\/\/p6006.phpnet.org\/larattedutouquetold\/georges-le-specialiste-des-varietes\/#breadcrumb\",\"itemListElement\":[{\"@type\":\"ListItem\",\"position\":1,\"name\":\"Accueil\",\"item\":\"https:\/\/p6006.phpnet.org\/larattedutouquetold\/\"},{\"@type\":\"ListItem\",\"position\":2,\"name\":\"Georges, le sp\u00e9cialiste des vari\u00e9t\u00e9s\"}]}]}<\/script>\n<!-- \/ Yoast SEO plugin. -->","yoast_head_json":{"title":"Georges, le sp\u00e9cialiste des vari\u00e9t\u00e9s","description":"D\u00e9couvrez le portrait de Georges, producteur passionn\u00e9 de la variet\u00e9 de pommes de terre la Ratte du Touquet. Bonne d\u00e9couverte !","robots":{"index":"index","follow":"follow","max-snippet":"max-snippet:-1","max-image-preview":"max-image-preview:large","max-video-preview":"max-video-preview:-1"},"canonical":"https:\/\/p6006.phpnet.org\/larattedutouquetold\/georges-le-specialiste-des-varietes\/","og_locale":"fr_FR","og_type":"article","og_title":"Georges, le sp\u00e9cialiste des vari\u00e9t\u00e9s","og_description":"D\u00e9couvrez le portrait de Georges, producteur passionn\u00e9 de la variet\u00e9 de pommes de terre la Ratte du Touquet. Bonne d\u00e9couverte !","og_url":"https:\/\/p6006.phpnet.org\/larattedutouquetold\/georges-le-specialiste-des-varietes\/","og_site_name":"La pomme de terre des gastronomes","article_modified_time":"2021-03-31T15:05:35+00:00","og_image":[{"url":"https:\/\/www.larattedutouquet.com\/wp-content\/uploads\/2016\/08\/Georgesvi1.jpg"}],"twitter_card":"summary","twitter_misc":{"Dur\u00e9e de lecture estim\u00e9e":"3 minutes"},"schema":{"@context":"https:\/\/schema.org","@graph":[{"@type":"WebSite","@id":"https:\/\/p6006.phpnet.org\/larattedutouquetold\/#website","url":"https:\/\/p6006.phpnet.org\/larattedutouquetold\/","name":"La pomme de terre des gastronomes","description":"","potentialAction":[{"@type":"SearchAction","target":{"@type":"EntryPoint","urlTemplate":"https:\/\/p6006.phpnet.org\/larattedutouquetold\/?s={search_term_string}"},"query-input":"required name=search_term_string"}],"inLanguage":"fr-FR"},{"@type":"ImageObject","@id":"https:\/\/p6006.phpnet.org\/larattedutouquetold\/georges-le-specialiste-des-varietes\/#primaryimage","inLanguage":"fr-FR","url":"https:\/\/www.larattedutouquet.com\/wp-content\/uploads\/2016\/08\/Georgesvi1.jpg","contentUrl":"https:\/\/www.larattedutouquet.com\/wp-content\/uploads\/2016\/08\/Georgesvi1.jpg"},{"@type":"WebPage","@id":"https:\/\/p6006.phpnet.org\/larattedutouquetold\/georges-le-specialiste-des-varietes\/#webpage","url":"https:\/\/p6006.phpnet.org\/larattedutouquetold\/georges-le-specialiste-des-varietes\/","name":"Georges, le sp\u00e9cialiste des vari\u00e9t\u00e9s","isPartOf":{"@id":"https:\/\/p6006.phpnet.org\/larattedutouquetold\/#website"},"primaryImageOfPage":{"@id":"https:\/\/p6006.phpnet.org\/larattedutouquetold\/georges-le-specialiste-des-varietes\/#primaryimage"},"datePublished":"2016-08-04T16:19:25+00:00","dateModified":"2021-03-31T15:05:35+00:00","description":"D\u00e9couvrez le portrait de Georges, producteur passionn\u00e9 de la variet\u00e9 de pommes de terre la Ratte du Touquet. Bonne d\u00e9couverte !","breadcrumb":{"@id":"https:\/\/p6006.phpnet.org\/larattedutouquetold\/georges-le-specialiste-des-varietes\/#breadcrumb"},"inLanguage":"fr-FR","potentialAction":[{"@type":"ReadAction","target":["https:\/\/p6006.phpnet.org\/larattedutouquetold\/georges-le-specialiste-des-varietes\/"]}]},{"@type":"BreadcrumbList","@id":"https:\/\/p6006.phpnet.org\/larattedutouquetold\/georges-le-specialiste-des-varietes\/#breadcrumb","itemListElement":[{"@type":"ListItem","position":1,"name":"Accueil","item":"https:\/\/p6006.phpnet.org\/larattedutouquetold\/"},{"@type":"ListItem","position":2,"name":"Georges, le sp\u00e9cialiste des vari\u00e9t\u00e9s"}]}]}},"_links":{"self":[{"href":"https:\/\/p6006.phpnet.org\/larattedutouquetold\/wp-json\/wp\/v2\/pages\/1513"}],"collection":[{"href":"https:\/\/p6006.phpnet.org\/larattedutouquetold\/wp-json\/wp\/v2\/pages"}],"about":[{"href":"https:\/\/p6006.phpnet.org\/larattedutouquetold\/wp-json\/wp\/v2\/types\/page"}],"author":[{"embeddable":true,"href":"https:\/\/p6006.phpnet.org\/larattedutouquetold\/wp-json\/wp\/v2\/users\/6"}],"replies":[{"embeddable":true,"href":"https:\/\/p6006.phpnet.org\/larattedutouquetold\/wp-json\/wp\/v2\/comments?post=1513"}],"version-history":[{"count":2,"href":"https:\/\/p6006.phpnet.org\/larattedutouquetold\/wp-json\/wp\/v2\/pages\/1513\/revisions"}],"predecessor-version":[{"id":5707,"href":"https:\/\/p6006.phpnet.org\/larattedutouquetold\/wp-json\/wp\/v2\/pages\/1513\/revisions\/5707"}],"wp:attachment":[{"href":"https:\/\/p6006.phpnet.org\/larattedutouquetold\/wp-json\/wp\/v2\/media?parent=1513"}],"curies":[{"name":"wp","href":"https:\/\/api.w.org\/{rel}","templated":true}]}}