{"id":1523,"date":"2016-08-04T18:23:32","date_gmt":"2016-08-04T16:23:32","guid":{"rendered":"https:\/\/www.larattedutouquet.com\/?page_id=1523"},"modified":"2020-09-30T09:11:29","modified_gmt":"2020-09-30T07:11:29","slug":"marc-antoine-le-protecteur-des-animaux","status":"publish","type":"page","link":"https:\/\/p6006.phpnet.org\/larattedutouquetold\/marc-antoine-le-protecteur-des-animaux\/","title":{"rendered":"Marc-Antoine, le protecteur des animaux"},"content":{"rendered":"<p>\t\t<section  class=\"ht-section \"  >\n\t\t\n\t<div class=\"container\">\n\t\t\t\t\t\n\t\t\n<div class=\"fw-row\">\n\t<div class=\"fw-col-xs-12 \" >\n\t<div class=\"fw-heading fw-heading-h1 fw-heading-center\">\n\t\t<h1 class='fw-special-title'>Marc-Antoine, le protecteur des animaux<\/h1>\t<\/div><\/div>\n<\/div>\n\n\n<div class=\"fw-row\">\n\t<div class=\"fw-col-xs-12 \" >\n\t<div class=\"video-wrapper shortcode-container\">\n\t<iframe width=\"680\" height=\"383\" src=\"https:\/\/www.youtube.com\/embed\/aaiSMW2dLP8?feature=oembed\" frameborder=\"0\" allowfullscreen><\/iframe><\/div>\n<\/div>\n<\/div>\n\n\t<\/div>\n<\/section>\n\t\t<section  class=\"ht-section \"  >\n\t\t\n\t<div class=\"container\">\n\t\t\t\t\t\n\t\t\n<div class=\"fw-row\">\n\t<div class=\"fw-col-xs-12 \" >\n\t<p style=\"text-align: justify;\">Marc-Antoine est agriculteur depuis 13 ans. Ce passionn\u00e9 de nature \u00e2g\u00e9 de 40 ans, est associ\u00e9 avec un ami et des cousins, qui ont tous grandi dans les exploitations de leurs parents. Sa famille a d\u00e9couvert la pomme de terre Ratte du Touquet \u00e0 ses d\u00e9buts, lorsque Dominique Dequidt organisait des chantiers de ramassage \u00e0 la main, et s\u2019est lanc\u00e9e dans la m\u00e9canisation de la vari\u00e9t\u00e9. Aujourd\u2019hui, il cultive 48 hectares de Ratte du Touquet.<\/p><p><div id='gallery-1' class='gallery galleryid-1523 gallery-columns-3 gallery-size-full'><figure class='gallery-item'>\n\t\t\t<div class='gallery-icon landscape'>\n\t\t\t\t<img width=\"180\" height=\"180\" src=\"https:\/\/p6006.phpnet.org\/larattedutouquetold\/wp-content\/uploads\/2016\/08\/MA4.jpg\" class=\"attachment-full size-full\" alt=\"Marc-Antoine, producteur de Ratte du Touquet\" loading=\"lazy\" aria-describedby=\"gallery-1-1525\" srcset=\"https:\/\/p6006.phpnet.org\/larattedutouquetold\/wp-content\/uploads\/2016\/08\/MA4.jpg 180w, https:\/\/p6006.phpnet.org\/larattedutouquetold\/wp-content\/uploads\/2016\/08\/MA4-150x150.jpg 150w, https:\/\/p6006.phpnet.org\/larattedutouquetold\/wp-content\/uploads\/2016\/08\/MA4-82x82.jpg 82w\" sizes=\"(max-width: 180px) 100vw, 180px\" \/>\n\t\t\t<\/div>\n\t\t\t\t<figcaption class='wp-caption-text gallery-caption' id='gallery-1-1525'>\n\t\t\t\tMarc-Antoine dans sa jach\u00e8re\n\t\t\t\t<\/figcaption><\/figure><figure class='gallery-item'>\n\t\t\t<div class='gallery-icon landscape'>\n\t\t\t\t<img width=\"180\" height=\"180\" src=\"https:\/\/p6006.phpnet.org\/larattedutouquetold\/wp-content\/uploads\/2016\/08\/MA5.jpg\" class=\"attachment-full size-full\" alt=\"Champs de Ratte du Touquet\" loading=\"lazy\" aria-describedby=\"gallery-1-1526\" srcset=\"https:\/\/p6006.phpnet.org\/larattedutouquetold\/wp-content\/uploads\/2016\/08\/MA5.jpg 180w, https:\/\/p6006.phpnet.org\/larattedutouquetold\/wp-content\/uploads\/2016\/08\/MA5-150x150.jpg 150w, https:\/\/p6006.phpnet.org\/larattedutouquetold\/wp-content\/uploads\/2016\/08\/MA5-82x82.jpg 82w\" sizes=\"(max-width: 180px) 100vw, 180px\" \/>\n\t\t\t<\/div>\n\t\t\t\t<figcaption class='wp-caption-text gallery-caption' id='gallery-1-1526'>\n\t\t\t\tSon champ de Ratte\n\t\t\t\t<\/figcaption><\/figure><figure class='gallery-item'>\n\t\t\t<div class='gallery-icon landscape'>\n\t\t\t\t<img width=\"180\" height=\"180\" src=\"https:\/\/p6006.phpnet.org\/larattedutouquetold\/wp-content\/uploads\/2016\/08\/MA2.jpg\" class=\"attachment-full size-full\" alt=\"Exploitation de Georges, producteur de Ratte du Touquet\" loading=\"lazy\" aria-describedby=\"gallery-1-1524\" srcset=\"https:\/\/p6006.phpnet.org\/larattedutouquetold\/wp-content\/uploads\/2016\/08\/MA2.jpg 180w, https:\/\/p6006.phpnet.org\/larattedutouquetold\/wp-content\/uploads\/2016\/08\/MA2-150x150.jpg 150w, https:\/\/p6006.phpnet.org\/larattedutouquetold\/wp-content\/uploads\/2016\/08\/MA2-82x82.jpg 82w\" sizes=\"(max-width: 180px) 100vw, 180px\" \/>\n\t\t\t<\/div>\n\t\t\t\t<figcaption class='wp-caption-text gallery-caption' id='gallery-1-1524'>\n\t\t\t\tSon exploitation\n\t\t\t\t<\/figcaption><\/figure>\n\t\t<\/div>\n<\/p><p lang=\"fr-FR\" style=\"text-align: justify;\">Sp\u00e9cialis\u00e9 dans les l\u00e9gumes, Marc-Antoine aime cultiver la pomme de terre parce que \u00ab\u00a0rien n\u2019est organis\u00e9. Il y a toujours de nouvelles techniques et de nouveaux apprentissages\u00a0\u00bb. Son m\u00e9tier, il l\u2019aime surtout pour le contact : avec les hommes, la nature et les animaux. En tant qu\u2019agriculteur, il se sent charg\u00e9 d\u2019un r\u00f4le social, d\u2019accueil et d\u2019explication de son travail \u00e0 destination des personnes int\u00e9ress\u00e9es, mais aussi d\u2019un r\u00f4le environnemental. \u00ab\u00a0Les gens ont l\u2019image d\u2019un m\u00e9tier o\u00f9 nous sommes libres et ind\u00e9pendants, mais nous avons aussi la possibilit\u00e9 de faire changer le paysage. C\u2019est un lourde responsabilit\u00e9 alors on essaie aussi de faire une bonne int\u00e9gration paysag\u00e8re de nos cultures. Depuis dix ans, il y a un vent d\u2019environnement, on sent une volont\u00e9 de bien faire\u00a0\u00bb.<\/p><h1 lang=\"fr-FR\" style=\"text-align: center;\">\u00ab\u00a0L\u2019important c\u2019est d\u2019essayer de faire un bon produit\u00a0\u00bb<\/h1><p lang=\"fr-FR\" style=\"text-align: justify;\">Dans son exploitation, les animaux sont choy\u00e9s : on leur plante des haies et des jach\u00e8res pour qu\u2019ils puissent s\u2019y d\u00e9velopper \u00e0 leur aise, on cr\u00e9e des nids, des nichoirs et des perchoirs pour les oiseaux qui peuplent les airs de la Baie de Somme toute proche. Marc-Antoine a m\u00eame cr\u00e9\u00e9 une ferme p\u00e9dagogique et une conservatoire des races d\u2019\u00e2nes un peu plus loin dans la r\u00e9gion, avec l\u2019espoir de rapprocher les gens de la terre et du m\u00e9tier d\u2019agriculteur. Mais si l\u2019observation et la protection des animaux sont ses passions, Marc-Antoine n\u2019oublie jamais le produit et la qualit\u00e9 de sa culture : pour lui, \u00ab\u00a0l\u2019important c\u2019est avant tout d\u2019essayer de faire un bon produit.\u00a0\u00bb<\/p><p lang=\"fr-FR\" style=\"text-align: justify;\">L\u2019agriculteur aime son terroir et tente de conjuguer du mieux qu\u2019il peut, la n\u00e9cessit\u00e9 de nourrir le plus grand nombre avec la pr\u00e9servation des produits du terroir et la production de l\u00e9gumes de qualit\u00e9. Pour lui, \u00ab\u00a0la vraie modernit\u00e9, c\u2019est savoir s\u2019adapter : pr\u00e9server la tradition et le go\u00fbt, plut\u00f4t que le productivisme ; allier le respect de l\u2019environnement et la production en quantit\u00e9 suffisante.\u00a0\u00bb<\/p><p lang=\"fr-FR\" style=\"text-align: justify;\">Les producteurs renouvellent chaque ann\u00e9e leur engagement dans la Charte Qualit\u00e9. D\u00e9couvrez celui de <a href=\"https:\/\/www.larattedutouquet.com\/wp-content\/uploads\/2013\/06\/Marc-Antoine-Engagement-CQRDT-2015.pdf\" target=\"_blank\" rel=\"noopener\">Marc-Antoine.<\/a><\/p><p><div id='gallery-2' class='gallery galleryid-1523 gallery-columns-3 gallery-size-full'><figure class='gallery-item'>\n\t\t\t<div class='gallery-icon landscape'>\n\t\t\t\t<img width=\"180\" height=\"180\" src=\"https:\/\/p6006.phpnet.org\/larattedutouquetold\/wp-content\/uploads\/2016\/08\/MA1.jpg\" class=\"attachment-full size-full\" alt=\"Papillon butinant une fleur de phac\u00e9lie\" loading=\"lazy\" aria-describedby=\"gallery-2-1527\" srcset=\"https:\/\/p6006.phpnet.org\/larattedutouquetold\/wp-content\/uploads\/2016\/08\/MA1.jpg 180w, https:\/\/p6006.phpnet.org\/larattedutouquetold\/wp-content\/uploads\/2016\/08\/MA1-150x150.jpg 150w, https:\/\/p6006.phpnet.org\/larattedutouquetold\/wp-content\/uploads\/2016\/08\/MA1-82x82.jpg 82w\" sizes=\"(max-width: 180px) 100vw, 180px\" \/>\n\t\t\t<\/div>\n\t\t\t\t<figcaption class='wp-caption-text gallery-caption' id='gallery-2-1527'>\n\t\t\t\tUn papillon butinant une fleur de phac\u00e9lie\n\t\t\t\t<\/figcaption><\/figure><figure class='gallery-item'>\n\t\t\t<div class='gallery-icon landscape'>\n\t\t\t\t<img width=\"180\" height=\"180\" src=\"https:\/\/p6006.phpnet.org\/larattedutouquetold\/wp-content\/uploads\/2016\/08\/MA6.jpg\" class=\"attachment-full size-full\" alt=\"La bordure fleurie de Marc-Antoine, producteur de Ratte du Touquet\" loading=\"lazy\" aria-describedby=\"gallery-2-1529\" srcset=\"https:\/\/p6006.phpnet.org\/larattedutouquetold\/wp-content\/uploads\/2016\/08\/MA6.jpg 180w, https:\/\/p6006.phpnet.org\/larattedutouquetold\/wp-content\/uploads\/2016\/08\/MA6-150x150.jpg 150w, https:\/\/p6006.phpnet.org\/larattedutouquetold\/wp-content\/uploads\/2016\/08\/MA6-82x82.jpg 82w\" sizes=\"(max-width: 180px) 100vw, 180px\" \/>\n\t\t\t<\/div>\n\t\t\t\t<figcaption class='wp-caption-text gallery-caption' id='gallery-2-1529'>\n\t\t\t\tLa bordure fleurie de Marc-Antoine\n\t\t\t\t<\/figcaption><\/figure><figure class='gallery-item'>\n\t\t\t<div class='gallery-icon landscape'>\n\t\t\t\t<img width=\"180\" height=\"180\" src=\"https:\/\/p6006.phpnet.org\/larattedutouquetold\/wp-content\/uploads\/2016\/08\/MA3.jpg\" class=\"attachment-full size-full\" alt=\"\" loading=\"lazy\" aria-describedby=\"gallery-2-1528\" srcset=\"https:\/\/p6006.phpnet.org\/larattedutouquetold\/wp-content\/uploads\/2016\/08\/MA3.jpg 180w, https:\/\/p6006.phpnet.org\/larattedutouquetold\/wp-content\/uploads\/2016\/08\/MA3-150x150.jpg 150w, https:\/\/p6006.phpnet.org\/larattedutouquetold\/wp-content\/uploads\/2016\/08\/MA3-82x82.jpg 82w\" sizes=\"(max-width: 180px) 100vw, 180px\" \/>\n\t\t\t<\/div>\n\t\t\t\t<figcaption class='wp-caption-text gallery-caption' id='gallery-2-1528'>\n\t\t\t\tDes hirondelles install\u00e9es dans ses locaux \n\t\t\t\t<\/figcaption><\/figure>\n\t\t<\/div>\n<\/p><\/div>\n<\/div>\n\n\t<\/div>\n<\/section>\n<\/p>\n","protected":false},"excerpt":{"rendered":"<p>Marc-Antoine, le protecteur des animaux Marc-Antoine est agriculteur depuis 13 ans. Ce passionn\u00e9 de nature \u00e2g\u00e9 de 40 ans, est associ\u00e9 avec un ami et des cousins, qui ont tous grandi dans les exploitations de leurs parents. Sa famille a d\u00e9couvert la pomme de terre Ratte du Touquet \u00e0 ses d\u00e9buts, lorsque Dominique Dequidt organisait [&hellip;]<\/p>\n","protected":false},"author":6,"featured_media":0,"parent":0,"menu_order":0,"comment_status":"closed","ping_status":"closed","template":"page-templates\/template-colonne.php","meta":{"wprm-recipe-roundup-name":[],"wprm-recipe-roundup-description":[]},"yoast_head":"<!-- This site is optimized with the Yoast SEO plugin v18.4.1 - https:\/\/yoast.com\/wordpress\/plugins\/seo\/ -->\n<title>Marc-Antoine, le protecteur des animaux<\/title>\n<meta name=\"description\" content=\"D\u00e9couvrez le portrait du producteur de pommes de terre Picardes Ratte du Touquet Marc-Antoine.\" \/>\n<meta name=\"robots\" content=\"index, follow, max-snippet:-1, max-image-preview:large, max-video-preview:-1\" \/>\n<link rel=\"canonical\" href=\"https:\/\/p6006.phpnet.org\/larattedutouquetold\/marc-antoine-le-protecteur-des-animaux\/\" \/>\n<meta property=\"og:locale\" content=\"fr_FR\" \/>\n<meta property=\"og:type\" content=\"article\" \/>\n<meta property=\"og:title\" content=\"Marc-Antoine, le protecteur des animaux\" \/>\n<meta property=\"og:description\" content=\"D\u00e9couvrez le portrait du producteur de pommes de terre Picardes Ratte du Touquet Marc-Antoine.\" \/>\n<meta property=\"og:url\" content=\"https:\/\/p6006.phpnet.org\/larattedutouquetold\/marc-antoine-le-protecteur-des-animaux\/\" \/>\n<meta property=\"og:site_name\" content=\"La pomme de terre des gastronomes\" \/>\n<meta property=\"article:modified_time\" content=\"2020-09-30T07:11:29+00:00\" \/>\n<meta property=\"og:image\" content=\"https:\/\/www.larattedutouquet.com\/wp-content\/uploads\/2016\/08\/MA4.jpg\" \/>\n<meta name=\"twitter:card\" content=\"summary\" \/>\n<meta name=\"twitter:label1\" content=\"Dur\u00e9e de lecture estim\u00e9e\" \/>\n\t<meta name=\"twitter:data1\" content=\"2 minutes\" \/>\n<script type=\"application\/ld+json\" class=\"yoast-schema-graph\">{\"@context\":\"https:\/\/schema.org\",\"@graph\":[{\"@type\":\"WebSite\",\"@id\":\"https:\/\/p6006.phpnet.org\/larattedutouquetold\/#website\",\"url\":\"https:\/\/p6006.phpnet.org\/larattedutouquetold\/\",\"name\":\"La pomme de terre des gastronomes\",\"description\":\"\",\"potentialAction\":[{\"@type\":\"SearchAction\",\"target\":{\"@type\":\"EntryPoint\",\"urlTemplate\":\"https:\/\/p6006.phpnet.org\/larattedutouquetold\/?s={search_term_string}\"},\"query-input\":\"required name=search_term_string\"}],\"inLanguage\":\"fr-FR\"},{\"@type\":\"ImageObject\",\"@id\":\"https:\/\/p6006.phpnet.org\/larattedutouquetold\/marc-antoine-le-protecteur-des-animaux\/#primaryimage\",\"inLanguage\":\"fr-FR\",\"url\":\"https:\/\/www.larattedutouquet.com\/wp-content\/uploads\/2016\/08\/MA4.jpg\",\"contentUrl\":\"https:\/\/www.larattedutouquet.com\/wp-content\/uploads\/2016\/08\/MA4.jpg\"},{\"@type\":\"WebPage\",\"@id\":\"https:\/\/p6006.phpnet.org\/larattedutouquetold\/marc-antoine-le-protecteur-des-animaux\/#webpage\",\"url\":\"https:\/\/p6006.phpnet.org\/larattedutouquetold\/marc-antoine-le-protecteur-des-animaux\/\",\"name\":\"Marc-Antoine, le protecteur des animaux\",\"isPartOf\":{\"@id\":\"https:\/\/p6006.phpnet.org\/larattedutouquetold\/#website\"},\"primaryImageOfPage\":{\"@id\":\"https:\/\/p6006.phpnet.org\/larattedutouquetold\/marc-antoine-le-protecteur-des-animaux\/#primaryimage\"},\"datePublished\":\"2016-08-04T16:23:32+00:00\",\"dateModified\":\"2020-09-30T07:11:29+00:00\",\"description\":\"D\u00e9couvrez le portrait du producteur de pommes de terre Picardes Ratte du Touquet Marc-Antoine.\",\"breadcrumb\":{\"@id\":\"https:\/\/p6006.phpnet.org\/larattedutouquetold\/marc-antoine-le-protecteur-des-animaux\/#breadcrumb\"},\"inLanguage\":\"fr-FR\",\"potentialAction\":[{\"@type\":\"ReadAction\",\"target\":[\"https:\/\/p6006.phpnet.org\/larattedutouquetold\/marc-antoine-le-protecteur-des-animaux\/\"]}]},{\"@type\":\"BreadcrumbList\",\"@id\":\"https:\/\/p6006.phpnet.org\/larattedutouquetold\/marc-antoine-le-protecteur-des-animaux\/#breadcrumb\",\"itemListElement\":[{\"@type\":\"ListItem\",\"position\":1,\"name\":\"Accueil\",\"item\":\"https:\/\/p6006.phpnet.org\/larattedutouquetold\/\"},{\"@type\":\"ListItem\",\"position\":2,\"name\":\"Marc-Antoine, le protecteur des animaux\"}]}]}<\/script>\n<!-- \/ Yoast SEO plugin. -->","yoast_head_json":{"title":"Marc-Antoine, le protecteur des animaux","description":"D\u00e9couvrez le portrait du producteur de pommes de terre Picardes Ratte du Touquet Marc-Antoine.","robots":{"index":"index","follow":"follow","max-snippet":"max-snippet:-1","max-image-preview":"max-image-preview:large","max-video-preview":"max-video-preview:-1"},"canonical":"https:\/\/p6006.phpnet.org\/larattedutouquetold\/marc-antoine-le-protecteur-des-animaux\/","og_locale":"fr_FR","og_type":"article","og_title":"Marc-Antoine, le protecteur des animaux","og_description":"D\u00e9couvrez le portrait du producteur de pommes de terre Picardes Ratte du Touquet Marc-Antoine.","og_url":"https:\/\/p6006.phpnet.org\/larattedutouquetold\/marc-antoine-le-protecteur-des-animaux\/","og_site_name":"La pomme de terre des gastronomes","article_modified_time":"2020-09-30T07:11:29+00:00","og_image":[{"url":"https:\/\/www.larattedutouquet.com\/wp-content\/uploads\/2016\/08\/MA4.jpg"}],"twitter_card":"summary","twitter_misc":{"Dur\u00e9e de lecture estim\u00e9e":"2 minutes"},"schema":{"@context":"https:\/\/schema.org","@graph":[{"@type":"WebSite","@id":"https:\/\/p6006.phpnet.org\/larattedutouquetold\/#website","url":"https:\/\/p6006.phpnet.org\/larattedutouquetold\/","name":"La pomme de terre des gastronomes","description":"","potentialAction":[{"@type":"SearchAction","target":{"@type":"EntryPoint","urlTemplate":"https:\/\/p6006.phpnet.org\/larattedutouquetold\/?s={search_term_string}"},"query-input":"required name=search_term_string"}],"inLanguage":"fr-FR"},{"@type":"ImageObject","@id":"https:\/\/p6006.phpnet.org\/larattedutouquetold\/marc-antoine-le-protecteur-des-animaux\/#primaryimage","inLanguage":"fr-FR","url":"https:\/\/www.larattedutouquet.com\/wp-content\/uploads\/2016\/08\/MA4.jpg","contentUrl":"https:\/\/www.larattedutouquet.com\/wp-content\/uploads\/2016\/08\/MA4.jpg"},{"@type":"WebPage","@id":"https:\/\/p6006.phpnet.org\/larattedutouquetold\/marc-antoine-le-protecteur-des-animaux\/#webpage","url":"https:\/\/p6006.phpnet.org\/larattedutouquetold\/marc-antoine-le-protecteur-des-animaux\/","name":"Marc-Antoine, le protecteur des animaux","isPartOf":{"@id":"https:\/\/p6006.phpnet.org\/larattedutouquetold\/#website"},"primaryImageOfPage":{"@id":"https:\/\/p6006.phpnet.org\/larattedutouquetold\/marc-antoine-le-protecteur-des-animaux\/#primaryimage"},"datePublished":"2016-08-04T16:23:32+00:00","dateModified":"2020-09-30T07:11:29+00:00","description":"D\u00e9couvrez le portrait du producteur de pommes de terre Picardes Ratte du Touquet Marc-Antoine.","breadcrumb":{"@id":"https:\/\/p6006.phpnet.org\/larattedutouquetold\/marc-antoine-le-protecteur-des-animaux\/#breadcrumb"},"inLanguage":"fr-FR","potentialAction":[{"@type":"ReadAction","target":["https:\/\/p6006.phpnet.org\/larattedutouquetold\/marc-antoine-le-protecteur-des-animaux\/"]}]},{"@type":"BreadcrumbList","@id":"https:\/\/p6006.phpnet.org\/larattedutouquetold\/marc-antoine-le-protecteur-des-animaux\/#breadcrumb","itemListElement":[{"@type":"ListItem","position":1,"name":"Accueil","item":"https:\/\/p6006.phpnet.org\/larattedutouquetold\/"},{"@type":"ListItem","position":2,"name":"Marc-Antoine, le protecteur des animaux"}]}]}},"_links":{"self":[{"href":"https:\/\/p6006.phpnet.org\/larattedutouquetold\/wp-json\/wp\/v2\/pages\/1523"}],"collection":[{"href":"https:\/\/p6006.phpnet.org\/larattedutouquetold\/wp-json\/wp\/v2\/pages"}],"about":[{"href":"https:\/\/p6006.phpnet.org\/larattedutouquetold\/wp-json\/wp\/v2\/types\/page"}],"author":[{"embeddable":true,"href":"https:\/\/p6006.phpnet.org\/larattedutouquetold\/wp-json\/wp\/v2\/users\/6"}],"replies":[{"embeddable":true,"href":"https:\/\/p6006.phpnet.org\/larattedutouquetold\/wp-json\/wp\/v2\/comments?post=1523"}],"version-history":[{"count":1,"href":"https:\/\/p6006.phpnet.org\/larattedutouquetold\/wp-json\/wp\/v2\/pages\/1523\/revisions"}],"predecessor-version":[{"id":5501,"href":"https:\/\/p6006.phpnet.org\/larattedutouquetold\/wp-json\/wp\/v2\/pages\/1523\/revisions\/5501"}],"wp:attachment":[{"href":"https:\/\/p6006.phpnet.org\/larattedutouquetold\/wp-json\/wp\/v2\/media?parent=1523"}],"curies":[{"name":"wp","href":"https:\/\/api.w.org\/{rel}","templated":true}]}}