{"id":1532,"date":"2016-08-04T18:28:26","date_gmt":"2016-08-04T16:28:26","guid":{"rendered":"https:\/\/www.larattedutouquet.com\/?page_id=1532"},"modified":"2020-10-08T10:34:32","modified_gmt":"2020-10-08T08:34:32","slug":"olivier-lamour-du-metier-et-du-produit","status":"publish","type":"page","link":"https:\/\/p6006.phpnet.org\/larattedutouquetold\/olivier-lamour-du-metier-et-du-produit\/","title":{"rendered":"Olivier, l\u2019amour du m\u00e9tier et du produit"},"content":{"rendered":"<p>\t\t<section  class=\"ht-section \"  >\n\t\t\n\t<div class=\"container\">\n\t\t\t\t\t\n\t\t\n<div class=\"fw-row\">\n\t<div class=\"fw-col-xs-12 \" >\n\t<div class=\"fw-heading fw-heading-h1 fw-heading-center\">\n\t\t<h1 class='fw-special-title'>Olivier, l\u2019amour du m\u00e9tier et du produit<\/h1>\t<\/div><\/div>\n<\/div>\n\n\n<div class=\"fw-row\">\n\t<div class=\"fw-col-xs-12 \" >\n\t<div class=\"video-wrapper shortcode-container\">\n\t<iframe width=\"680\" height=\"383\" src=\"https:\/\/www.youtube.com\/embed\/j_NrMx_FUTM?feature=oembed\" frameborder=\"0\" allowfullscreen><\/iframe><\/div>\n<\/div>\n<\/div>\n\n\t<\/div>\n<\/section>\n\t\t<section  class=\"ht-section \"  >\n\t\t\n\t<div class=\"container\">\n\t\t\t\t\t\n\t\t\n<div class=\"fw-row\">\n\t<div class=\"fw-col-xs-12 \" >\n\t<p style=\"text-align: justify;\">Depuis son plus jeune age, Olivier veut devenir agriculteur. Pourtant, ses parents l\u2019ont pouss\u00e9 \u00e0 partir \u00e0 la d\u00e9couverte d\u2019autres professions. Pendant un an et demi, il a travaill\u00e9 comme journaliste agricole, un m\u00e9tier dont il a gard\u00e9 un go\u00fbt pour le contact et la transmission, avant de reprendre finalement l\u2019exploitation familiale.<\/p><p><div id='gallery-1' class='gallery galleryid-1532 gallery-columns-3 gallery-size-full'><figure class='gallery-item'>\n\t\t\t<div class='gallery-icon landscape'>\n\t\t\t\t<img width=\"180\" height=\"180\" src=\"https:\/\/p6006.phpnet.org\/larattedutouquetold\/wp-content\/uploads\/2016\/08\/Olivier3.jpg\" class=\"attachment-full size-full\" alt=\"Olivier dans son champ de Ratte du Touquet\" loading=\"lazy\" aria-describedby=\"gallery-1-1533\" srcset=\"https:\/\/p6006.phpnet.org\/larattedutouquetold\/wp-content\/uploads\/2016\/08\/Olivier3.jpg 180w, https:\/\/p6006.phpnet.org\/larattedutouquetold\/wp-content\/uploads\/2016\/08\/Olivier3-150x150.jpg 150w, https:\/\/p6006.phpnet.org\/larattedutouquetold\/wp-content\/uploads\/2016\/08\/Olivier3-82x82.jpg 82w\" sizes=\"(max-width: 180px) 100vw, 180px\" \/>\n\t\t\t<\/div>\n\t\t\t\t<figcaption class='wp-caption-text gallery-caption' id='gallery-1-1533'>\n\t\t\t\tOlivier dans son champ de Ratte du Touquet\n\t\t\t\t<\/figcaption><\/figure><figure class='gallery-item'>\n\t\t\t<div class='gallery-icon landscape'>\n\t\t\t\t<img width=\"180\" height=\"180\" src=\"https:\/\/p6006.phpnet.org\/larattedutouquetold\/wp-content\/uploads\/2016\/08\/Olivier4.jpg\" class=\"attachment-full size-full\" alt=\"Champ de Ratte du Touquet\" loading=\"lazy\" aria-describedby=\"gallery-1-1534\" srcset=\"https:\/\/p6006.phpnet.org\/larattedutouquetold\/wp-content\/uploads\/2016\/08\/Olivier4.jpg 180w, https:\/\/p6006.phpnet.org\/larattedutouquetold\/wp-content\/uploads\/2016\/08\/Olivier4-150x150.jpg 150w, https:\/\/p6006.phpnet.org\/larattedutouquetold\/wp-content\/uploads\/2016\/08\/Olivier4-82x82.jpg 82w\" sizes=\"(max-width: 180px) 100vw, 180px\" \/>\n\t\t\t<\/div>\n\t\t\t\t<figcaption class='wp-caption-text gallery-caption' id='gallery-1-1534'>\n\t\t\t\tSon champ de Ratte\n\t\t\t\t<\/figcaption><\/figure><figure class='gallery-item'>\n\t\t\t<div class='gallery-icon landscape'>\n\t\t\t\t<img width=\"180\" height=\"180\" src=\"https:\/\/p6006.phpnet.org\/larattedutouquetold\/wp-content\/uploads\/2016\/08\/Olivier6.jpg\" class=\"attachment-full size-full\" alt=\"Exploitation de Ratte du Touquet\" loading=\"lazy\" aria-describedby=\"gallery-1-1535\" srcset=\"https:\/\/p6006.phpnet.org\/larattedutouquetold\/wp-content\/uploads\/2016\/08\/Olivier6.jpg 180w, https:\/\/p6006.phpnet.org\/larattedutouquetold\/wp-content\/uploads\/2016\/08\/Olivier6-150x150.jpg 150w, https:\/\/p6006.phpnet.org\/larattedutouquetold\/wp-content\/uploads\/2016\/08\/Olivier6-82x82.jpg 82w\" sizes=\"(max-width: 180px) 100vw, 180px\" \/>\n\t\t\t<\/div>\n\t\t\t\t<figcaption class='wp-caption-text gallery-caption' id='gallery-1-1535'>\n\t\t\t\tSon exploitation au loin \n\t\t\t\t<\/figcaption><\/figure>\n\t\t<\/div>\n<\/p><p lang=\"fr-FR\" style=\"text-align: justify;\">Aujourd\u2019hui associ\u00e9 \u00e0 trois autres producteurs, Olivier est en charge de la production des pommes de terre. Il aime cultiver des vari\u00e9t\u00e9s rares car \u00ab\u00a0c\u2019est un peu comme faire du champagne. Il y a une satisfaction de bien faire notre travail lorsque \u00e7a fonctionne\u00a0\u00bb. Si l\u2019agriculture l\u2019a toujours attir\u00e9, c\u2019est pour les \u00ab\u00a0challenges qu\u2019elle lui lance\u00a0\u00bb et parce que la direction que peuvent prendre son travail et sa carri\u00e8re d\u00e9pend essentiellement des \u00ab\u00a0opportunit\u00e9s et rencontres au fil de la vie\u00a0\u00bb. Un go\u00fbt du hasard et de l\u2019impr\u00e9vu qu\u2019il partage avec tous les autres producteurs de pomme de terre Ratte du Touquet.<\/p><h1 lang=\"fr-FR\" style=\"text-align: center;\">\u00ab\u00a0La technologie ne coupe pas de la tradition\u00a0\u00bb<\/h1><p lang=\"fr-FR\" style=\"text-align: justify;\">Olivier aimerait pouvoir davantage expliquer son m\u00e9tier autour de lui. \u00ab\u00a0Le mode de vie tr\u00e8s citadin fait que\u00a0 les gens ne comprennent pas tr\u00e8s bien en quoi cela consiste d\u2019\u00eatre agriculteur, aujourd\u2019hui\u00a0\u00bb. Avec les producteurs environnants, il a organis\u00e9 il y a quelques ann\u00e9es, des \u00ab\u00a0tours de plaine\u00a0\u00bb pendant lesquels ils faisaient visiter aux riverains les diff\u00e9rentes cultures de leurs exploitations. Il a r\u00e9alis\u00e9 qu\u2019il \u00e9tait \u00ab\u00a0n\u00e9cessaire de discuter pour faire tomber les a priori et expliquer que la technologie ne coupe ni du m\u00e9tier, ni de la tradition.\u00a0\u00bb<\/p><p lang=\"fr-FR\" style=\"text-align: justify;\">Au quotidien, Olivier pratique l\u2019<a href=\"https:\/\/www.larattedutouquet.com\/category\/la-charte-qualite\/lexique-de-lenvironnement\/\">agriculture raisonn\u00e9e<\/a>. Cela lui permet d\u2019\u00eatre acteur de son m\u00e9tier et d\u2019anticiper les risques et les r\u00e9glementations. Il assure ainsi une tra\u00e7abilit\u00e9 totale de toutes ses actions, mais il le fait surtout parce que \u00ab\u00a0\u00e7a aide \u00e0 progresser dans le travail\u00a0\u00bb.\u00a0 Il a aussi install\u00e9 une station m\u00e9t\u00e9o \u00e0 c\u00f4t\u00e9 de son champ de pommes de terre Ratte. Fonctionnant \u00e0 l\u2019\u00e9nergie solaire, elle lui envoie \u00e0 la demande, un bilan de la temp\u00e9rature, de l\u2019hygrom\u00e9trie, de l\u2019\u00e9vaporation\u2026 qui lui permet de savoir quand il est n\u00e9cessaire d\u2019irriguer ou non.<\/p><p lang=\"fr-FR\" style=\"text-align: justify;\">Aujourd\u2019hui, \u00e0 37 ans, ce qu\u2019il aime le plus dans son m\u00e9tier est la m\u00eame chose que ce qui lui plaisait enfant : attendre le calme de l\u2019hiver ou la luminosit\u00e9 du printemps, et vivre intens\u00e9ment les changements de saison depuis son champ.<\/p><p lang=\"fr-FR\" style=\"text-align: justify;\">Les producteurs renouvellent chaque ann\u00e9e leur engagement dans la Charte Qualit\u00e9. D\u00e9couvrez celui d\u2019Olivier.<\/p><p><div id='gallery-2' class='gallery galleryid-1532 gallery-columns-3 gallery-size-full'><figure class='gallery-item'>\n\t\t\t<div class='gallery-icon landscape'>\n\t\t\t\t<img width=\"180\" height=\"180\" src=\"https:\/\/p6006.phpnet.org\/larattedutouquetold\/wp-content\/uploads\/2016\/08\/Olivier5.jpg\" class=\"attachment-full size-full\" alt=\"Un nichoir install\u00e9 \u00e0 l\u2019entr\u00e9e de son exploitation\" loading=\"lazy\" aria-describedby=\"gallery-2-1537\" srcset=\"https:\/\/p6006.phpnet.org\/larattedutouquetold\/wp-content\/uploads\/2016\/08\/Olivier5.jpg 180w, https:\/\/p6006.phpnet.org\/larattedutouquetold\/wp-content\/uploads\/2016\/08\/Olivier5-150x150.jpg 150w, https:\/\/p6006.phpnet.org\/larattedutouquetold\/wp-content\/uploads\/2016\/08\/Olivier5-82x82.jpg 82w\" sizes=\"(max-width: 180px) 100vw, 180px\" \/>\n\t\t\t<\/div>\n\t\t\t\t<figcaption class='wp-caption-text gallery-caption' id='gallery-2-1537'>\n\t\t\t\tUn nichoir install\u00e9 \u00e0 l\u2019entr\u00e9e de son exploitation\n\t\t\t\t<\/figcaption><\/figure><figure class='gallery-item'>\n\t\t\t<div class='gallery-icon landscape'>\n\t\t\t\t<img width=\"180\" height=\"180\" src=\"https:\/\/p6006.phpnet.org\/larattedutouquetold\/wp-content\/uploads\/2016\/08\/Olivier11.jpg\" class=\"attachment-full size-full\" alt=\"Une jach\u00e8re fleurie\" loading=\"lazy\" aria-describedby=\"gallery-2-1538\" srcset=\"https:\/\/p6006.phpnet.org\/larattedutouquetold\/wp-content\/uploads\/2016\/08\/Olivier11.jpg 180w, https:\/\/p6006.phpnet.org\/larattedutouquetold\/wp-content\/uploads\/2016\/08\/Olivier11-150x150.jpg 150w, https:\/\/p6006.phpnet.org\/larattedutouquetold\/wp-content\/uploads\/2016\/08\/Olivier11-82x82.jpg 82w\" sizes=\"(max-width: 180px) 100vw, 180px\" \/>\n\t\t\t<\/div>\n\t\t\t\t<figcaption class='wp-caption-text gallery-caption' id='gallery-2-1538'>\n\t\t\t\tUne jach\u00e8re fleurie\n\t\t\t\t<\/figcaption><\/figure><figure class='gallery-item'>\n\t\t\t<div class='gallery-icon landscape'>\n\t\t\t\t<img width=\"180\" height=\"180\" src=\"https:\/\/p6006.phpnet.org\/larattedutouquetold\/wp-content\/uploads\/2016\/08\/Olivier2.jpg\" class=\"attachment-full size-full\" alt=\"Station m\u00e9t\u00e9o install\u00e9e en bordure d\u2019un champ de Ratte du Touquet\" loading=\"lazy\" aria-describedby=\"gallery-2-1536\" srcset=\"https:\/\/p6006.phpnet.org\/larattedutouquetold\/wp-content\/uploads\/2016\/08\/Olivier2.jpg 180w, https:\/\/p6006.phpnet.org\/larattedutouquetold\/wp-content\/uploads\/2016\/08\/Olivier2-150x150.jpg 150w, https:\/\/p6006.phpnet.org\/larattedutouquetold\/wp-content\/uploads\/2016\/08\/Olivier2-82x82.jpg 82w\" sizes=\"(max-width: 180px) 100vw, 180px\" \/>\n\t\t\t<\/div>\n\t\t\t\t<figcaption class='wp-caption-text gallery-caption' id='gallery-2-1536'>\n\t\t\t\tSa station m\u00e9t\u00e9o install\u00e9e en bordure d\u2019un champ de Ratte du Touquet\n\t\t\t\t<\/figcaption><\/figure>\n\t\t<\/div>\n<\/p><\/div>\n<\/div>\n\n\t<\/div>\n<\/section>\n<\/p>\n","protected":false},"excerpt":{"rendered":"<p>Olivier, l\u2019amour du m\u00e9tier et du produit Depuis son plus jeune age, Olivier veut devenir agriculteur. Pourtant, ses parents l\u2019ont pouss\u00e9 \u00e0 partir \u00e0 la d\u00e9couverte d\u2019autres professions. Pendant un an et demi, il a travaill\u00e9 comme journaliste agricole, un m\u00e9tier dont il a gard\u00e9 un go\u00fbt pour le contact et la transmission, avant de [&hellip;]<\/p>\n","protected":false},"author":6,"featured_media":0,"parent":0,"menu_order":0,"comment_status":"closed","ping_status":"closed","template":"page-templates\/template-colonne.php","meta":{"wprm-recipe-roundup-name":[],"wprm-recipe-roundup-description":[]},"yoast_head":"<!-- This site is optimized with the Yoast SEO plugin v18.4.1 - https:\/\/yoast.com\/wordpress\/plugins\/seo\/ -->\n<title>Olivier, l\u2019amour du m\u00e9tier et du produit<\/title>\n<meta name=\"robots\" content=\"index, follow, max-snippet:-1, max-image-preview:large, max-video-preview:-1\" \/>\n<link rel=\"canonical\" href=\"https:\/\/p6006.phpnet.org\/larattedutouquetold\/olivier-lamour-du-metier-et-du-produit\/\" \/>\n<meta property=\"og:locale\" content=\"fr_FR\" \/>\n<meta property=\"og:type\" content=\"article\" \/>\n<meta property=\"og:title\" content=\"Olivier, l\u2019amour du m\u00e9tier et du produit\" \/>\n<meta property=\"og:description\" content=\"Olivier, l\u2019amour du m\u00e9tier et du produit Depuis son plus jeune age, Olivier veut devenir agriculteur. Pourtant, ses parents l\u2019ont pouss\u00e9 \u00e0 partir \u00e0 la d\u00e9couverte d\u2019autres professions. Pendant un an et demi, il a travaill\u00e9 comme journaliste agricole, un m\u00e9tier dont il a gard\u00e9 un go\u00fbt pour le contact et la transmission, avant de [&hellip;]\" \/>\n<meta property=\"og:url\" content=\"https:\/\/p6006.phpnet.org\/larattedutouquetold\/olivier-lamour-du-metier-et-du-produit\/\" \/>\n<meta property=\"og:site_name\" content=\"La pomme de terre des gastronomes\" \/>\n<meta property=\"article:modified_time\" content=\"2020-10-08T08:34:32+00:00\" \/>\n<meta property=\"og:image\" content=\"https:\/\/www.larattedutouquet.com\/wp-content\/uploads\/2016\/08\/Olivier3.jpg\" \/>\n<meta name=\"twitter:card\" content=\"summary\" \/>\n<meta name=\"twitter:label1\" content=\"Dur\u00e9e de lecture estim\u00e9e\" \/>\n\t<meta name=\"twitter:data1\" content=\"3 minutes\" \/>\n<script type=\"application\/ld+json\" class=\"yoast-schema-graph\">{\"@context\":\"https:\/\/schema.org\",\"@graph\":[{\"@type\":\"WebSite\",\"@id\":\"https:\/\/p6006.phpnet.org\/larattedutouquetold\/#website\",\"url\":\"https:\/\/p6006.phpnet.org\/larattedutouquetold\/\",\"name\":\"La pomme de terre des gastronomes\",\"description\":\"\",\"potentialAction\":[{\"@type\":\"SearchAction\",\"target\":{\"@type\":\"EntryPoint\",\"urlTemplate\":\"https:\/\/p6006.phpnet.org\/larattedutouquetold\/?s={search_term_string}\"},\"query-input\":\"required name=search_term_string\"}],\"inLanguage\":\"fr-FR\"},{\"@type\":\"ImageObject\",\"@id\":\"https:\/\/p6006.phpnet.org\/larattedutouquetold\/olivier-lamour-du-metier-et-du-produit\/#primaryimage\",\"inLanguage\":\"fr-FR\",\"url\":\"https:\/\/www.larattedutouquet.com\/wp-content\/uploads\/2016\/08\/Olivier3.jpg\",\"contentUrl\":\"https:\/\/www.larattedutouquet.com\/wp-content\/uploads\/2016\/08\/Olivier3.jpg\"},{\"@type\":\"WebPage\",\"@id\":\"https:\/\/p6006.phpnet.org\/larattedutouquetold\/olivier-lamour-du-metier-et-du-produit\/#webpage\",\"url\":\"https:\/\/p6006.phpnet.org\/larattedutouquetold\/olivier-lamour-du-metier-et-du-produit\/\",\"name\":\"Olivier, l\u2019amour du m\u00e9tier et du produit\",\"isPartOf\":{\"@id\":\"https:\/\/p6006.phpnet.org\/larattedutouquetold\/#website\"},\"primaryImageOfPage\":{\"@id\":\"https:\/\/p6006.phpnet.org\/larattedutouquetold\/olivier-lamour-du-metier-et-du-produit\/#primaryimage\"},\"datePublished\":\"2016-08-04T16:28:26+00:00\",\"dateModified\":\"2020-10-08T08:34:32+00:00\",\"breadcrumb\":{\"@id\":\"https:\/\/p6006.phpnet.org\/larattedutouquetold\/olivier-lamour-du-metier-et-du-produit\/#breadcrumb\"},\"inLanguage\":\"fr-FR\",\"potentialAction\":[{\"@type\":\"ReadAction\",\"target\":[\"https:\/\/p6006.phpnet.org\/larattedutouquetold\/olivier-lamour-du-metier-et-du-produit\/\"]}]},{\"@type\":\"BreadcrumbList\",\"@id\":\"https:\/\/p6006.phpnet.org\/larattedutouquetold\/olivier-lamour-du-metier-et-du-produit\/#breadcrumb\",\"itemListElement\":[{\"@type\":\"ListItem\",\"position\":1,\"name\":\"Accueil\",\"item\":\"https:\/\/p6006.phpnet.org\/larattedutouquetold\/\"},{\"@type\":\"ListItem\",\"position\":2,\"name\":\"Olivier, l\u2019amour du m\u00e9tier et du produit\"}]}]}<\/script>\n<!-- \/ Yoast SEO plugin. -->","yoast_head_json":{"title":"Olivier, l\u2019amour du m\u00e9tier et du produit","robots":{"index":"index","follow":"follow","max-snippet":"max-snippet:-1","max-image-preview":"max-image-preview:large","max-video-preview":"max-video-preview:-1"},"canonical":"https:\/\/p6006.phpnet.org\/larattedutouquetold\/olivier-lamour-du-metier-et-du-produit\/","og_locale":"fr_FR","og_type":"article","og_title":"Olivier, l\u2019amour du m\u00e9tier et du produit","og_description":"Olivier, l\u2019amour du m\u00e9tier et du produit Depuis son plus jeune age, Olivier veut devenir agriculteur. Pourtant, ses parents l\u2019ont pouss\u00e9 \u00e0 partir \u00e0 la d\u00e9couverte d\u2019autres professions. Pendant un an et demi, il a travaill\u00e9 comme journaliste agricole, un m\u00e9tier dont il a gard\u00e9 un go\u00fbt pour le contact et la transmission, avant de [&hellip;]","og_url":"https:\/\/p6006.phpnet.org\/larattedutouquetold\/olivier-lamour-du-metier-et-du-produit\/","og_site_name":"La pomme de terre des gastronomes","article_modified_time":"2020-10-08T08:34:32+00:00","og_image":[{"url":"https:\/\/www.larattedutouquet.com\/wp-content\/uploads\/2016\/08\/Olivier3.jpg"}],"twitter_card":"summary","twitter_misc":{"Dur\u00e9e de lecture estim\u00e9e":"3 minutes"},"schema":{"@context":"https:\/\/schema.org","@graph":[{"@type":"WebSite","@id":"https:\/\/p6006.phpnet.org\/larattedutouquetold\/#website","url":"https:\/\/p6006.phpnet.org\/larattedutouquetold\/","name":"La pomme de terre des gastronomes","description":"","potentialAction":[{"@type":"SearchAction","target":{"@type":"EntryPoint","urlTemplate":"https:\/\/p6006.phpnet.org\/larattedutouquetold\/?s={search_term_string}"},"query-input":"required name=search_term_string"}],"inLanguage":"fr-FR"},{"@type":"ImageObject","@id":"https:\/\/p6006.phpnet.org\/larattedutouquetold\/olivier-lamour-du-metier-et-du-produit\/#primaryimage","inLanguage":"fr-FR","url":"https:\/\/www.larattedutouquet.com\/wp-content\/uploads\/2016\/08\/Olivier3.jpg","contentUrl":"https:\/\/www.larattedutouquet.com\/wp-content\/uploads\/2016\/08\/Olivier3.jpg"},{"@type":"WebPage","@id":"https:\/\/p6006.phpnet.org\/larattedutouquetold\/olivier-lamour-du-metier-et-du-produit\/#webpage","url":"https:\/\/p6006.phpnet.org\/larattedutouquetold\/olivier-lamour-du-metier-et-du-produit\/","name":"Olivier, l\u2019amour du m\u00e9tier et du produit","isPartOf":{"@id":"https:\/\/p6006.phpnet.org\/larattedutouquetold\/#website"},"primaryImageOfPage":{"@id":"https:\/\/p6006.phpnet.org\/larattedutouquetold\/olivier-lamour-du-metier-et-du-produit\/#primaryimage"},"datePublished":"2016-08-04T16:28:26+00:00","dateModified":"2020-10-08T08:34:32+00:00","breadcrumb":{"@id":"https:\/\/p6006.phpnet.org\/larattedutouquetold\/olivier-lamour-du-metier-et-du-produit\/#breadcrumb"},"inLanguage":"fr-FR","potentialAction":[{"@type":"ReadAction","target":["https:\/\/p6006.phpnet.org\/larattedutouquetold\/olivier-lamour-du-metier-et-du-produit\/"]}]},{"@type":"BreadcrumbList","@id":"https:\/\/p6006.phpnet.org\/larattedutouquetold\/olivier-lamour-du-metier-et-du-produit\/#breadcrumb","itemListElement":[{"@type":"ListItem","position":1,"name":"Accueil","item":"https:\/\/p6006.phpnet.org\/larattedutouquetold\/"},{"@type":"ListItem","position":2,"name":"Olivier, l\u2019amour du m\u00e9tier et du produit"}]}]}},"_links":{"self":[{"href":"https:\/\/p6006.phpnet.org\/larattedutouquetold\/wp-json\/wp\/v2\/pages\/1532"}],"collection":[{"href":"https:\/\/p6006.phpnet.org\/larattedutouquetold\/wp-json\/wp\/v2\/pages"}],"about":[{"href":"https:\/\/p6006.phpnet.org\/larattedutouquetold\/wp-json\/wp\/v2\/types\/page"}],"author":[{"embeddable":true,"href":"https:\/\/p6006.phpnet.org\/larattedutouquetold\/wp-json\/wp\/v2\/users\/6"}],"replies":[{"embeddable":true,"href":"https:\/\/p6006.phpnet.org\/larattedutouquetold\/wp-json\/wp\/v2\/comments?post=1532"}],"version-history":[{"count":2,"href":"https:\/\/p6006.phpnet.org\/larattedutouquetold\/wp-json\/wp\/v2\/pages\/1532\/revisions"}],"predecessor-version":[{"id":5544,"href":"https:\/\/p6006.phpnet.org\/larattedutouquetold\/wp-json\/wp\/v2\/pages\/1532\/revisions\/5544"}],"wp:attachment":[{"href":"https:\/\/p6006.phpnet.org\/larattedutouquetold\/wp-json\/wp\/v2\/media?parent=1532"}],"curies":[{"name":"wp","href":"https:\/\/api.w.org\/{rel}","templated":true}]}}