{"id":1701,"date":"2016-08-05T16:22:01","date_gmt":"2016-08-05T14:22:01","guid":{"rendered":"https:\/\/www.larattedutouquet.com\/?page_id=1701"},"modified":"2021-01-05T22:41:04","modified_gmt":"2021-01-05T21:41:04","slug":"cote-dopale-et-picardie","status":"publish","type":"page","link":"https:\/\/p6006.phpnet.org\/larattedutouquetold\/cote-dopale-et-picardie\/","title":{"rendered":"C\u00f4te d\u2019Opale et Picardie"},"content":{"rendered":"\t\t<section  class=\"ht-section \"  >\n\t\t\n\t<div class=\"container\">\n\t\t\t\t\t\n\t\t\n<div class=\"fw-row\">\n\t<div class=\"fw-col-xs-12 \" >\n\t<div class=\"fw-heading fw-heading-h1 fw-heading-center\">\n\t\t<h1 class='fw-special-title'>C\u00f4te d\u2019Opale et Picardie<\/h1>\t<\/div><\/div>\n<\/div>\n\n\n<div class=\"fw-row\">\n\t<div class=\"fw-col-xs-12 \" >\n\t<img src=\"https:\/\/www.larattedutouquet.com\/wp-content\/uploads\/2016\/08\/cotedopale-680x358.jpg\" alt=\"https:\/\/www.larattedutouquet.com\/wp-content\/uploads\/2016\/08\/cotedopale-680x358.jpg\" width=\"680\" height=\"358\" \/><h2 style=\"text-align: justify;\">Environnement<\/h2><p style=\"text-align: justify;\">Bien que souffrant des pr\u00e9jug\u00e9s qui entourent sa localisation nordique, la C\u00f4te d\u2019Opale est pourtant l\u2019un des littoraux les plus beaux de France. De Dunkerque \u00e0 la Baie de Somme, elle s\u2019\u00e9tale sur 140 kilom\u00e8tres, tout au long desquels elle se pare de multiples paysages, entre plages, baies, dunes, et falaises. Dans l\u2019arri\u00e8re-pays, les for\u00eats de pins et les marais offrent une biodiversit\u00e9 foisonnante. Zone prot\u00e9g\u00e9e (Natura 2000), elle abrite plusieurs parcs naturels (notamment le Parc Naturel R\u00e9gional des Caps et Marais d\u2019Opale, la R\u00e9serve de la Baie de Canche et plus bas, la R\u00e9serve Naturelle de la Baie de Somme) \u00e0 la biodiversit\u00e9 particuli\u00e8rement riche. Zone littorale oblige, on y observe de nombreuses esp\u00e8ces d\u2019oiseaux migrateurs et d\u2019oiseaux d\u2019eau, ainsi que des insectes et des batraciens rares. Sangliers, renards ou encore phoque veau-marin, constituent une autre part de la faune du littoral et de l\u2019arri\u00e8re pays du Pas-de-Calais. Les caps Blanc-nez et Gris-nez, qui s\u2019\u00e9l\u00e8vent respectivement \u00e0 134 et 45m d\u2019altitude, offrent un paysage d\u2019exception et une vue sur les falaises qui bordent les c\u00f4tes anglaises.<\/p><p><div id='gallery-1' class='gallery galleryid-1701 gallery-columns-3 gallery-size-full'><figure class='gallery-item'>\n\t\t\t<div class='gallery-icon landscape'>\n\t\t\t\t<img width=\"180\" height=\"180\" src=\"https:\/\/p6006.phpnet.org\/larattedutouquetold\/wp-content\/uploads\/2016\/08\/Opale4.jpg\" class=\"attachment-full size-full\" alt=\"\" loading=\"lazy\" aria-describedby=\"gallery-1-1703\" srcset=\"https:\/\/p6006.phpnet.org\/larattedutouquetold\/wp-content\/uploads\/2016\/08\/Opale4.jpg 180w, https:\/\/p6006.phpnet.org\/larattedutouquetold\/wp-content\/uploads\/2016\/08\/Opale4-150x150.jpg 150w, https:\/\/p6006.phpnet.org\/larattedutouquetold\/wp-content\/uploads\/2016\/08\/Opale4-82x82.jpg 82w\" sizes=\"(max-width: 180px) 100vw, 180px\" \/>\n\t\t\t<\/div>\n\t\t\t\t<figcaption class='wp-caption-text gallery-caption' id='gallery-1-1703'>\n\t\t\t\tUne plage de la C\u00f4te d\u2019Opale \n\t\t\t\t<\/figcaption><\/figure><figure class='gallery-item'>\n\t\t\t<div class='gallery-icon landscape'>\n\t\t\t\t<img width=\"180\" height=\"180\" src=\"https:\/\/p6006.phpnet.org\/larattedutouquetold\/wp-content\/uploads\/2016\/08\/Opale3.jpg\" class=\"attachment-full size-full\" alt=\"\" loading=\"lazy\" aria-describedby=\"gallery-1-1702\" srcset=\"https:\/\/p6006.phpnet.org\/larattedutouquetold\/wp-content\/uploads\/2016\/08\/Opale3.jpg 180w, https:\/\/p6006.phpnet.org\/larattedutouquetold\/wp-content\/uploads\/2016\/08\/Opale3-150x150.jpg 150w, https:\/\/p6006.phpnet.org\/larattedutouquetold\/wp-content\/uploads\/2016\/08\/Opale3-82x82.jpg 82w\" sizes=\"(max-width: 180px) 100vw, 180px\" \/>\n\t\t\t<\/div>\n\t\t\t\t<figcaption class='wp-caption-text gallery-caption' id='gallery-1-1702'>\n\t\t\t\tDes cultures en bordure de la Manche \n\t\t\t\t<\/figcaption><\/figure><figure class='gallery-item'>\n\t\t\t<div class='gallery-icon landscape'>\n\t\t\t\t<img width=\"180\" height=\"180\" src=\"https:\/\/p6006.phpnet.org\/larattedutouquetold\/wp-content\/uploads\/2016\/08\/Opale5.jpg\" class=\"attachment-full size-full\" alt=\"\" loading=\"lazy\" aria-describedby=\"gallery-1-1704\" srcset=\"https:\/\/p6006.phpnet.org\/larattedutouquetold\/wp-content\/uploads\/2016\/08\/Opale5.jpg 180w, https:\/\/p6006.phpnet.org\/larattedutouquetold\/wp-content\/uploads\/2016\/08\/Opale5-150x150.jpg 150w, https:\/\/p6006.phpnet.org\/larattedutouquetold\/wp-content\/uploads\/2016\/08\/Opale5-82x82.jpg 82w\" sizes=\"(max-width: 180px) 100vw, 180px\" \/>\n\t\t\t<\/div>\n\t\t\t\t<figcaption class='wp-caption-text gallery-caption' id='gallery-1-1704'>\n\t\t\t\tLes plages sont les repaires des amateurs de sports nautiques \n\t\t\t\t<\/figcaption><\/figure>\n\t\t<\/div>\n<\/p><h2 style=\"text-align: justify;\">Tourisme<\/h2><p style=\"text-align: justify;\">Longeant le d\u00e9troit le plus fr\u00e9quent\u00e9 du monde, la C\u00f4te d\u2019Opale renferme trois des plus grands ports de France (Boulogne, Dunkerque et Calais), mais elle est surtout tr\u00e8s r\u00e9put\u00e9e pour son attrait touristique. Ports de plaisance et de p\u00eache, stations baln\u00e9aires r\u00e9put\u00e9es (Le Touquet, Berck-sur-Mer, Site des Caps\u2026), diversit\u00e9 et richesse des paysages en font un lieu privil\u00e9gi\u00e9 de vacances natures ou sportives, sur un fond d\u2019air marin.<\/p><h2 style=\"text-align: justify;\">Le Touquet-Paris-Plage<\/h2><p style=\"text-align: justify;\">Destination touristique tr\u00e8s courue des Parisiens et des Anglais depuis la fin du XIXe si\u00e8cle, Le Touquet est le symbole du tourisme en C\u00f4te d\u2019Opale, rassemblant \u00e0 la fois un lieu de vill\u00e9giature tr\u00e8s chic, une station baln\u00e9aire luxueuse et une base nautique et sportive pleine de possibilit\u00e9s (d\u00e8s sa construction, la ville a \u00e9t\u00e9 envisag\u00e9e comme le \u00ab paradis des sports \u00bb). Son architecture et les cabines multicolores qui bordent les plages de la ville, sont devenues de v\u00e9ritables mythes.<\/p><h2 style=\"text-align: justify;\">Terroir<\/h2><p style=\"text-align: justify;\">Territoire de grande richesse agricole, il n\u2019est pas surprenant que de nombreux restaurants gastronomiques y soient install\u00e9s, avec pour religion, le go\u00fbt de la cuisine des produits de terroir. Outre, bien s\u00fbr, la c\u00e9l\u00e8bre pomme de terre du Touquet, les produits de la mer sont en premi\u00e8re ligne des tr\u00e9sors gustatifs de la C\u00f4te :\u00a0 Oreilles de Cochon,\u00a0 algues, poissons, crustac\u00e9s et coquillages\u2026 mais on conna\u00eet la r\u00e9gion \u00e9galement pour ses l\u00e9gumes ou ses boissons : ail d\u2019Arleux (fum\u00e9 pour une meilleure conservation), bi\u00e8re des 2 Caps, geni\u00e8vre, asperges des dunes de Ghyvelde, \u00e9chalote de Busnes, Agneau du Pr\u00e9-Sal\u00e9, carotte de Tilques\u2026<\/p><h2 style=\"text-align: justify;\">La Picardie<\/h2><p style=\"text-align: justify;\">R\u00e9gion principalement agricole, la Picardie se caract\u00e9rise bien s\u00fbr par ses grandes plaines c\u00e9r\u00e9ali\u00e8res. Mais derri\u00e8re cette \u00e9vidence, se cache une grande richesse de paysage. Le long de la c\u00f4te avec les plages de la Baie de Somme, notamment : un paysage encore sauvage, propice \u00e0 la pratique de sports d\u2019eau et \u00e0 la promenade. La r\u00e9gion est \u00e9galement riche d\u2019espaces bois\u00e9s comme la For\u00eat de Cr\u00e9cy ou plus g\u00e9n\u00e9ralement le parc du Marquenterre, au nord de la Baie de Somme, qui se compose de for\u00eats, dunes, marais et prairies et d\u00e9voile une faune et une flore particuli\u00e8rement riches.<\/p><p style=\"text-align: justify;\">Pour en savoir plus sur cette r\u00e9gion, visitez en images <a href=\"http:\/\/www.phlemir.com\" target=\"_self\">la C\u00f4te d\u2019Opale<\/a> et <a href=\"http:\/\/www.images-en-somme.fr\/baie-de-somme.php\" target=\"_self\">la Baie de Somme<\/a><strong>.<\/strong><\/p><\/div>\n<\/div>\n\n\t<\/div>\n<\/section>\n\n","protected":false},"excerpt":{"rendered":"<p>C\u00f4te d\u2019Opale et Picardie EnvironnementBien que souffrant des pr\u00e9jug\u00e9s qui entourent sa localisation nordique, la C\u00f4te d\u2019Opale est pourtant l\u2019un des littoraux les plus beaux de France. De Dunkerque \u00e0 la Baie de Somme, elle s\u2019\u00e9tale sur 140 kilom\u00e8tres, tout au long desquels elle se pare de multiples paysages, entre plages, baies, dunes, et falaises. [&hellip;]<\/p>\n","protected":false},"author":6,"featured_media":0,"parent":0,"menu_order":0,"comment_status":"closed","ping_status":"closed","template":"page-templates\/template-colonne.php","meta":{"wprm-recipe-roundup-name":[],"wprm-recipe-roundup-description":[]},"yoast_head":"<!-- This site is optimized with the Yoast SEO plugin v18.4.1 - https:\/\/yoast.com\/wordpress\/plugins\/seo\/ -->\n<title>C\u00f4te d\u2019Opale et Picardie<\/title>\n<meta name=\"description\" content=\"Zoom sur le beau terroir o\u00f9 est cultiv\u00e9 la pomme de terre Ratte du Touquet, cette pomme de terre \u00e0 chair ferme et \u00e0 la peau fine et d\u00e9licate.\" \/>\n<meta name=\"robots\" content=\"index, follow, max-snippet:-1, max-image-preview:large, max-video-preview:-1\" \/>\n<link rel=\"canonical\" href=\"https:\/\/p6006.phpnet.org\/larattedutouquetold\/cote-dopale-et-picardie\/\" \/>\n<meta property=\"og:locale\" content=\"fr_FR\" \/>\n<meta property=\"og:type\" content=\"article\" \/>\n<meta property=\"og:title\" content=\"C\u00f4te d\u2019Opale et Picardie\" \/>\n<meta property=\"og:description\" content=\"Zoom sur le beau terroir o\u00f9 est cultiv\u00e9 la pomme de terre Ratte du Touquet, cette pomme de terre \u00e0 chair ferme et \u00e0 la peau fine et d\u00e9licate.\" \/>\n<meta property=\"og:url\" content=\"https:\/\/p6006.phpnet.org\/larattedutouquetold\/cote-dopale-et-picardie\/\" \/>\n<meta property=\"og:site_name\" content=\"La pomme de terre des gastronomes\" \/>\n<meta property=\"article:modified_time\" content=\"2021-01-05T21:41:04+00:00\" \/>\n<meta property=\"og:image\" content=\"https:\/\/www.larattedutouquet.com\/wp-content\/uploads\/2016\/08\/cotedopale-680x358.jpg\" \/>\n<meta name=\"twitter:card\" content=\"summary\" \/>\n<meta name=\"twitter:label1\" content=\"Dur\u00e9e de lecture estim\u00e9e\" \/>\n\t<meta name=\"twitter:data1\" content=\"3 minutes\" \/>\n<script type=\"application\/ld+json\" class=\"yoast-schema-graph\">{\"@context\":\"https:\/\/schema.org\",\"@graph\":[{\"@type\":\"WebSite\",\"@id\":\"https:\/\/p6006.phpnet.org\/larattedutouquetold\/#website\",\"url\":\"https:\/\/p6006.phpnet.org\/larattedutouquetold\/\",\"name\":\"La pomme de terre des gastronomes\",\"description\":\"\",\"potentialAction\":[{\"@type\":\"SearchAction\",\"target\":{\"@type\":\"EntryPoint\",\"urlTemplate\":\"https:\/\/p6006.phpnet.org\/larattedutouquetold\/?s={search_term_string}\"},\"query-input\":\"required name=search_term_string\"}],\"inLanguage\":\"fr-FR\"},{\"@type\":\"ImageObject\",\"@id\":\"https:\/\/p6006.phpnet.org\/larattedutouquetold\/cote-dopale-et-picardie\/#primaryimage\",\"inLanguage\":\"fr-FR\",\"url\":\"https:\/\/www.larattedutouquet.com\/wp-content\/uploads\/2016\/08\/cotedopale-680x358.jpg\",\"contentUrl\":\"https:\/\/www.larattedutouquet.com\/wp-content\/uploads\/2016\/08\/cotedopale-680x358.jpg\"},{\"@type\":\"WebPage\",\"@id\":\"https:\/\/p6006.phpnet.org\/larattedutouquetold\/cote-dopale-et-picardie\/#webpage\",\"url\":\"https:\/\/p6006.phpnet.org\/larattedutouquetold\/cote-dopale-et-picardie\/\",\"name\":\"C\u00f4te d\u2019Opale et Picardie\",\"isPartOf\":{\"@id\":\"https:\/\/p6006.phpnet.org\/larattedutouquetold\/#website\"},\"primaryImageOfPage\":{\"@id\":\"https:\/\/p6006.phpnet.org\/larattedutouquetold\/cote-dopale-et-picardie\/#primaryimage\"},\"datePublished\":\"2016-08-05T14:22:01+00:00\",\"dateModified\":\"2021-01-05T21:41:04+00:00\",\"description\":\"Zoom sur le beau terroir o\u00f9 est cultiv\u00e9 la pomme de terre Ratte du Touquet, cette pomme de terre \u00e0 chair ferme et \u00e0 la peau fine et d\u00e9licate.\",\"breadcrumb\":{\"@id\":\"https:\/\/p6006.phpnet.org\/larattedutouquetold\/cote-dopale-et-picardie\/#breadcrumb\"},\"inLanguage\":\"fr-FR\",\"potentialAction\":[{\"@type\":\"ReadAction\",\"target\":[\"https:\/\/p6006.phpnet.org\/larattedutouquetold\/cote-dopale-et-picardie\/\"]}]},{\"@type\":\"BreadcrumbList\",\"@id\":\"https:\/\/p6006.phpnet.org\/larattedutouquetold\/cote-dopale-et-picardie\/#breadcrumb\",\"itemListElement\":[{\"@type\":\"ListItem\",\"position\":1,\"name\":\"Accueil\",\"item\":\"https:\/\/p6006.phpnet.org\/larattedutouquetold\/\"},{\"@type\":\"ListItem\",\"position\":2,\"name\":\"C\u00f4te d\u2019Opale et Picardie\"}]}]}<\/script>\n<!-- \/ Yoast SEO plugin. -->","yoast_head_json":{"title":"C\u00f4te d\u2019Opale et Picardie","description":"Zoom sur le beau terroir o\u00f9 est cultiv\u00e9 la pomme de terre Ratte du Touquet, cette pomme de terre \u00e0 chair ferme et \u00e0 la peau fine et d\u00e9licate.","robots":{"index":"index","follow":"follow","max-snippet":"max-snippet:-1","max-image-preview":"max-image-preview:large","max-video-preview":"max-video-preview:-1"},"canonical":"https:\/\/p6006.phpnet.org\/larattedutouquetold\/cote-dopale-et-picardie\/","og_locale":"fr_FR","og_type":"article","og_title":"C\u00f4te d\u2019Opale et Picardie","og_description":"Zoom sur le beau terroir o\u00f9 est cultiv\u00e9 la pomme de terre Ratte du Touquet, cette pomme de terre \u00e0 chair ferme et \u00e0 la peau fine et d\u00e9licate.","og_url":"https:\/\/p6006.phpnet.org\/larattedutouquetold\/cote-dopale-et-picardie\/","og_site_name":"La pomme de terre des gastronomes","article_modified_time":"2021-01-05T21:41:04+00:00","og_image":[{"url":"https:\/\/www.larattedutouquet.com\/wp-content\/uploads\/2016\/08\/cotedopale-680x358.jpg"}],"twitter_card":"summary","twitter_misc":{"Dur\u00e9e de lecture estim\u00e9e":"3 minutes"},"schema":{"@context":"https:\/\/schema.org","@graph":[{"@type":"WebSite","@id":"https:\/\/p6006.phpnet.org\/larattedutouquetold\/#website","url":"https:\/\/p6006.phpnet.org\/larattedutouquetold\/","name":"La pomme de terre des gastronomes","description":"","potentialAction":[{"@type":"SearchAction","target":{"@type":"EntryPoint","urlTemplate":"https:\/\/p6006.phpnet.org\/larattedutouquetold\/?s={search_term_string}"},"query-input":"required name=search_term_string"}],"inLanguage":"fr-FR"},{"@type":"ImageObject","@id":"https:\/\/p6006.phpnet.org\/larattedutouquetold\/cote-dopale-et-picardie\/#primaryimage","inLanguage":"fr-FR","url":"https:\/\/www.larattedutouquet.com\/wp-content\/uploads\/2016\/08\/cotedopale-680x358.jpg","contentUrl":"https:\/\/www.larattedutouquet.com\/wp-content\/uploads\/2016\/08\/cotedopale-680x358.jpg"},{"@type":"WebPage","@id":"https:\/\/p6006.phpnet.org\/larattedutouquetold\/cote-dopale-et-picardie\/#webpage","url":"https:\/\/p6006.phpnet.org\/larattedutouquetold\/cote-dopale-et-picardie\/","name":"C\u00f4te d\u2019Opale et Picardie","isPartOf":{"@id":"https:\/\/p6006.phpnet.org\/larattedutouquetold\/#website"},"primaryImageOfPage":{"@id":"https:\/\/p6006.phpnet.org\/larattedutouquetold\/cote-dopale-et-picardie\/#primaryimage"},"datePublished":"2016-08-05T14:22:01+00:00","dateModified":"2021-01-05T21:41:04+00:00","description":"Zoom sur le beau terroir o\u00f9 est cultiv\u00e9 la pomme de terre Ratte du Touquet, cette pomme de terre \u00e0 chair ferme et \u00e0 la peau fine et d\u00e9licate.","breadcrumb":{"@id":"https:\/\/p6006.phpnet.org\/larattedutouquetold\/cote-dopale-et-picardie\/#breadcrumb"},"inLanguage":"fr-FR","potentialAction":[{"@type":"ReadAction","target":["https:\/\/p6006.phpnet.org\/larattedutouquetold\/cote-dopale-et-picardie\/"]}]},{"@type":"BreadcrumbList","@id":"https:\/\/p6006.phpnet.org\/larattedutouquetold\/cote-dopale-et-picardie\/#breadcrumb","itemListElement":[{"@type":"ListItem","position":1,"name":"Accueil","item":"https:\/\/p6006.phpnet.org\/larattedutouquetold\/"},{"@type":"ListItem","position":2,"name":"C\u00f4te d\u2019Opale et Picardie"}]}]}},"_links":{"self":[{"href":"https:\/\/p6006.phpnet.org\/larattedutouquetold\/wp-json\/wp\/v2\/pages\/1701"}],"collection":[{"href":"https:\/\/p6006.phpnet.org\/larattedutouquetold\/wp-json\/wp\/v2\/pages"}],"about":[{"href":"https:\/\/p6006.phpnet.org\/larattedutouquetold\/wp-json\/wp\/v2\/types\/page"}],"author":[{"embeddable":true,"href":"https:\/\/p6006.phpnet.org\/larattedutouquetold\/wp-json\/wp\/v2\/users\/6"}],"replies":[{"embeddable":true,"href":"https:\/\/p6006.phpnet.org\/larattedutouquetold\/wp-json\/wp\/v2\/comments?post=1701"}],"version-history":[{"count":1,"href":"https:\/\/p6006.phpnet.org\/larattedutouquetold\/wp-json\/wp\/v2\/pages\/1701\/revisions"}],"predecessor-version":[{"id":5497,"href":"https:\/\/p6006.phpnet.org\/larattedutouquetold\/wp-json\/wp\/v2\/pages\/1701\/revisions\/5497"}],"wp:attachment":[{"href":"https:\/\/p6006.phpnet.org\/larattedutouquetold\/wp-json\/wp\/v2\/media?parent=1701"}],"curies":[{"name":"wp","href":"https:\/\/api.w.org\/{rel}","templated":true}]}}