{"id":1713,"date":"2016-08-05T16:41:18","date_gmt":"2016-08-05T14:41:18","guid":{"rendered":"https:\/\/www.larattedutouquet.com\/?page_id=1713"},"modified":"2020-10-08T10:27:38","modified_gmt":"2020-10-08T08:27:38","slug":"depuis-1965-lhistoire-de-la-ratte-du-touquet","status":"publish","type":"page","link":"https:\/\/p6006.phpnet.org\/larattedutouquetold\/depuis-1965-lhistoire-de-la-ratte-du-touquet\/","title":{"rendered":"Quelle est l\u2019histoire de la Ratte du Touquet ?"},"content":{"rendered":"<p>\t\t<section  class=\"ht-section \"  >\n\t\t\n\t<div class=\"container\">\n\t\t\t\t\t\n\t\t\n<div class=\"fw-row\">\n\t<div class=\"fw-col-xs-12 \" >\n\t<div class=\"fw-heading fw-heading-h1 fw-heading-center\">\n\t\t<h1 class='fw-special-title'>Quelle est l\u2019histoire de la Ratte du Touquet ?<\/h1>\t<\/div><\/div>\n<\/div>\n\n\n<div class=\"fw-row\">\n\t<div class=\"fw-col-xs-12 \" >\n\t<img src=\"https:\/\/www.larattedutouquet.com\/wp-content\/uploads\/2016\/08\/3fondaeurs-680x358.jpg\" alt=\"https:\/\/www.larattedutouquet.com\/wp-content\/uploads\/2016\/08\/3fondaeurs-680x358.jpg\" width=\"680\" height=\"358\" \/><p style=\"text-align: justify;\">Les plus anciennes donn\u00e9es sur la pomme de terre Ratte que l\u2019on ait retrouv\u00e9es figurent dans des manuels d\u2019horticulture de la fin du 19e si\u00e8cle. Son inscription officielle au catalogue fran\u00e7ais date de 1935, ce qui fait d\u2019elle, l\u2019une des vari\u00e9t\u00e9s de pommes de terre les plus anciennes encore produites aujourd\u2019hui. R\u00e9cit, en neuf dates, d\u2019une histoire riche et mouvement\u00e9e.<\/p><p><div id='gallery-1' class='gallery galleryid-1713 gallery-columns-3 gallery-size-full'><figure class='gallery-item'>\n\t\t\t<div class='gallery-icon landscape'>\n\t\t\t\t<img width=\"180\" height=\"180\" src=\"https:\/\/p6006.phpnet.org\/larattedutouquetold\/wp-content\/uploads\/2016\/08\/vilmorin.jpg\" class=\"attachment-full size-full\" alt=\"\" loading=\"lazy\" aria-describedby=\"gallery-1-1716\" srcset=\"https:\/\/p6006.phpnet.org\/larattedutouquetold\/wp-content\/uploads\/2016\/08\/vilmorin.jpg 180w, https:\/\/p6006.phpnet.org\/larattedutouquetold\/wp-content\/uploads\/2016\/08\/vilmorin-150x150.jpg 150w, https:\/\/p6006.phpnet.org\/larattedutouquetold\/wp-content\/uploads\/2016\/08\/vilmorin-82x82.jpg 82w\" sizes=\"(max-width: 180px) 100vw, 180px\" \/>\n\t\t\t<\/div>\n\t\t\t\t<figcaption class='wp-caption-text gallery-caption' id='gallery-1-1716'>\n\t\t\t\t1\u00e8re inscription de la Ratte dans le catalogue Vilmorin \n\t\t\t\t<\/figcaption><\/figure><figure class='gallery-item'>\n\t\t\t<div class='gallery-icon landscape'>\n\t\t\t\t<img width=\"180\" height=\"180\" src=\"https:\/\/p6006.phpnet.org\/larattedutouquetold\/wp-content\/uploads\/2016\/08\/tasse1.jpg\" class=\"attachment-full size-full\" alt=\"\" loading=\"lazy\" aria-describedby=\"gallery-1-1715\" srcset=\"https:\/\/p6006.phpnet.org\/larattedutouquetold\/wp-content\/uploads\/2016\/08\/tasse1.jpg 180w, https:\/\/p6006.phpnet.org\/larattedutouquetold\/wp-content\/uploads\/2016\/08\/tasse1-150x150.jpg 150w, https:\/\/p6006.phpnet.org\/larattedutouquetold\/wp-content\/uploads\/2016\/08\/tasse1-82x82.jpg 82w\" sizes=\"(max-width: 180px) 100vw, 180px\" \/>\n\t\t\t<\/div>\n\t\t\t\t<figcaption class='wp-caption-text gallery-caption' id='gallery-1-1715'>\n\t\t\t\tUn ing\u00e9nieur apporte des plants de Ratte \n\t\t\t\t<\/figcaption><\/figure><figure class='gallery-item'>\n\t\t\t<div class='gallery-icon landscape'>\n\t\t\t\t<img width=\"180\" height=\"180\" src=\"https:\/\/p6006.phpnet.org\/larattedutouquetold\/wp-content\/uploads\/2016\/08\/hennuyer.jpg\" class=\"attachment-full size-full\" alt=\"\" loading=\"lazy\" aria-describedby=\"gallery-1-1714\" srcset=\"https:\/\/p6006.phpnet.org\/larattedutouquetold\/wp-content\/uploads\/2016\/08\/hennuyer.jpg 180w, https:\/\/p6006.phpnet.org\/larattedutouquetold\/wp-content\/uploads\/2016\/08\/hennuyer-150x150.jpg 150w, https:\/\/p6006.phpnet.org\/larattedutouquetold\/wp-content\/uploads\/2016\/08\/hennuyer-82x82.jpg 82w\" sizes=\"(max-width: 180px) 100vw, 180px\" \/>\n\t\t\t<\/div>\n\t\t\t\t<figcaption class='wp-caption-text gallery-caption' id='gallery-1-1714'>\n\t\t\t\tAndr\u00e9 Hennuyer dans son champ \n\t\t\t\t<\/figcaption><\/figure>\n\t\t<\/div>\n<\/p><h2 style=\"text-align: justify;\">1962 \u2013 La Madeleine d\u2019Andr\u00e9<\/h2><p style=\"text-align: justify;\">En 1962, la Ratte alors cultiv\u00e9 en Auvergne, d\u00e9g\u00e9n\u00e8re. M. Malmont\u00e9, un ing\u00e9nieur de la station vari\u00e9tale de Versailles, rencontre Andr\u00e9 Hennuyer, producteur dans le Boulonnais, qui accepte de r\u00e9g\u00e9n\u00e9rer cette vari\u00e9t\u00e9. Trente ans plus t\u00f4t, sa maman cultivait dans leur jardin de Nesles, cette pomme de terre en forme de cornichon, qu\u2019elle lui pr\u00e9parait \u00ab ti\u00e8de sur une tartine beurr\u00e9e \u00bb.<\/p><h2 style=\"text-align: justify;\">1965 \u2013 Vari\u00e9t\u00e9 adopt\u00e9e !<\/h2><p style=\"text-align: justify;\">La premi\u00e8re ann\u00e9e, Andr\u00e9 plante une quarantaine de pieds dans un champ de c\u00e9r\u00e9ales, pour leur \u00e9viter toute contamination, mais un seul survit : le num\u00e9ro 9. Gr\u00e2ce \u00e0 ce miracul\u00e9, la culture de la pomme de terre Ratte peut red\u00e9marrer. Peu apr\u00e8s, <strong><a href=\"https:\/\/www.larattedutouquet.com\/category\/les-6-producteurs\/dominique\/\">Dominique<\/a><\/strong> commence \u00e0 prendre \u00e0 son tour soin de la vari\u00e9t\u00e9, sans savoir qu\u2019il s\u2019appr\u00eate \u00e0 lui consacrer une grande partie de sa vie.<\/p><h2 style=\"text-align: justify;\">1977 \u2013 Les Touquet Plants<\/h2><p style=\"text-align: justify;\">En 1969, Andr\u00e9 d\u00e9m\u00e9nage pour s\u2019installer \u00e0 Montcavrel et y construire un b\u00e2timent pour stocker les pommes de terre : c\u2019est la cr\u00e9ation de Touquet Plants. Quelques ann\u00e9es plus tard, Dominique prend la rel\u00e8ve et d\u00e9cide alors de se consacrer exclusivement \u00e0 la culture de cette pomme de terre pendant quelques ann\u00e9es et d\u2019accro\u00eetre le commerce de la Ratte de consommation, afin d\u2019essayer de d\u00e9velopper l\u2019entreprise.<\/p><p><div id='gallery-2' class='gallery galleryid-1713 gallery-columns-3 gallery-size-full'><figure class='gallery-item'>\n\t\t\t<div class='gallery-icon landscape'>\n\t\t\t\t<img width=\"180\" height=\"180\" src=\"https:\/\/p6006.phpnet.org\/larattedutouquetold\/wp-content\/uploads\/2016\/08\/rungis1.jpg\" class=\"attachment-full size-full\" alt=\"\" loading=\"lazy\" aria-describedby=\"gallery-2-1719\" srcset=\"https:\/\/p6006.phpnet.org\/larattedutouquetold\/wp-content\/uploads\/2016\/08\/rungis1.jpg 180w, https:\/\/p6006.phpnet.org\/larattedutouquetold\/wp-content\/uploads\/2016\/08\/rungis1-150x150.jpg 150w, https:\/\/p6006.phpnet.org\/larattedutouquetold\/wp-content\/uploads\/2016\/08\/rungis1-82x82.jpg 82w\" sizes=\"(max-width: 180px) 100vw, 180px\" \/>\n\t\t\t<\/div>\n\t\t\t\t<figcaption class='wp-caption-text gallery-caption' id='gallery-2-1719'>\n\t\t\t\tLa voiture aux couleurs de la Ratte du Touquet \n\t\t\t\t<\/figcaption><\/figure><figure class='gallery-item'>\n\t\t\t<div class='gallery-icon landscape'>\n\t\t\t\t<img width=\"180\" height=\"180\" src=\"https:\/\/p6006.phpnet.org\/larattedutouquetold\/wp-content\/uploads\/2016\/08\/heraldtribune.jpg\" class=\"attachment-full size-full\" alt=\"\" loading=\"lazy\" aria-describedby=\"gallery-2-1718\" srcset=\"https:\/\/p6006.phpnet.org\/larattedutouquetold\/wp-content\/uploads\/2016\/08\/heraldtribune.jpg 180w, https:\/\/p6006.phpnet.org\/larattedutouquetold\/wp-content\/uploads\/2016\/08\/heraldtribune-150x150.jpg 150w, https:\/\/p6006.phpnet.org\/larattedutouquetold\/wp-content\/uploads\/2016\/08\/heraldtribune-82x82.jpg 82w\" sizes=\"(max-width: 180px) 100vw, 180px\" \/>\n\t\t\t<\/div>\n\t\t\t\t<figcaption class='wp-caption-text gallery-caption' id='gallery-2-1718'>\n\t\t\t\tLa Ratte est la star du Herald Tribune \n\t\t\t\t<\/figcaption><\/figure><figure class='gallery-item'>\n\t\t\t<div class='gallery-icon landscape'>\n\t\t\t\t<img width=\"180\" height=\"180\" src=\"https:\/\/p6006.phpnet.org\/larattedutouquetold\/wp-content\/uploads\/2016\/08\/amora1.jpg\" class=\"attachment-full size-full\" alt=\"\" loading=\"lazy\" aria-describedby=\"gallery-2-1717\" srcset=\"https:\/\/p6006.phpnet.org\/larattedutouquetold\/wp-content\/uploads\/2016\/08\/amora1.jpg 180w, https:\/\/p6006.phpnet.org\/larattedutouquetold\/wp-content\/uploads\/2016\/08\/amora1-150x150.jpg 150w, https:\/\/p6006.phpnet.org\/larattedutouquetold\/wp-content\/uploads\/2016\/08\/amora1-82x82.jpg 82w\" sizes=\"(max-width: 180px) 100vw, 180px\" \/>\n\t\t\t<\/div>\n\t\t\t\t<figcaption class='wp-caption-text gallery-caption' id='gallery-2-1717'>\n\t\t\t\tAmora met en sc\u00e8ne la Ratte dans une publicit\u00e9 \n\t\t\t\t<\/figcaption><\/figure>\n\t\t<\/div>\n<\/p><h2 style=\"text-align: justify;\">1980 \u2013 Une Ratte motoris\u00e9e \u00e0 Rungis<\/h2><p style=\"text-align: justify;\">En 1981, il charge une jeune commerciale de parcourir les all\u00e9es du march\u00e9 de Rungis au volant d\u2019une R5 maquill\u00e9e aux couleurs de la pomme de terre Ratte. Le succ\u00e8s est au rendez-vous. Quelques ann\u00e9es plus tard, Dominique fait la rencontre d\u2019<strong><a href=\"https:\/\/www.larattedutouquet.com\/category\/les-6-producteurs\/audouin\/\">Audouin de l\u2019Epine<\/a><\/strong> et de Jean-Pierre Guisset, deux producteurs exp\u00e9riment\u00e9s qui l\u2019aideront \u00e0 d\u00e9velopper cette pomme de terre. En 1986, les trois agriculteurs s\u2019associent autour d\u2019un nom, d\u2019un terroir et d\u2019une promesse de noblesse gustative : la Ratte du Touquet.<\/p><h2 style=\"text-align: justify;\">1987 \u2013 Le temps des m\u00e9dias<\/h2><p style=\"text-align: justify;\">En 1987, Amora contacte Dominique : la marque veut mettre en sc\u00e8ne la pomme de terre Ratte du Touquet dans une publicit\u00e9 : une premi\u00e8re apparition t\u00e9l\u00e9vis\u00e9e dont les r\u00e9percussions sont extraordinaires. Les chefs (Robuchon et sa c\u00e9l\u00e8bre <strong><a href=\"http:\/\/www.ptitchef.com\/recettes\/puree-de-pommes-de-terre-selon-joel-robuchon-fid-38986\" target=\"_blank\" rel=\"noopener\">pur\u00e9e de pommes de terre ratte,<\/a><\/strong> par exemple) et les m\u00e9dias commencent \u00e0 s\u2019y int\u00e9resser. On la retrouve dans L\u2019Express, Le Monde et l\u2019\u00e9mission culinaire de Bernard Pivot\u2026 jusqu\u2019au Herald Tribune, qui lui brosse le portrait sous le titre : <strong><a href=\"https:\/\/www.larattedutouquet.com\/wp-content\/uploads\/2010\/08\/article-herald-tribune.jpg\" target=\"_blank\" rel=\"noopener\">\u00ab potato of snobs \u00bb<\/a><\/strong>.<\/p><div class=\"video-wrapper shortcode-container\">\n\t<iframe width=\"511\" height=\"383\" src=\"https:\/\/www.youtube.com\/embed\/kKwNxyT8x_k?feature=oembed\" frameborder=\"0\" allowfullscreen><\/iframe><\/div>\n<\/div>\n<\/div>\n\n\t<\/div>\n<\/section>\n\t\t<section  class=\"ht-section \"  >\n\t\t\n\t<div class=\"container\">\n\t\t\t\t\t\n\t\t\n<div class=\"fw-row\">\n\t<div class=\"fw-col-xs-12 \" >\n\t<h2>1988 \u2013 La Ratte \u00e0 la conqu\u00eate des grandes villes<\/h2><p>A partir de 1988, la Ratte est choisie par <strong>Monoprix<\/strong> pour partir \u00e0 la conqu\u00eate des centres-villes. Outre-manche, c\u2019est Mark&amp;Spencer qui fait d\u00e9couvrir cette pomme de terre aux gastronomes anglais sous le nom \u00ab french cornichon\u00bb. L\u2019aventure anglaise durera une dizaine d\u2019ann\u00e9es, et apportera \u00e0 la Ratte du Touquet un v\u00e9ritable <strong>go\u00fbt de l\u2019innovation<\/strong> et une exigence de qualit\u00e9 renforc\u00e9e.<\/p><p><div id='gallery-3' class='gallery galleryid-1713 gallery-columns-3 gallery-size-full'><figure class='gallery-item'>\n\t\t\t<div class='gallery-icon landscape'>\n\t\t\t\t<img width=\"180\" height=\"180\" src=\"https:\/\/p6006.phpnet.org\/larattedutouquetold\/wp-content\/uploads\/2016\/08\/touquet.jpg\" class=\"attachment-full size-full\" alt=\"\" loading=\"lazy\" aria-describedby=\"gallery-3-1728\" srcset=\"https:\/\/p6006.phpnet.org\/larattedutouquetold\/wp-content\/uploads\/2016\/08\/touquet.jpg 180w, https:\/\/p6006.phpnet.org\/larattedutouquetold\/wp-content\/uploads\/2016\/08\/touquet-150x150.jpg 150w, https:\/\/p6006.phpnet.org\/larattedutouquetold\/wp-content\/uploads\/2016\/08\/touquet-82x82.jpg 82w\" sizes=\"(max-width: 180px) 100vw, 180px\" \/>\n\t\t\t<\/div>\n\t\t\t\t<figcaption class='wp-caption-text gallery-caption' id='gallery-3-1728'>\n\t\t\t\tLa Ratte est baptis\u00e9e Ratte du Touquet \n\t\t\t\t<\/figcaption><\/figure><figure class='gallery-item'>\n\t\t\t<div class='gallery-icon landscape'>\n\t\t\t\t<img width=\"180\" height=\"180\" src=\"https:\/\/p6006.phpnet.org\/larattedutouquetold\/wp-content\/uploads\/2016\/08\/etiquette.jpg\" class=\"attachment-full size-full\" alt=\"\" loading=\"lazy\" aria-describedby=\"gallery-3-1727\" srcset=\"https:\/\/p6006.phpnet.org\/larattedutouquetold\/wp-content\/uploads\/2016\/08\/etiquette.jpg 180w, https:\/\/p6006.phpnet.org\/larattedutouquetold\/wp-content\/uploads\/2016\/08\/etiquette-150x150.jpg 150w, https:\/\/p6006.phpnet.org\/larattedutouquetold\/wp-content\/uploads\/2016\/08\/etiquette-82x82.jpg 82w\" sizes=\"(max-width: 180px) 100vw, 180px\" \/>\n\t\t\t<\/div>\n\t\t\t\t<figcaption class='wp-caption-text gallery-caption' id='gallery-3-1727'>\n\t\t\t\tLa Ratte conquiert les \u00e9tals des supermarch\u00e9s \n\t\t\t\t<\/figcaption><\/figure><figure class='gallery-item'>\n\t\t\t<div class='gallery-icon landscape'>\n\t\t\t\t<img width=\"180\" height=\"180\" src=\"https:\/\/p6006.phpnet.org\/larattedutouquetold\/wp-content\/uploads\/2016\/08\/eau.jpg\" class=\"attachment-full size-full\" alt=\"\" loading=\"lazy\" aria-describedby=\"gallery-3-1726\" srcset=\"https:\/\/p6006.phpnet.org\/larattedutouquetold\/wp-content\/uploads\/2016\/08\/eau.jpg 180w, https:\/\/p6006.phpnet.org\/larattedutouquetold\/wp-content\/uploads\/2016\/08\/eau-150x150.jpg 150w, https:\/\/p6006.phpnet.org\/larattedutouquetold\/wp-content\/uploads\/2016\/08\/eau-82x82.jpg 82w\" sizes=\"(max-width: 180px) 100vw, 180px\" \/>\n\t\t\t<\/div>\n\t\t\t\t<figcaption class='wp-caption-text gallery-caption' id='gallery-3-1726'>\n\t\t\t\tLa Ratte d\u00e9veloppe une culture responsable \n\t\t\t\t<\/figcaption><\/figure>\n\t\t<\/div>\n<\/p><h2>1991 \u2013 Une \u00e9volution technique<\/h2><p>Petite pomme de terre, fragile, sensible aux exc\u00e8s de chaleur comme au manque d\u2019eau, la Ratte a toujours \u00e9t\u00e9 un casse-t\u00eate pour ses producteurs, \u00e0 tel point qu\u2019en 1988, elle manque d\u2019\u00eatre abandonn\u00e9e. La plupart des cultures sont d\u00e9j\u00e0 m\u00e9canis\u00e9es, mais il faut attendre le d\u00e9but des ann\u00e9es 1990, la plantation en billons (qui facilite consid\u00e9rablement la r\u00e9colte) et l\u2019invention de machines plus d\u00e9licates pour pouvoir r\u00e9colter la Ratte m\u00e9caniquement.<\/p><h2>2007 \u2013 De la nouveaut\u00e9 dans les rayons<\/h2><p>Dans les ann\u00e9es 90, afin de valoriser les plus petites Ratte du Touquet (la Fine de Ratte), Dominique a l\u2019id\u00e9e de les commercialiser dans des bourriches \u00e0 hu\u00eetres. En 2007, toujours autant \u00e0 la pointe, la pomme de terre Ratte d\u00e9barque sur les \u00e9tals dans un nouvel \u00e9crin, moderne et pratique : un petit sachet pour gourmets press\u00e9s, qui permet de cuire une portion de petites Ratte en quelques minutes seulement\u2026 <strong><a href=\"https:\/\/www.larattedutouquet.com\/category\/recettes\/micro-ondes-recettes\/\">au micro-ondes<\/a><\/strong> !<\/p><h2>2010 \u2013 Pour une culture plus responsable<\/h2><p>Cette ann\u00e9e, sous l\u2019impulsion de Dominique Dequidt, le chef de file de la Ratte du Touquet, les producteurs ont d\u00e9cid\u00e9 de pousser leur d\u00e9marche encore plus loin afin d\u2019attester de leurs efforts en faveur de la protection de l\u2019environnement en cr\u00e9ant une <strong><a href=\"https:\/\/www.larattedutouquet.com\/category\/la-charte-qualite\/\">Charte Qualit\u00e9<\/a><\/strong>. Engagement \u00e0 produire une pomme de terre de grande qualit\u00e9, protection de l\u2019environnement et de la biodiversit\u00e9 (<strong><a href=\"https:\/\/www.larattedutouquet.com\/category\/preservons-la-biodiversite\/\">notamment les abeilles<\/a><\/strong>), respect des hommes de la terre et volont\u00e9 de progr\u00e8s continu, constituent les axes de cette d\u00e9marche.<\/p><\/div>\n<\/div>\n\n\t<\/div>\n<\/section>\n\t\t<section  class=\"ht-section \"  >\n\t\t\n\t<div class=\"container\">\n\t\t\t\t\t\n\t\t\n<div class=\"fw-row\">\n\t<div class=\"fw-col-xs-12 \" >\n\t<div class=\"fw-heading fw-heading-h4 \">\n\t\t<h4 class='fw-special-title'>Plus d'articles<\/h4>\t<\/div><\/div>\n<\/div>\n\n\n<div class=\"fw-row\">\n\t<div class=\"fw-col-xs-12 fw-col-sm-6 \" >\n\t<a href=\"https:\/\/www.larattedutouquet.com\/perou-bolivie-pays-historiques-de-la-pomme-de-terre\/\" target=\"_self\" ><img src=\"\/\/www.larattedutouquet.com\/wp-content\/uploads\/2016\/08\/perou.jpg\" alt=\"\/\/www.larattedutouquet.com\/wp-content\/uploads\/2016\/08\/perou.jpg\" \/><\/a><\/div>\n<\/div>\n\n\t<\/div>\n<\/section>\n<\/p>\n","protected":false},"excerpt":{"rendered":"<p>Quelle est l\u2019histoire de la Ratte du Touquet ? Les plus anciennes donn\u00e9es sur la pomme de terre Ratte que l\u2019on ait retrouv\u00e9es figurent dans des manuels d\u2019horticulture de la fin du 19e si\u00e8cle. Son inscription officielle au catalogue fran\u00e7ais date de 1935, ce qui fait d\u2019elle, l\u2019une des vari\u00e9t\u00e9s de pommes de terre les [&hellip;]<\/p>\n","protected":false},"author":6,"featured_media":0,"parent":0,"menu_order":0,"comment_status":"closed","ping_status":"closed","template":"page-templates\/template-colonne.php","meta":{"wprm-recipe-roundup-name":[],"wprm-recipe-roundup-description":[]},"yoast_head":"<!-- This site is optimized with the Yoast SEO plugin v18.4.1 - https:\/\/yoast.com\/wordpress\/plugins\/seo\/ -->\n<title>Quelle est l\u2019histoire de la Ratte du Touquet ?<\/title>\n<meta name=\"description\" content=\"Consultez la saga de la Ratte du Touquet, depuis 1965 \u00e0 nos jours \u00e0 travers les souvenirs de nos producteurs.\" \/>\n<meta name=\"robots\" content=\"index, follow, max-snippet:-1, max-image-preview:large, max-video-preview:-1\" \/>\n<link rel=\"canonical\" href=\"https:\/\/p6006.phpnet.org\/larattedutouquetold\/depuis-1965-lhistoire-de-la-ratte-du-touquet\/\" \/>\n<meta property=\"og:locale\" content=\"fr_FR\" \/>\n<meta property=\"og:type\" content=\"article\" \/>\n<meta property=\"og:title\" content=\"Quelle est l\u2019histoire de la Ratte du Touquet ?\" \/>\n<meta property=\"og:description\" content=\"Consultez la saga de la Ratte du Touquet, depuis 1965 \u00e0 nos jours \u00e0 travers les souvenirs de nos producteurs.\" \/>\n<meta property=\"og:url\" content=\"https:\/\/p6006.phpnet.org\/larattedutouquetold\/depuis-1965-lhistoire-de-la-ratte-du-touquet\/\" \/>\n<meta property=\"og:site_name\" content=\"La pomme de terre des gastronomes\" \/>\n<meta property=\"article:modified_time\" content=\"2020-10-08T08:27:38+00:00\" \/>\n<meta property=\"og:image\" content=\"https:\/\/www.larattedutouquet.com\/wp-content\/uploads\/2016\/08\/3fondaeurs-680x358.jpg\" \/>\n<meta name=\"twitter:card\" content=\"summary\" \/>\n<meta name=\"twitter:label1\" content=\"Dur\u00e9e de lecture estim\u00e9e\" \/>\n\t<meta name=\"twitter:data1\" content=\"5 minutes\" \/>\n<script type=\"application\/ld+json\" class=\"yoast-schema-graph\">{\"@context\":\"https:\/\/schema.org\",\"@graph\":[{\"@type\":\"WebSite\",\"@id\":\"https:\/\/p6006.phpnet.org\/larattedutouquetold\/#website\",\"url\":\"https:\/\/p6006.phpnet.org\/larattedutouquetold\/\",\"name\":\"La pomme de terre des gastronomes\",\"description\":\"\",\"potentialAction\":[{\"@type\":\"SearchAction\",\"target\":{\"@type\":\"EntryPoint\",\"urlTemplate\":\"https:\/\/p6006.phpnet.org\/larattedutouquetold\/?s={search_term_string}\"},\"query-input\":\"required name=search_term_string\"}],\"inLanguage\":\"fr-FR\"},{\"@type\":\"ImageObject\",\"@id\":\"https:\/\/p6006.phpnet.org\/larattedutouquetold\/depuis-1965-lhistoire-de-la-ratte-du-touquet\/#primaryimage\",\"inLanguage\":\"fr-FR\",\"url\":\"https:\/\/www.larattedutouquet.com\/wp-content\/uploads\/2016\/08\/3fondaeurs-680x358.jpg\",\"contentUrl\":\"https:\/\/www.larattedutouquet.com\/wp-content\/uploads\/2016\/08\/3fondaeurs-680x358.jpg\"},{\"@type\":\"WebPage\",\"@id\":\"https:\/\/p6006.phpnet.org\/larattedutouquetold\/depuis-1965-lhistoire-de-la-ratte-du-touquet\/#webpage\",\"url\":\"https:\/\/p6006.phpnet.org\/larattedutouquetold\/depuis-1965-lhistoire-de-la-ratte-du-touquet\/\",\"name\":\"Quelle est l\u2019histoire de la Ratte du Touquet ?\",\"isPartOf\":{\"@id\":\"https:\/\/p6006.phpnet.org\/larattedutouquetold\/#website\"},\"primaryImageOfPage\":{\"@id\":\"https:\/\/p6006.phpnet.org\/larattedutouquetold\/depuis-1965-lhistoire-de-la-ratte-du-touquet\/#primaryimage\"},\"datePublished\":\"2016-08-05T14:41:18+00:00\",\"dateModified\":\"2020-10-08T08:27:38+00:00\",\"description\":\"Consultez la saga de la Ratte du Touquet, depuis 1965 \u00e0 nos jours \u00e0 travers les souvenirs de nos producteurs.\",\"breadcrumb\":{\"@id\":\"https:\/\/p6006.phpnet.org\/larattedutouquetold\/depuis-1965-lhistoire-de-la-ratte-du-touquet\/#breadcrumb\"},\"inLanguage\":\"fr-FR\",\"potentialAction\":[{\"@type\":\"ReadAction\",\"target\":[\"https:\/\/p6006.phpnet.org\/larattedutouquetold\/depuis-1965-lhistoire-de-la-ratte-du-touquet\/\"]}]},{\"@type\":\"BreadcrumbList\",\"@id\":\"https:\/\/p6006.phpnet.org\/larattedutouquetold\/depuis-1965-lhistoire-de-la-ratte-du-touquet\/#breadcrumb\",\"itemListElement\":[{\"@type\":\"ListItem\",\"position\":1,\"name\":\"Accueil\",\"item\":\"https:\/\/p6006.phpnet.org\/larattedutouquetold\/\"},{\"@type\":\"ListItem\",\"position\":2,\"name\":\"Quelle est l\u2019histoire de la Ratte du Touquet ?\"}]}]}<\/script>\n<!-- \/ Yoast SEO plugin. -->","yoast_head_json":{"title":"Quelle est l\u2019histoire de la Ratte du Touquet ?","description":"Consultez la saga de la Ratte du Touquet, depuis 1965 \u00e0 nos jours \u00e0 travers les souvenirs de nos producteurs.","robots":{"index":"index","follow":"follow","max-snippet":"max-snippet:-1","max-image-preview":"max-image-preview:large","max-video-preview":"max-video-preview:-1"},"canonical":"https:\/\/p6006.phpnet.org\/larattedutouquetold\/depuis-1965-lhistoire-de-la-ratte-du-touquet\/","og_locale":"fr_FR","og_type":"article","og_title":"Quelle est l\u2019histoire de la Ratte du Touquet ?","og_description":"Consultez la saga de la Ratte du Touquet, depuis 1965 \u00e0 nos jours \u00e0 travers les souvenirs de nos producteurs.","og_url":"https:\/\/p6006.phpnet.org\/larattedutouquetold\/depuis-1965-lhistoire-de-la-ratte-du-touquet\/","og_site_name":"La pomme de terre des gastronomes","article_modified_time":"2020-10-08T08:27:38+00:00","og_image":[{"url":"https:\/\/www.larattedutouquet.com\/wp-content\/uploads\/2016\/08\/3fondaeurs-680x358.jpg"}],"twitter_card":"summary","twitter_misc":{"Dur\u00e9e de lecture estim\u00e9e":"5 minutes"},"schema":{"@context":"https:\/\/schema.org","@graph":[{"@type":"WebSite","@id":"https:\/\/p6006.phpnet.org\/larattedutouquetold\/#website","url":"https:\/\/p6006.phpnet.org\/larattedutouquetold\/","name":"La pomme de terre des gastronomes","description":"","potentialAction":[{"@type":"SearchAction","target":{"@type":"EntryPoint","urlTemplate":"https:\/\/p6006.phpnet.org\/larattedutouquetold\/?s={search_term_string}"},"query-input":"required name=search_term_string"}],"inLanguage":"fr-FR"},{"@type":"ImageObject","@id":"https:\/\/p6006.phpnet.org\/larattedutouquetold\/depuis-1965-lhistoire-de-la-ratte-du-touquet\/#primaryimage","inLanguage":"fr-FR","url":"https:\/\/www.larattedutouquet.com\/wp-content\/uploads\/2016\/08\/3fondaeurs-680x358.jpg","contentUrl":"https:\/\/www.larattedutouquet.com\/wp-content\/uploads\/2016\/08\/3fondaeurs-680x358.jpg"},{"@type":"WebPage","@id":"https:\/\/p6006.phpnet.org\/larattedutouquetold\/depuis-1965-lhistoire-de-la-ratte-du-touquet\/#webpage","url":"https:\/\/p6006.phpnet.org\/larattedutouquetold\/depuis-1965-lhistoire-de-la-ratte-du-touquet\/","name":"Quelle est l\u2019histoire de la Ratte du Touquet ?","isPartOf":{"@id":"https:\/\/p6006.phpnet.org\/larattedutouquetold\/#website"},"primaryImageOfPage":{"@id":"https:\/\/p6006.phpnet.org\/larattedutouquetold\/depuis-1965-lhistoire-de-la-ratte-du-touquet\/#primaryimage"},"datePublished":"2016-08-05T14:41:18+00:00","dateModified":"2020-10-08T08:27:38+00:00","description":"Consultez la saga de la Ratte du Touquet, depuis 1965 \u00e0 nos jours \u00e0 travers les souvenirs de nos producteurs.","breadcrumb":{"@id":"https:\/\/p6006.phpnet.org\/larattedutouquetold\/depuis-1965-lhistoire-de-la-ratte-du-touquet\/#breadcrumb"},"inLanguage":"fr-FR","potentialAction":[{"@type":"ReadAction","target":["https:\/\/p6006.phpnet.org\/larattedutouquetold\/depuis-1965-lhistoire-de-la-ratte-du-touquet\/"]}]},{"@type":"BreadcrumbList","@id":"https:\/\/p6006.phpnet.org\/larattedutouquetold\/depuis-1965-lhistoire-de-la-ratte-du-touquet\/#breadcrumb","itemListElement":[{"@type":"ListItem","position":1,"name":"Accueil","item":"https:\/\/p6006.phpnet.org\/larattedutouquetold\/"},{"@type":"ListItem","position":2,"name":"Quelle est l\u2019histoire de la Ratte du Touquet ?"}]}]}},"_links":{"self":[{"href":"https:\/\/p6006.phpnet.org\/larattedutouquetold\/wp-json\/wp\/v2\/pages\/1713"}],"collection":[{"href":"https:\/\/p6006.phpnet.org\/larattedutouquetold\/wp-json\/wp\/v2\/pages"}],"about":[{"href":"https:\/\/p6006.phpnet.org\/larattedutouquetold\/wp-json\/wp\/v2\/types\/page"}],"author":[{"embeddable":true,"href":"https:\/\/p6006.phpnet.org\/larattedutouquetold\/wp-json\/wp\/v2\/users\/6"}],"replies":[{"embeddable":true,"href":"https:\/\/p6006.phpnet.org\/larattedutouquetold\/wp-json\/wp\/v2\/comments?post=1713"}],"version-history":[{"count":2,"href":"https:\/\/p6006.phpnet.org\/larattedutouquetold\/wp-json\/wp\/v2\/pages\/1713\/revisions"}],"predecessor-version":[{"id":5540,"href":"https:\/\/p6006.phpnet.org\/larattedutouquetold\/wp-json\/wp\/v2\/pages\/1713\/revisions\/5540"}],"wp:attachment":[{"href":"https:\/\/p6006.phpnet.org\/larattedutouquetold\/wp-json\/wp\/v2\/media?parent=1713"}],"curies":[{"name":"wp","href":"https:\/\/api.w.org\/{rel}","templated":true}]}}