{"id":1926,"date":"2016-08-30T21:56:35","date_gmt":"2016-08-30T19:56:35","guid":{"rendered":"https:\/\/www.larattedutouquet.com\/?page_id=1926"},"modified":"2021-01-28T15:37:24","modified_gmt":"2021-01-28T14:37:24","slug":"ou-acheter-la-ratte-du-touquet","status":"publish","type":"page","link":"https:\/\/p6006.phpnet.org\/larattedutouquetold\/ou-acheter-la-ratte-du-touquet\/","title":{"rendered":"O\u00f9 acheter la pomme de terre Ratte du Touquet ?"},"content":{"rendered":"\t\t<section  class=\"ht-section \"  >\n\t\t\n\t<div class=\"container\">\n\t\t\t\t\t\n\t\t\n<div class=\"fw-row\">\n\t<div class=\"fw-col-xs-12 \" >\n\t<div class=\"fw-heading fw-heading-h1 fw-heading-center\">\n\t\t<h1 class='fw-special-title'>O\u00f9 acheter la pomme de terre Ratte du Touquet pr\u00e8s de chez vous ?<\/h1>\t<\/div><\/div>\n<\/div>\n\n\n<div class=\"fw-row\">\n\t<div class=\"fw-col-xs-12 \" >\n\t<p style=\"text-align: justify;\"><span style=\"color: #000000;\"><strong>Vous voulez savoir o\u00f9 vous pouvez acheter la pomme de terre Ratte du Touquet ?<\/strong> <\/span><\/p><p style=\"text-align: justify;\"><span style=\"color: #000000;\">Rien de plus simple ! Il vous suffit de naviguer dans la carte pour chercher le magasin le plus proche de chez vous <\/span>!<br \/><span style=\"color: #000000;\"> Cette carte n'\u00e9tant pas exhaustive, vous pourrez \u00e9galement trouver la Ratte du Touquet dans des enseignes qui ne sont pas indiqu\u00e9es sur le plan. Les primeurs et les march\u00e9s n'y sont malheureusement pas r\u00e9f\u00e9renc\u00e9s. <strong>Alors si vous vendez vous-m\u00eame de la pomme de terre Ratte du Touquet ou si vous la rep\u00e9rez <\/strong><\/span><strong><span style=\"color: #000000;\">\u00e0 une adresse (magasin, march\u00e9, primeur...) qui n'est pas indiqu\u00e9e sur la carte, n'h\u00e9sitez pas \u00e0 nous en informer dans les commentaires et nous la mettrons \u00e0 jour !<\/span><\/strong><\/p><p style=\"text-align: justify;\">Bon \u00e0 savoir : on trouve aussi la pomme de terre Ratte du Touquet chez Harrods \u00e0 Londres, ainsi qu'aux Galeries Lafayette Gourmet et au Bon March\u00e9 \u00e0 Paris.<\/p><p style=\"text-align: justify;\"><span style=\"color: #000000;\">Bonne visite !<\/span><\/p><p>&nbsp;<br \/><iframe src=\"https:\/\/www.google.com\/maps\/d\/embed?mid=1tZIS6SmUbkfi7SwqLkYvUJlsTcZX0ESQ\" width=\"640\" height=\"480\"><\/iframe><\/p><\/div>\n<\/div>\n\n\t<\/div>\n<\/section>\n\n","protected":false},"excerpt":{"rendered":"<p>O\u00f9 acheter la pomme de terre Ratte du Touquet pr\u00e8s de chez vous ? Vous voulez savoir o\u00f9 vous pouvez acheter la pomme de terre Ratte du Touquet ? Rien de plus simple ! Il vous suffit de naviguer dans la carte pour chercher le magasin le plus proche de chez vous ! Cette carte [&hellip;]<\/p>\n","protected":false},"author":6,"featured_media":0,"parent":0,"menu_order":0,"comment_status":"closed","ping_status":"closed","template":"page-templates\/template-colonne.php","meta":{"wprm-recipe-roundup-name":[],"wprm-recipe-roundup-description":[]},"yoast_head":"<!-- This site is optimized with the Yoast SEO plugin v18.4.1 - https:\/\/yoast.com\/wordpress\/plugins\/seo\/ -->\n<title>O\u00f9 acheter la pomme de terre Ratte du Touquet ?<\/title>\n<meta name=\"robots\" content=\"index, follow, max-snippet:-1, max-image-preview:large, max-video-preview:-1\" \/>\n<link rel=\"canonical\" href=\"https:\/\/p6006.phpnet.org\/larattedutouquetold\/ou-acheter-la-ratte-du-touquet\/\" \/>\n<meta property=\"og:locale\" content=\"fr_FR\" \/>\n<meta property=\"og:type\" content=\"article\" \/>\n<meta property=\"og:title\" content=\"O\u00f9 acheter la pomme de terre Ratte du Touquet ?\" \/>\n<meta property=\"og:description\" content=\"O\u00f9 acheter la pomme de terre Ratte du Touquet pr\u00e8s de chez vous ? Vous voulez savoir o\u00f9 vous pouvez acheter la pomme de terre Ratte du Touquet ? Rien de plus simple ! Il vous suffit de naviguer dans la carte pour chercher le magasin le plus proche de chez vous ! Cette carte [&hellip;]\" \/>\n<meta property=\"og:url\" content=\"https:\/\/p6006.phpnet.org\/larattedutouquetold\/ou-acheter-la-ratte-du-touquet\/\" \/>\n<meta property=\"og:site_name\" content=\"La pomme de terre des gastronomes\" \/>\n<meta property=\"article:modified_time\" content=\"2021-01-28T14:37:24+00:00\" \/>\n<meta name=\"twitter:card\" content=\"summary\" \/>\n<meta name=\"twitter:label1\" content=\"Dur\u00e9e de lecture estim\u00e9e\" \/>\n\t<meta name=\"twitter:data1\" content=\"1 minute\" \/>\n<script type=\"application\/ld+json\" class=\"yoast-schema-graph\">{\"@context\":\"https:\/\/schema.org\",\"@graph\":[{\"@type\":\"WebSite\",\"@id\":\"https:\/\/p6006.phpnet.org\/larattedutouquetold\/#website\",\"url\":\"https:\/\/p6006.phpnet.org\/larattedutouquetold\/\",\"name\":\"La pomme de terre des gastronomes\",\"description\":\"\",\"potentialAction\":[{\"@type\":\"SearchAction\",\"target\":{\"@type\":\"EntryPoint\",\"urlTemplate\":\"https:\/\/p6006.phpnet.org\/larattedutouquetold\/?s={search_term_string}\"},\"query-input\":\"required name=search_term_string\"}],\"inLanguage\":\"fr-FR\"},{\"@type\":\"WebPage\",\"@id\":\"https:\/\/p6006.phpnet.org\/larattedutouquetold\/ou-acheter-la-ratte-du-touquet\/#webpage\",\"url\":\"https:\/\/p6006.phpnet.org\/larattedutouquetold\/ou-acheter-la-ratte-du-touquet\/\",\"name\":\"O\u00f9 acheter la pomme de terre Ratte du Touquet ?\",\"isPartOf\":{\"@id\":\"https:\/\/p6006.phpnet.org\/larattedutouquetold\/#website\"},\"datePublished\":\"2016-08-30T19:56:35+00:00\",\"dateModified\":\"2021-01-28T14:37:24+00:00\",\"breadcrumb\":{\"@id\":\"https:\/\/p6006.phpnet.org\/larattedutouquetold\/ou-acheter-la-ratte-du-touquet\/#breadcrumb\"},\"inLanguage\":\"fr-FR\",\"potentialAction\":[{\"@type\":\"ReadAction\",\"target\":[\"https:\/\/p6006.phpnet.org\/larattedutouquetold\/ou-acheter-la-ratte-du-touquet\/\"]}]},{\"@type\":\"BreadcrumbList\",\"@id\":\"https:\/\/p6006.phpnet.org\/larattedutouquetold\/ou-acheter-la-ratte-du-touquet\/#breadcrumb\",\"itemListElement\":[{\"@type\":\"ListItem\",\"position\":1,\"name\":\"Accueil\",\"item\":\"https:\/\/p6006.phpnet.org\/larattedutouquetold\/\"},{\"@type\":\"ListItem\",\"position\":2,\"name\":\"O\u00f9 acheter la pomme de terre Ratte du Touquet ?\"}]}]}<\/script>\n<!-- \/ Yoast SEO plugin. -->","yoast_head_json":{"title":"O\u00f9 acheter la pomme de terre Ratte du Touquet ?","robots":{"index":"index","follow":"follow","max-snippet":"max-snippet:-1","max-image-preview":"max-image-preview:large","max-video-preview":"max-video-preview:-1"},"canonical":"https:\/\/p6006.phpnet.org\/larattedutouquetold\/ou-acheter-la-ratte-du-touquet\/","og_locale":"fr_FR","og_type":"article","og_title":"O\u00f9 acheter la pomme de terre Ratte du Touquet ?","og_description":"O\u00f9 acheter la pomme de terre Ratte du Touquet pr\u00e8s de chez vous ? Vous voulez savoir o\u00f9 vous pouvez acheter la pomme de terre Ratte du Touquet ? Rien de plus simple ! Il vous suffit de naviguer dans la carte pour chercher le magasin le plus proche de chez vous ! Cette carte [&hellip;]","og_url":"https:\/\/p6006.phpnet.org\/larattedutouquetold\/ou-acheter-la-ratte-du-touquet\/","og_site_name":"La pomme de terre des gastronomes","article_modified_time":"2021-01-28T14:37:24+00:00","twitter_card":"summary","twitter_misc":{"Dur\u00e9e de lecture estim\u00e9e":"1 minute"},"schema":{"@context":"https:\/\/schema.org","@graph":[{"@type":"WebSite","@id":"https:\/\/p6006.phpnet.org\/larattedutouquetold\/#website","url":"https:\/\/p6006.phpnet.org\/larattedutouquetold\/","name":"La pomme de terre des gastronomes","description":"","potentialAction":[{"@type":"SearchAction","target":{"@type":"EntryPoint","urlTemplate":"https:\/\/p6006.phpnet.org\/larattedutouquetold\/?s={search_term_string}"},"query-input":"required name=search_term_string"}],"inLanguage":"fr-FR"},{"@type":"WebPage","@id":"https:\/\/p6006.phpnet.org\/larattedutouquetold\/ou-acheter-la-ratte-du-touquet\/#webpage","url":"https:\/\/p6006.phpnet.org\/larattedutouquetold\/ou-acheter-la-ratte-du-touquet\/","name":"O\u00f9 acheter la pomme de terre Ratte du Touquet ?","isPartOf":{"@id":"https:\/\/p6006.phpnet.org\/larattedutouquetold\/#website"},"datePublished":"2016-08-30T19:56:35+00:00","dateModified":"2021-01-28T14:37:24+00:00","breadcrumb":{"@id":"https:\/\/p6006.phpnet.org\/larattedutouquetold\/ou-acheter-la-ratte-du-touquet\/#breadcrumb"},"inLanguage":"fr-FR","potentialAction":[{"@type":"ReadAction","target":["https:\/\/p6006.phpnet.org\/larattedutouquetold\/ou-acheter-la-ratte-du-touquet\/"]}]},{"@type":"BreadcrumbList","@id":"https:\/\/p6006.phpnet.org\/larattedutouquetold\/ou-acheter-la-ratte-du-touquet\/#breadcrumb","itemListElement":[{"@type":"ListItem","position":1,"name":"Accueil","item":"https:\/\/p6006.phpnet.org\/larattedutouquetold\/"},{"@type":"ListItem","position":2,"name":"O\u00f9 acheter la pomme de terre Ratte du Touquet ?"}]}]}},"_links":{"self":[{"href":"https:\/\/p6006.phpnet.org\/larattedutouquetold\/wp-json\/wp\/v2\/pages\/1926"}],"collection":[{"href":"https:\/\/p6006.phpnet.org\/larattedutouquetold\/wp-json\/wp\/v2\/pages"}],"about":[{"href":"https:\/\/p6006.phpnet.org\/larattedutouquetold\/wp-json\/wp\/v2\/types\/page"}],"author":[{"embeddable":true,"href":"https:\/\/p6006.phpnet.org\/larattedutouquetold\/wp-json\/wp\/v2\/users\/6"}],"replies":[{"embeddable":true,"href":"https:\/\/p6006.phpnet.org\/larattedutouquetold\/wp-json\/wp\/v2\/comments?post=1926"}],"version-history":[{"count":3,"href":"https:\/\/p6006.phpnet.org\/larattedutouquetold\/wp-json\/wp\/v2\/pages\/1926\/revisions"}],"predecessor-version":[{"id":5695,"href":"https:\/\/p6006.phpnet.org\/larattedutouquetold\/wp-json\/wp\/v2\/pages\/1926\/revisions\/5695"}],"wp:attachment":[{"href":"https:\/\/p6006.phpnet.org\/larattedutouquetold\/wp-json\/wp\/v2\/media?parent=1926"}],"curies":[{"name":"wp","href":"https:\/\/api.w.org\/{rel}","templated":true}]}}