{"id":3161,"date":"2018-05-24T23:57:45","date_gmt":"2018-05-24T21:57:45","guid":{"rendered":"https:\/\/www.larattedutouquet.com\/?page_id=3161"},"modified":"2018-06-27T18:00:54","modified_gmt":"2018-06-27T16:00:54","slug":"politique-de-confidentialite","status":"publish","type":"page","link":"https:\/\/p6006.phpnet.org\/larattedutouquetold\/politique-de-confidentialite\/","title":{"rendered":"Politique de confidentialit\u00e9"},"content":{"rendered":"\t\t<section  class=\"ht-section \"  >\n\t\t\n\t<div class=\"container\">\n\t\t\t\t\t\n\t\t\n<div class=\"fw-row\">\n\t<div class=\"fw-col-xs-12 \" >\n\t<div class=\"fw-heading fw-heading-h1 fw-heading-center\">\n\t\t<h1 class='fw-special-title'>Politique de confidentialit\u00e9<\/h1>\t<\/div><\/div>\n<\/div>\n\n\n<div class=\"fw-row\">\n\t<div class=\"fw-col-xs-12 \" >\n\t<p><strong>La politique de confidentialit\u00e9 est susceptible d\u2019\u00eatre modifi\u00e9e ou compl\u00e9t\u00e9e \u00e0 tout moment par la Ratte du Touquet. L\u2019objectif \u00e9tant de se conformer \u00e0 toute \u00e9volution l\u00e9gislative, r\u00e9glementaire, jurisprudentielle ou technologique et de vous pr\u00e9venir, en tant qu\u2019utilisateur.<\/strong><\/p><p>Cette page de politique de confidentialit\u00e9 peut \u00eatre amen\u00e9e \u00e0 \u00e9voluer au fil du temps. Lors de futures modifications ou compl\u00e9ments d\u2019informations, la date de sa mise \u00e0 jour sera clairement identifi\u00e9e en t\u00eate de la pr\u00e9sente politique. Aussi, il convient par cons\u00e9quent que l\u2019utilisateur consulte r\u00e9guli\u00e8rement la pr\u00e9sente politique de confidentialit\u00e9 et d\u2019utilisation des cookies afin de prendre connaissance de ses \u00e9ventuelles modifications.<\/p><h5>Collecte de l\u2019information<\/h5><p>Nous recueillons des informations lorsque vous vous inscrivez sur notre site, lorsque vous nous \u00e9crivez sur la page contact. Les informations recueillies incluent votre nom et votre adresse e-mail.<\/p><p>En outre, nous recevons et enregistrons automatiquement des informations \u00e0 partir de votre ordinateur et navigateur, y compris votre adresse IP, vos logiciels et votre mat\u00e9riel, et la page que vous demandez.<\/p><div style=\"padding-left: 30px;\"><span style=\"color: #000000; font-family: Calibri, sans-serif;\">1) Commentaires laiss\u00e9s sur le site<\/span><\/div><div style=\"padding-left: 30px;\"><span style=\"color: #000000; font-family: Calibri, sans-serif;\">Sauf demande de suppression anticip\u00e9e exprim\u00e9e via l\u2019adresse mail pr\u00e9sente sur le site, les commentaires laiss\u00e9s sur le site sont supprim\u00e9s au bout de 5 ans.<\/span><\/div><div style=\"padding-left: 30px;\"><span style=\"color: #000000; font-family: Calibri, sans-serif;\">\u00a0<\/span><\/div><div style=\"padding-left: 30px;\"><span style=\"color: #000000; font-family: Calibri, sans-serif;\">2) Mail\/Newsletter re\u00e7u de notre part via notre outil de routage<\/span><\/div><div style=\"padding-left: 30px;\"><span style=\"color: #000000; font-family: Calibri, sans-serif;\">Sauf demande de suppression exprim\u00e9e via le bouton \u00ab\u00a0Se d\u00e9sabonner\u00a0\u00bb pr\u00e9sent sur la Newsletter ou via l\u2019adresse mail pr\u00e9sente sur le site, les adresses mail sont conserv\u00e9s aux US par notre soci\u00e9t\u00e9 de routage.<\/span><\/div><div style=\"padding-left: 30px;\"><span style=\"color: #000000; font-family: Calibri, sans-serif;\">\u00a0<\/span><\/div><div style=\"padding-left: 30px;\"><span style=\"color: #000000; font-family: Calibri, sans-serif;\">3) Echanges de mails<\/span><\/div><div style=\"padding-left: 30px;\"><span style=\"color: #000000; font-family: Calibri, sans-serif;\">Sauf demande de suppression exprim\u00e9e via l\u2019adresse mail pr\u00e9sente sur le site, les \u00e9changes de mail sont conserv\u00e9s sur les serveurs Google.<\/span><\/div><div><\/div><div><span style=\"color: #ffffff;\">.<\/span><\/div><h5>Utilisation des informations<\/h5><p>Toute les informations que nous recueillons aupr\u00e8s de vous peuvent \u00eatre utilis\u00e9es pour :<\/p><ul><li>Personnaliser votre exp\u00e9rience et r\u00e9pondre \u00e0 vos besoins individuels,<\/li><li>Fournir un contenu publicitaire personnalis\u00e9,<\/li><li>Am\u00e9liorer notre site Web,<\/li><li>Am\u00e9liorer le service client et vos besoins de prise en charge,<\/li><li>Vous contacter par e-mail.<\/li><\/ul><h5>Divulgation \u00e0 des tiers<\/h5><p>Nous ne vendons, n\u2019\u00e9changeons et ne transf\u00e9rons pas vos informations personnelles identifiables \u00e0 des tiers. Cela ne comprend pas les tierces parties de confiance qui nous aident \u00e0 exploiter notre site Web ou \u00e0 mener nos affaires, tant que ces parties conviennent de garder ces informations confidentielles.<\/p><p>Nous pensons qu\u2019il est n\u00e9cessaire de partager des informations afin d\u2019enqu\u00eater, de pr\u00e9venir ou de prendre des mesures concernant des activit\u00e9s ill\u00e9gales, fraudes pr\u00e9sum\u00e9es, situations impliquant des menaces potentielles \u00e0 la s\u00e9curit\u00e9 physique de toute personne, violations de nos conditions d\u2019utilisation ou quand la loi nous y contraint.<\/p><p>Les informations non-priv\u00e9es, cependant, peuvent \u00eatre fournies \u00e0 d\u2019autres parties pour le marketing, la publicit\u00e9, ou d\u2019autres utilisations.<\/p><h5>Protection des informations<\/h5><p>Nous mettons en \u0153uvre une vari\u00e9t\u00e9 de mesures de s\u00e9curit\u00e9 pour pr\u00e9server la s\u00e9curit\u00e9 de vos informations personnelles (SSL, RGPD). Nous utilisons un cryptage \u00e0 la pointe de la technologie pour prot\u00e9ger les informations sensibles transmises en ligne. Nous prot\u00e9geons \u00e9galement vos informations hors ligne. Seuls les employ\u00e9s qui ont besoin d\u2019effectuer un travail sp\u00e9cifique (par exemple, la facturation ou le service \u00e0 la client\u00e8le) ont acc\u00e8s aux informations personnelles identifiables. Les ordinateurs et serveurs utilis\u00e9s pour stocker des informations personnelles identifiables sont conserv\u00e9s dans un environnement s\u00e9curis\u00e9.<\/p><h5>Est-ce que nous utilisons des cookies ?<\/h5><p>Oui. Nos cookies am\u00e9liorent l\u2019acc\u00e8s \u00e0 notre site et identifient les visiteurs r\u00e9guliers. En outre, nos cookies am\u00e9liorent l\u2019exp\u00e9rience d\u2019utilisateur gr\u00e2ce au suivi et au ciblage de ses int\u00e9r\u00eats. Cependant, cette utilisation des cookies n\u2019est en aucune fa\u00e7on li\u00e9e \u00e0 des informations personnelles identifiables sur notre site.<\/p><h5>Se d\u00e9sabonner<\/h5><p>Nous utilisons l\u2019adresse e-mail que vous fournissez pour vous envoyer des informations via des e mailings\u00a0par exemple. Si \u00e0 n\u2019importe quel moment vous souhaitez vous d\u00e9sinscrire et ne plus recevoir nos mailings, des instructions de d\u00e9sabonnement d\u00e9taill\u00e9es sont incluses en bas de chaque mail.<\/p><h5>Consentement<\/h5><p>En utilisant notre site, vous consentez \u00e0 notre politique de confidentialit\u00e9.<\/p><\/div>\n<\/div>\n\n\n<div class=\"fw-row\">\n\t<div class=\"fw-col-xs-12 \" >\n\t<div class=\"fw-iconbox clearfix \">\n\t<div class=\"fw-iconbox-image\">\n\t\t<i class=\"\"><\/i>\n\t<\/div>\n\t<div class=\"fw-iconbox-aside\">\n\t\t<div class=\"fw-iconbox-title\">\n\t\t\t<h3><\/h3>\n\t\t<\/div>\n\t\t<div class=\"fw-iconbox-text\">\n\t\t\t<p><\/p>\n\t\t<\/div>\n\t<\/div>\n<\/div><\/div>\n<\/div>\n\n\t<\/div>\n<\/section>\n\n","protected":false},"excerpt":{"rendered":"<p>Politique de confidentialit\u00e9 La politique de confidentialit\u00e9 est susceptible d\u2019\u00eatre modifi\u00e9e ou compl\u00e9t\u00e9e \u00e0 tout moment par la Ratte du Touquet. L\u2019objectif \u00e9tant de se conformer \u00e0 toute \u00e9volution l\u00e9gislative, r\u00e9glementaire, jurisprudentielle ou technologique et de vous pr\u00e9venir, en tant qu\u2019utilisateur.Cette page de politique de confidentialit\u00e9 peut \u00eatre amen\u00e9e \u00e0 \u00e9voluer au fil du temps. [&hellip;]<\/p>\n","protected":false},"author":5,"featured_media":0,"parent":0,"menu_order":0,"comment_status":"closed","ping_status":"closed","template":"page-templates\/template-header.php","meta":{"wprm-recipe-roundup-name":[],"wprm-recipe-roundup-description":[]},"yoast_head":"<!-- This site is optimized with the Yoast SEO plugin v18.4.1 - https:\/\/yoast.com\/wordpress\/plugins\/seo\/ -->\n<title>Politique de confidentialit\u00e9<\/title>\n<meta name=\"robots\" content=\"index, follow, max-snippet:-1, max-image-preview:large, max-video-preview:-1\" \/>\n<link rel=\"canonical\" href=\"https:\/\/p6006.phpnet.org\/larattedutouquetold\/politique-de-confidentialite\/\" \/>\n<meta property=\"og:locale\" content=\"fr_FR\" \/>\n<meta property=\"og:type\" content=\"article\" \/>\n<meta property=\"og:title\" content=\"Politique de confidentialit\u00e9\" \/>\n<meta property=\"og:description\" content=\"Politique de confidentialit\u00e9 La politique de confidentialit\u00e9 est susceptible d\u2019\u00eatre modifi\u00e9e ou compl\u00e9t\u00e9e \u00e0 tout moment par la Ratte du Touquet. L\u2019objectif \u00e9tant de se conformer \u00e0 toute \u00e9volution l\u00e9gislative, r\u00e9glementaire, jurisprudentielle ou technologique et de vous pr\u00e9venir, en tant qu\u2019utilisateur.Cette page de politique de confidentialit\u00e9 peut \u00eatre amen\u00e9e \u00e0 \u00e9voluer au fil du temps. [&hellip;]\" \/>\n<meta property=\"og:url\" content=\"https:\/\/p6006.phpnet.org\/larattedutouquetold\/politique-de-confidentialite\/\" \/>\n<meta property=\"og:site_name\" content=\"La pomme de terre des gastronomes\" \/>\n<meta property=\"article:modified_time\" content=\"2018-06-27T16:00:54+00:00\" \/>\n<meta name=\"twitter:card\" content=\"summary\" \/>\n<meta name=\"twitter:label1\" content=\"Dur\u00e9e de lecture estim\u00e9e\" \/>\n\t<meta name=\"twitter:data1\" content=\"4 minutes\" \/>\n<script type=\"application\/ld+json\" class=\"yoast-schema-graph\">{\"@context\":\"https:\/\/schema.org\",\"@graph\":[{\"@type\":\"WebSite\",\"@id\":\"https:\/\/p6006.phpnet.org\/larattedutouquetold\/#website\",\"url\":\"https:\/\/p6006.phpnet.org\/larattedutouquetold\/\",\"name\":\"La pomme de terre des gastronomes\",\"description\":\"\",\"potentialAction\":[{\"@type\":\"SearchAction\",\"target\":{\"@type\":\"EntryPoint\",\"urlTemplate\":\"https:\/\/p6006.phpnet.org\/larattedutouquetold\/?s={search_term_string}\"},\"query-input\":\"required name=search_term_string\"}],\"inLanguage\":\"fr-FR\"},{\"@type\":\"WebPage\",\"@id\":\"https:\/\/p6006.phpnet.org\/larattedutouquetold\/politique-de-confidentialite\/#webpage\",\"url\":\"https:\/\/p6006.phpnet.org\/larattedutouquetold\/politique-de-confidentialite\/\",\"name\":\"Politique de confidentialit\u00e9\",\"isPartOf\":{\"@id\":\"https:\/\/p6006.phpnet.org\/larattedutouquetold\/#website\"},\"datePublished\":\"2018-05-24T21:57:45+00:00\",\"dateModified\":\"2018-06-27T16:00:54+00:00\",\"breadcrumb\":{\"@id\":\"https:\/\/p6006.phpnet.org\/larattedutouquetold\/politique-de-confidentialite\/#breadcrumb\"},\"inLanguage\":\"fr-FR\",\"potentialAction\":[{\"@type\":\"ReadAction\",\"target\":[\"https:\/\/p6006.phpnet.org\/larattedutouquetold\/politique-de-confidentialite\/\"]}]},{\"@type\":\"BreadcrumbList\",\"@id\":\"https:\/\/p6006.phpnet.org\/larattedutouquetold\/politique-de-confidentialite\/#breadcrumb\",\"itemListElement\":[{\"@type\":\"ListItem\",\"position\":1,\"name\":\"Accueil\",\"item\":\"https:\/\/p6006.phpnet.org\/larattedutouquetold\/\"},{\"@type\":\"ListItem\",\"position\":2,\"name\":\"Politique de confidentialit\u00e9\"}]}]}<\/script>\n<!-- \/ Yoast SEO plugin. -->","yoast_head_json":{"title":"Politique de confidentialit\u00e9","robots":{"index":"index","follow":"follow","max-snippet":"max-snippet:-1","max-image-preview":"max-image-preview:large","max-video-preview":"max-video-preview:-1"},"canonical":"https:\/\/p6006.phpnet.org\/larattedutouquetold\/politique-de-confidentialite\/","og_locale":"fr_FR","og_type":"article","og_title":"Politique de confidentialit\u00e9","og_description":"Politique de confidentialit\u00e9 La politique de confidentialit\u00e9 est susceptible d\u2019\u00eatre modifi\u00e9e ou compl\u00e9t\u00e9e \u00e0 tout moment par la Ratte du Touquet. L\u2019objectif \u00e9tant de se conformer \u00e0 toute \u00e9volution l\u00e9gislative, r\u00e9glementaire, jurisprudentielle ou technologique et de vous pr\u00e9venir, en tant qu\u2019utilisateur.Cette page de politique de confidentialit\u00e9 peut \u00eatre amen\u00e9e \u00e0 \u00e9voluer au fil du temps. [&hellip;]","og_url":"https:\/\/p6006.phpnet.org\/larattedutouquetold\/politique-de-confidentialite\/","og_site_name":"La pomme de terre des gastronomes","article_modified_time":"2018-06-27T16:00:54+00:00","twitter_card":"summary","twitter_misc":{"Dur\u00e9e de lecture estim\u00e9e":"4 minutes"},"schema":{"@context":"https:\/\/schema.org","@graph":[{"@type":"WebSite","@id":"https:\/\/p6006.phpnet.org\/larattedutouquetold\/#website","url":"https:\/\/p6006.phpnet.org\/larattedutouquetold\/","name":"La pomme de terre des gastronomes","description":"","potentialAction":[{"@type":"SearchAction","target":{"@type":"EntryPoint","urlTemplate":"https:\/\/p6006.phpnet.org\/larattedutouquetold\/?s={search_term_string}"},"query-input":"required name=search_term_string"}],"inLanguage":"fr-FR"},{"@type":"WebPage","@id":"https:\/\/p6006.phpnet.org\/larattedutouquetold\/politique-de-confidentialite\/#webpage","url":"https:\/\/p6006.phpnet.org\/larattedutouquetold\/politique-de-confidentialite\/","name":"Politique de confidentialit\u00e9","isPartOf":{"@id":"https:\/\/p6006.phpnet.org\/larattedutouquetold\/#website"},"datePublished":"2018-05-24T21:57:45+00:00","dateModified":"2018-06-27T16:00:54+00:00","breadcrumb":{"@id":"https:\/\/p6006.phpnet.org\/larattedutouquetold\/politique-de-confidentialite\/#breadcrumb"},"inLanguage":"fr-FR","potentialAction":[{"@type":"ReadAction","target":["https:\/\/p6006.phpnet.org\/larattedutouquetold\/politique-de-confidentialite\/"]}]},{"@type":"BreadcrumbList","@id":"https:\/\/p6006.phpnet.org\/larattedutouquetold\/politique-de-confidentialite\/#breadcrumb","itemListElement":[{"@type":"ListItem","position":1,"name":"Accueil","item":"https:\/\/p6006.phpnet.org\/larattedutouquetold\/"},{"@type":"ListItem","position":2,"name":"Politique de confidentialit\u00e9"}]}]}},"_links":{"self":[{"href":"https:\/\/p6006.phpnet.org\/larattedutouquetold\/wp-json\/wp\/v2\/pages\/3161"}],"collection":[{"href":"https:\/\/p6006.phpnet.org\/larattedutouquetold\/wp-json\/wp\/v2\/pages"}],"about":[{"href":"https:\/\/p6006.phpnet.org\/larattedutouquetold\/wp-json\/wp\/v2\/types\/page"}],"author":[{"embeddable":true,"href":"https:\/\/p6006.phpnet.org\/larattedutouquetold\/wp-json\/wp\/v2\/users\/5"}],"replies":[{"embeddable":true,"href":"https:\/\/p6006.phpnet.org\/larattedutouquetold\/wp-json\/wp\/v2\/comments?post=3161"}],"version-history":[{"count":0,"href":"https:\/\/p6006.phpnet.org\/larattedutouquetold\/wp-json\/wp\/v2\/pages\/3161\/revisions"}],"wp:attachment":[{"href":"https:\/\/p6006.phpnet.org\/larattedutouquetold\/wp-json\/wp\/v2\/media?parent=3161"}],"curies":[{"name":"wp","href":"https:\/\/api.w.org\/{rel}","templated":true}]}}