{"id":5003,"date":"2019-08-30T12:04:09","date_gmt":"2019-08-30T10:04:09","guid":{"rendered":"https:\/\/www.larattedutouquet.com\/?page_id=5003"},"modified":"2021-01-05T22:52:57","modified_gmt":"2021-01-05T21:52:57","slug":"aurelien-producteur-pomme-de-terre-ratte-du-touquet","status":"publish","type":"page","link":"https:\/\/p6006.phpnet.org\/larattedutouquetold\/aurelien-producteur-pomme-de-terre-ratte-du-touquet\/","title":{"rendered":"Aur\u00e9lien, l&rsquo;engag\u00e9"},"content":{"rendered":"<p>\t\t<section  class=\"ht-section \"  >\n\t\t\n\t<div class=\"container\">\n\t\t\t\t\t\n\t\t\n<div class=\"fw-row\">\n\t<div class=\"fw-col-xs-12 \" >\n\t<div class=\"fw-heading fw-heading-h1 fw-heading-center\">\n\t\t<h1 class='fw-special-title'>Aur\u00e9lien, l'engag\u00e9<\/h1>\t<\/div><\/div>\n<\/div>\n\n\t<\/div>\n<\/section>\n\t\t<section  class=\"ht-section \"  >\n\t\t\n\t<div class=\"container\">\n\t\t\t\t\t\n\t\t\n<div class=\"fw-row\">\n\t<div class=\"fw-col-xs-12 \" >\n\t<p><img class=\"alignleft wp-image-5013 size-full\" src=\"https:\/\/www.larattedutouquet.com\/wp-content\/uploads\/2019\/09\/680x358_agriculteur-4_Plan-de-travail-1-copie.jpg\" alt=\"Aur\u00e9lien producteur ratte du touquet\" width=\"680\" height=\"358\" \/><\/p><p>C\u2019est dans l\u2019exploitation de ses beaux-parents dont il assure la gestion, qu\u2019Aur\u00e9lien a fait\u00a0la connaissance de la Ratte du Touquet. Ces deux-l\u00e0 \u00e9taient faits pour s\u2019entendre. D\u2019un\u00a0c\u00f4t\u00e9, il y a le capricieux petit tubercule qui exige tout un savoir-faire pour bien pousser, et\u00a0de l\u2019autre, il y a ce perfectionniste sans cesse en qu\u00eate de nouvelles techniques pour\u00a0optimiser la qualit\u00e9 de la vari\u00e9t\u00e9. Portrait d\u2019un homme qui n\u2019abandonne\u00a0jamais.<\/p><p><span class=\"Apple-converted-space\">\u00a0A<\/span>ur\u00e9lien est agriculteur mais se d\u00e9finit avant tout comme un chef d\u2019entreprise. Ils sont comme \u00e7a les\u00a0cultivateurs d\u2019aujourd\u2019hui. Ils jonglent entre la combinaison de travail et le costume. Ce n\u2019est pas tout que\u00a0de savoir r\u00e9colter un bon produit. Il faut aussi pouvoir g\u00e9rer l\u2019administratif, les ressources humaines, la\u00a0fiscalit\u00e9, la comptabilit\u00e9. Alors les 4 ann\u00e9es qu\u2019Aur\u00e9lien a pass\u00e9es en tant que gestionnaire de patrimoine\u00a0sont finalement une aubaine. Elles lui ont appris \u00e0 d\u00e9coder le monde de la finance, \u00e0 communiquer avec le\u00a0secteur bancaire, et \u00eatre en prise avec les r\u00e9alit\u00e9s \u00e9conomiques du m\u00e9tier. Une exp\u00e9rience qui lui permet\u00a0aujourd\u2019hui d\u2019\u00eatre actif de fa\u00e7on simultan\u00e9e sur deux exploitations : celle de ses parents et celle de ses\u00a0beaux-parents.<\/p><p>Depuis 5 ans, il accueille sur ses terres la Ratte du Touquet. Une vari\u00e9t\u00e9 qui convient tout-\u00e0-fait \u00e0 ce\u00a0cultivateur chevronn\u00e9, toujours \u00e0 la recherche de nouveaux d\u00e9fis \u00e0 relever. R\u00e9pondre au cahier des charges\u00a0tr\u00e8s exigeant de sa charte qualit\u00e9 n\u2019a pas \u00e9t\u00e9 un probl\u00e8me pour lui.<\/p><p>\u00ab Cultiver la Ratte est une aventure passionnante, intellectuellement stimulante. Nous cr\u00e9ons r\u00e9guli\u00e8rement\u00a0des groupes de travail avec les producteurs historiques de la Ratte et c\u2019est un perp\u00e9tuel enrichissement. On\u00a0partage nos savoir-faire, nos \u00e9checs, nos bons proc\u00e9d\u00e9s. C\u2019est une remise en question permanente, et c\u2019est\u00a0ce qui me plait. Cela vient nourrir ma propre exp\u00e9rience. \u00bb<\/p><p><span class=\"Apple-converted-space\">\u00a0<\/span>Parce qu\u2019Aur\u00e9lien est un agriculteur qui aime se r\u00e9inventer, sortir de sa zone de confort. Il entame\u00a0r\u00e9guli\u00e8rement des d\u00e9marches de certification. Son exploitation est d\u2019ailleurs certifi\u00e9e ISO14001 et s\u2019engage\u00a0aujourd\u2019hui sur la voie d\u2019une qualification \u00ab Haute Valeur Environnementale \u00bb.<\/p><h2>\u00ab De nouvelles m\u00e9thodes de culture doivent \u00e9merger. \u00bb<\/h2><p>&nbsp;<\/p><p>Convaincu des bienfaits de l\u2019agriculture de conservation des sols, il n\u2019a pas peur de bousculer ses\u00a0pratiques culturales et d\u2019amorcer des mutations profondes dans son exploitation.<\/p><p>\u00ab Dans le Santerre, nous b\u00e9n\u00e9ficions d\u2019un sol profond et limoneux qui permet de le travailler facilement.\u00a0Mais il me parait important de renforcer la sant\u00e9 de nos sols. Cela passe par exemple par l\u2019augmentation du\u00a0taux de mati\u00e8re organique, en limitant le travail du sol et en privil\u00e9giant des pratiques sans labour. L\u2019objectif\u00a0est de permettre aux produits que nous cultivons de mieux r\u00e9sister aux maladies et ainsi limiter les apports\u00a0de produits phytosanitaires et tendre vers une culture plus saine, sans r\u00e9sidus.\u00a0Certes, ceci implique de revisiter le syst\u00e8me global de nos exploitations, mais c\u2019est la responsabilit\u00e9 de ma\u00a0g\u00e9n\u00e9ration \u00bb.<\/p><p><span class=\"Apple-converted-space\">\u00a0<\/span>C\u2019est ce qui fait la force de la Ratte du Touquet. Elle a toujours su s\u2019entourer de producteurs chevronn\u00e9s et\u00a0passionn\u00e9s dont le seul objectif est de remettre la qualit\u00e9, l\u2019exigence et le respect de la nature au coeur des\u00a0pr\u00e9occupations.<\/p><\/div>\n<\/div>\n\n\t<\/div>\n<\/section>\n\t\t<section  class=\"ht-section \"  >\n\t\t\n\t<div class=\"container\">\n\t\t\t\t\t\n\t\t\t<\/div>\n<\/section>\n<\/p>\n","protected":false},"excerpt":{"rendered":"<p>Aur\u00e9lien, l&rsquo;engag\u00e9 C\u2019est dans l\u2019exploitation de ses beaux-parents dont il assure la gestion, qu\u2019Aur\u00e9lien a fait\u00a0la connaissance de la Ratte du Touquet. Ces deux-l\u00e0 \u00e9taient faits pour s\u2019entendre. D\u2019un\u00a0c\u00f4t\u00e9, il y a le capricieux petit tubercule qui exige tout un savoir-faire pour bien pousser, et\u00a0de l\u2019autre, il y a ce perfectionniste sans cesse en qu\u00eate [&hellip;]<\/p>\n","protected":false},"author":6,"featured_media":0,"parent":0,"menu_order":0,"comment_status":"closed","ping_status":"closed","template":"page-templates\/template-colonne.php","meta":{"wprm-recipe-roundup-name":[],"wprm-recipe-roundup-description":[]},"yoast_head":"<!-- This site is optimized with the Yoast SEO plugin v18.4.1 - https:\/\/yoast.com\/wordpress\/plugins\/seo\/ -->\n<title>Aur\u00e9lien, l&#039;engag\u00e9<\/title>\n<meta name=\"description\" content=\"D\u00e9couvrez le portrait d&#039;Aur\u00e9lien, producteur passionn\u00e9 de la variet\u00e9 de pommes de terre la Ratte du Touquet. Bonne d\u00e9couverte !\" \/>\n<meta name=\"robots\" content=\"index, follow, max-snippet:-1, max-image-preview:large, max-video-preview:-1\" \/>\n<link rel=\"canonical\" href=\"https:\/\/p6006.phpnet.org\/larattedutouquetold\/aurelien-producteur-pomme-de-terre-ratte-du-touquet\/\" \/>\n<meta property=\"og:locale\" content=\"fr_FR\" \/>\n<meta property=\"og:type\" content=\"article\" \/>\n<meta property=\"og:title\" content=\"Aur\u00e9lien, l&#039;engag\u00e9\" \/>\n<meta property=\"og:description\" content=\"D\u00e9couvrez le portrait d&#039;Aur\u00e9lien, producteur passionn\u00e9 de la variet\u00e9 de pommes de terre la Ratte du Touquet. Bonne d\u00e9couverte !\" \/>\n<meta property=\"og:url\" content=\"https:\/\/p6006.phpnet.org\/larattedutouquetold\/aurelien-producteur-pomme-de-terre-ratte-du-touquet\/\" \/>\n<meta property=\"og:site_name\" content=\"La pomme de terre des gastronomes\" \/>\n<meta property=\"article:modified_time\" content=\"2021-01-05T21:52:57+00:00\" \/>\n<meta property=\"og:image\" content=\"https:\/\/www.larattedutouquet.com\/wp-content\/uploads\/2019\/09\/680x358_agriculteur-4_Plan-de-travail-1-copie.jpg\" \/>\n<meta name=\"twitter:card\" content=\"summary\" \/>\n<meta name=\"twitter:label1\" content=\"Dur\u00e9e de lecture estim\u00e9e\" \/>\n\t<meta name=\"twitter:data1\" content=\"3 minutes\" \/>\n<script type=\"application\/ld+json\" class=\"yoast-schema-graph\">{\"@context\":\"https:\/\/schema.org\",\"@graph\":[{\"@type\":\"WebSite\",\"@id\":\"https:\/\/p6006.phpnet.org\/larattedutouquetold\/#website\",\"url\":\"https:\/\/p6006.phpnet.org\/larattedutouquetold\/\",\"name\":\"La pomme de terre des gastronomes\",\"description\":\"\",\"potentialAction\":[{\"@type\":\"SearchAction\",\"target\":{\"@type\":\"EntryPoint\",\"urlTemplate\":\"https:\/\/p6006.phpnet.org\/larattedutouquetold\/?s={search_term_string}\"},\"query-input\":\"required name=search_term_string\"}],\"inLanguage\":\"fr-FR\"},{\"@type\":\"ImageObject\",\"@id\":\"https:\/\/p6006.phpnet.org\/larattedutouquetold\/aurelien-producteur-pomme-de-terre-ratte-du-touquet\/#primaryimage\",\"inLanguage\":\"fr-FR\",\"url\":\"https:\/\/www.larattedutouquet.com\/wp-content\/uploads\/2019\/09\/680x358_agriculteur-4_Plan-de-travail-1-copie.jpg\",\"contentUrl\":\"https:\/\/www.larattedutouquet.com\/wp-content\/uploads\/2019\/09\/680x358_agriculteur-4_Plan-de-travail-1-copie.jpg\"},{\"@type\":\"WebPage\",\"@id\":\"https:\/\/p6006.phpnet.org\/larattedutouquetold\/aurelien-producteur-pomme-de-terre-ratte-du-touquet\/#webpage\",\"url\":\"https:\/\/p6006.phpnet.org\/larattedutouquetold\/aurelien-producteur-pomme-de-terre-ratte-du-touquet\/\",\"name\":\"Aur\u00e9lien, l'engag\u00e9\",\"isPartOf\":{\"@id\":\"https:\/\/p6006.phpnet.org\/larattedutouquetold\/#website\"},\"primaryImageOfPage\":{\"@id\":\"https:\/\/p6006.phpnet.org\/larattedutouquetold\/aurelien-producteur-pomme-de-terre-ratte-du-touquet\/#primaryimage\"},\"datePublished\":\"2019-08-30T10:04:09+00:00\",\"dateModified\":\"2021-01-05T21:52:57+00:00\",\"description\":\"D\u00e9couvrez le portrait d'Aur\u00e9lien, producteur passionn\u00e9 de la variet\u00e9 de pommes de terre la Ratte du Touquet. Bonne d\u00e9couverte !\",\"breadcrumb\":{\"@id\":\"https:\/\/p6006.phpnet.org\/larattedutouquetold\/aurelien-producteur-pomme-de-terre-ratte-du-touquet\/#breadcrumb\"},\"inLanguage\":\"fr-FR\",\"potentialAction\":[{\"@type\":\"ReadAction\",\"target\":[\"https:\/\/p6006.phpnet.org\/larattedutouquetold\/aurelien-producteur-pomme-de-terre-ratte-du-touquet\/\"]}]},{\"@type\":\"BreadcrumbList\",\"@id\":\"https:\/\/p6006.phpnet.org\/larattedutouquetold\/aurelien-producteur-pomme-de-terre-ratte-du-touquet\/#breadcrumb\",\"itemListElement\":[{\"@type\":\"ListItem\",\"position\":1,\"name\":\"Accueil\",\"item\":\"https:\/\/p6006.phpnet.org\/larattedutouquetold\/\"},{\"@type\":\"ListItem\",\"position\":2,\"name\":\"Aur\u00e9lien, l&rsquo;engag\u00e9\"}]}]}<\/script>\n<!-- \/ Yoast SEO plugin. -->","yoast_head_json":{"title":"Aur\u00e9lien, l'engag\u00e9","description":"D\u00e9couvrez le portrait d'Aur\u00e9lien, producteur passionn\u00e9 de la variet\u00e9 de pommes de terre la Ratte du Touquet. Bonne d\u00e9couverte !","robots":{"index":"index","follow":"follow","max-snippet":"max-snippet:-1","max-image-preview":"max-image-preview:large","max-video-preview":"max-video-preview:-1"},"canonical":"https:\/\/p6006.phpnet.org\/larattedutouquetold\/aurelien-producteur-pomme-de-terre-ratte-du-touquet\/","og_locale":"fr_FR","og_type":"article","og_title":"Aur\u00e9lien, l'engag\u00e9","og_description":"D\u00e9couvrez le portrait d'Aur\u00e9lien, producteur passionn\u00e9 de la variet\u00e9 de pommes de terre la Ratte du Touquet. Bonne d\u00e9couverte !","og_url":"https:\/\/p6006.phpnet.org\/larattedutouquetold\/aurelien-producteur-pomme-de-terre-ratte-du-touquet\/","og_site_name":"La pomme de terre des gastronomes","article_modified_time":"2021-01-05T21:52:57+00:00","og_image":[{"url":"https:\/\/www.larattedutouquet.com\/wp-content\/uploads\/2019\/09\/680x358_agriculteur-4_Plan-de-travail-1-copie.jpg"}],"twitter_card":"summary","twitter_misc":{"Dur\u00e9e de lecture estim\u00e9e":"3 minutes"},"schema":{"@context":"https:\/\/schema.org","@graph":[{"@type":"WebSite","@id":"https:\/\/p6006.phpnet.org\/larattedutouquetold\/#website","url":"https:\/\/p6006.phpnet.org\/larattedutouquetold\/","name":"La pomme de terre des gastronomes","description":"","potentialAction":[{"@type":"SearchAction","target":{"@type":"EntryPoint","urlTemplate":"https:\/\/p6006.phpnet.org\/larattedutouquetold\/?s={search_term_string}"},"query-input":"required name=search_term_string"}],"inLanguage":"fr-FR"},{"@type":"ImageObject","@id":"https:\/\/p6006.phpnet.org\/larattedutouquetold\/aurelien-producteur-pomme-de-terre-ratte-du-touquet\/#primaryimage","inLanguage":"fr-FR","url":"https:\/\/www.larattedutouquet.com\/wp-content\/uploads\/2019\/09\/680x358_agriculteur-4_Plan-de-travail-1-copie.jpg","contentUrl":"https:\/\/www.larattedutouquet.com\/wp-content\/uploads\/2019\/09\/680x358_agriculteur-4_Plan-de-travail-1-copie.jpg"},{"@type":"WebPage","@id":"https:\/\/p6006.phpnet.org\/larattedutouquetold\/aurelien-producteur-pomme-de-terre-ratte-du-touquet\/#webpage","url":"https:\/\/p6006.phpnet.org\/larattedutouquetold\/aurelien-producteur-pomme-de-terre-ratte-du-touquet\/","name":"Aur\u00e9lien, l'engag\u00e9","isPartOf":{"@id":"https:\/\/p6006.phpnet.org\/larattedutouquetold\/#website"},"primaryImageOfPage":{"@id":"https:\/\/p6006.phpnet.org\/larattedutouquetold\/aurelien-producteur-pomme-de-terre-ratte-du-touquet\/#primaryimage"},"datePublished":"2019-08-30T10:04:09+00:00","dateModified":"2021-01-05T21:52:57+00:00","description":"D\u00e9couvrez le portrait d'Aur\u00e9lien, producteur passionn\u00e9 de la variet\u00e9 de pommes de terre la Ratte du Touquet. Bonne d\u00e9couverte !","breadcrumb":{"@id":"https:\/\/p6006.phpnet.org\/larattedutouquetold\/aurelien-producteur-pomme-de-terre-ratte-du-touquet\/#breadcrumb"},"inLanguage":"fr-FR","potentialAction":[{"@type":"ReadAction","target":["https:\/\/p6006.phpnet.org\/larattedutouquetold\/aurelien-producteur-pomme-de-terre-ratte-du-touquet\/"]}]},{"@type":"BreadcrumbList","@id":"https:\/\/p6006.phpnet.org\/larattedutouquetold\/aurelien-producteur-pomme-de-terre-ratte-du-touquet\/#breadcrumb","itemListElement":[{"@type":"ListItem","position":1,"name":"Accueil","item":"https:\/\/p6006.phpnet.org\/larattedutouquetold\/"},{"@type":"ListItem","position":2,"name":"Aur\u00e9lien, l&rsquo;engag\u00e9"}]}]}},"_links":{"self":[{"href":"https:\/\/p6006.phpnet.org\/larattedutouquetold\/wp-json\/wp\/v2\/pages\/5003"}],"collection":[{"href":"https:\/\/p6006.phpnet.org\/larattedutouquetold\/wp-json\/wp\/v2\/pages"}],"about":[{"href":"https:\/\/p6006.phpnet.org\/larattedutouquetold\/wp-json\/wp\/v2\/types\/page"}],"author":[{"embeddable":true,"href":"https:\/\/p6006.phpnet.org\/larattedutouquetold\/wp-json\/wp\/v2\/users\/6"}],"replies":[{"embeddable":true,"href":"https:\/\/p6006.phpnet.org\/larattedutouquetold\/wp-json\/wp\/v2\/comments?post=5003"}],"version-history":[{"count":1,"href":"https:\/\/p6006.phpnet.org\/larattedutouquetold\/wp-json\/wp\/v2\/pages\/5003\/revisions"}],"predecessor-version":[{"id":5631,"href":"https:\/\/p6006.phpnet.org\/larattedutouquetold\/wp-json\/wp\/v2\/pages\/5003\/revisions\/5631"}],"wp:attachment":[{"href":"https:\/\/p6006.phpnet.org\/larattedutouquetold\/wp-json\/wp\/v2\/media?parent=5003"}],"curies":[{"name":"wp","href":"https:\/\/api.w.org\/{rel}","templated":true}]}}