{"id":925,"date":"2016-07-27T11:43:32","date_gmt":"2016-07-27T09:43:32","guid":{"rendered":"https:\/\/www.larattedutouquet.com\/?page_id=925"},"modified":"2018-09-07T14:38:57","modified_gmt":"2018-09-07T12:38:57","slug":"nos-producteurs","status":"publish","type":"page","link":"https:\/\/p6006.phpnet.org\/larattedutouquetold\/nos-producteurs\/","title":{"rendered":"Nos producteurs"},"content":{"rendered":"\t\t<section class=\"ht-section hs-editors grid\" style=\"background-color:#ffffff;\">\n\t\t\t\n\t<div class=\"container\">\n\t\t\t\t\t\n\t\t\n<div class=\"fw-row\">\n\t<div class=\"fw-col-xs-12 \" >\n\t<div class=\"fw-heading fw-heading-h1 fw-heading-center\">\n\t\t<h1 class='fw-special-title'>Qui a cultiv\u00e9 vos pommes de terre Ratte du Touquet ?<\/h1>\t<\/div><p><strong>Retrouvez le producteur de vos pommes de terre, la photo de son champ, ainsi que son interview en vid\u00e9o !<\/strong><br \/>Comment faire ?\u00a0Sur l\u2019emballage de vos Ratte du Touquet, vous trouverez une \u00e9tiquette sur laquelle est mentionn\u00e9 le pr\u00e9nom du producteur qui a cultiv\u00e9 vos pommes de terre.\u00a0Cliquez ensuite sur sa photo ci-dessous pour acc\u00e9der \u00e0 son portrait.<\/p><\/div>\n<\/div>\n\n\n<div class=\"fw-row\">\n\t<div class=\"entry fw-col-xs-12 fw-col-sm-3 \" >\n\t<div class=\"entry-member\">\n<div class=\"entry-media\">\n\t<div class=\"thumb\">\n\t\t<img src=\"\/\/www.larattedutouquet.com\/wp-content\/uploads\/2018\/08\/portrait-alban-140x140_Plan-de-travail-1.png\" alt=\"member\">\n\t<\/div>\n<\/div>\n<h3 class=\"entry-name\">Alban<\/h3>\n<p class=\"entry-position\">La nouvelle g\u00e9n\u00e9ration<\/p>\n<div class=\"entry-social\">\n\t<div class=\"entry-social-inner\">\n\t\t\t\t\t<a href=\"https:\/\/www.larattedutouquet.com\/alban-producteur-ratte-du-touquet\/\" class=\"\">En savoir plus<\/a>\n\t\t\n\t\t\n\t\t\n\t\t\n\t\t\t<\/div>\n<\/div>\n<\/div><\/div>\n<div class=\"entry fw-col-xs-12 fw-col-sm-3 \" >\n\t<div class=\"entry-member\">\n<div class=\"entry-media\">\n\t<div class=\"thumb\">\n\t\t<img src=\"\/\/www.larattedutouquet.com\/wp-content\/uploads\/2015\/04\/benoit.png\" alt=\"member\">\n\t<\/div>\n<\/div>\n<h3 class=\"entry-name\">Beno\u00eet<\/h3>\n<p class=\"entry-position\">L&#039;environnement en famille<\/p>\n<div class=\"entry-social\">\n\t<div class=\"entry-social-inner\">\n\t\t\t\t\t<a href=\"https:\/\/www.larattedutouquet.com\/benoit-lenvironnement-en-famille\/\" class=\"\">En savoir plus<\/a>\n\t\t\n\t\t\n\t\t\n\t\t\n\t\t\t<\/div>\n<\/div>\n<\/div><\/div>\n<div class=\"entry fw-col-xs-12 fw-col-sm-3 \" >\n\t<div class=\"entry-member\">\n<div class=\"entry-media\">\n\t<div class=\"thumb\">\n\t\t<img src=\"\/\/www.larattedutouquet.com\/wp-content\/uploads\/2015\/04\/dominique.png\" alt=\"member\">\n\t<\/div>\n<\/div>\n<h3 class=\"entry-name\">Dominique<\/h3>\n<p class=\"entry-position\">Une vocation depuis 45 ans<\/p>\n<div class=\"entry-social\">\n\t<div class=\"entry-social-inner\">\n\t\t\t\t\t<a href=\"https:\/\/www.larattedutouquet.com\/dominique-une-vocation-depuis-45-ans\/\" class=\"\">En savoir plus<\/a>\n\t\t\n\t\t\n\t\t\n\t\t\n\t\t\t<\/div>\n<\/div>\n<\/div><\/div>\n<div class=\"entry fw-col-xs-12 fw-col-sm-3 \" >\n\t<div class=\"entry-member\">\n<div class=\"entry-media\">\n\t<div class=\"thumb\">\n\t\t<img src=\"\/\/www.larattedutouquet.com\/wp-content\/uploads\/2015\/04\/eric.png\" alt=\"member\">\n\t<\/div>\n<\/div>\n<h3 class=\"entry-name\">Eric<\/h3>\n<p class=\"entry-position\">Pour une agriculture durable<\/p>\n<div class=\"entry-social\">\n\t<div class=\"entry-social-inner\">\n\t\t\t\t\t<a href=\"https:\/\/www.larattedutouquet.com\/eric-pour-une-agriculture-durable\/\" class=\"\">En savoir plus<\/a>\n\t\t\n\t\t\n\t\t\n\t\t\n\t\t\t<\/div>\n<\/div>\n<\/div><\/div>\n<\/div>\n\n\n<div class=\"fw-row\">\n\t<div class=\"entry fw-col-xs-12 fw-col-sm-3 \" >\n\t<div class=\"entry-member\">\n<div class=\"entry-media\">\n\t<div class=\"thumb\">\n\t\t<img src=\"\/\/www.larattedutouquet.com\/wp-content\/uploads\/2015\/04\/georges.png\" alt=\"member\">\n\t<\/div>\n<\/div>\n<h3 class=\"entry-name\">Georges<\/h3>\n<p class=\"entry-position\">Le sp\u00e9cialiste des vari\u00e9ti\u00e9s<\/p>\n<div class=\"entry-social\">\n\t<div class=\"entry-social-inner\">\n\t\t\t\t\t<a href=\"https:\/\/www.larattedutouquet.com\/georges-le-specialiste-des-varietes\/\" class=\"\">En savoir plus<\/a>\n\t\t\n\t\t\n\t\t\n\t\t\n\t\t\t<\/div>\n<\/div>\n<\/div><\/div>\n<div class=\"entry fw-col-xs-12 fw-col-sm-3 \" >\n\t<div class=\"entry-member\">\n<div class=\"entry-media\">\n\t<div class=\"thumb\">\n\t\t<img src=\"\/\/www.larattedutouquet.com\/wp-content\/uploads\/2015\/04\/marcantoine.png\" alt=\"member\">\n\t<\/div>\n<\/div>\n<h3 class=\"entry-name\">Marc-Antoine<\/h3>\n<p class=\"entry-position\">Le protecteur des animaux<\/p>\n<div class=\"entry-social\">\n\t<div class=\"entry-social-inner\">\n\t\t\t\t\t<a href=\"https:\/\/www.larattedutouquet.com\/marc-antoine-le-protecteur-des-animaux\/\" class=\"\">En savoir plus<\/a>\n\t\t\n\t\t\n\t\t\n\t\t\n\t\t\t<\/div>\n<\/div>\n<\/div><\/div>\n<div class=\"entry fw-col-xs-12 fw-col-sm-3 \" >\n\t<div class=\"entry-member\">\n<div class=\"entry-media\">\n\t<div class=\"thumb\">\n\t\t<img src=\"\/\/www.larattedutouquet.com\/wp-content\/uploads\/2015\/04\/olivier.png\" alt=\"member\">\n\t<\/div>\n<\/div>\n<h3 class=\"entry-name\">Olivier<\/h3>\n<p class=\"entry-position\">L&#039;amour du m\u00e9tier et du produit<\/p>\n<div class=\"entry-social\">\n\t<div class=\"entry-social-inner\">\n\t\t\t\t\t<a href=\"https:\/\/www.larattedutouquet.com\/olivier-lamour-du-metier-et-du-produit\/\" class=\"\">En savoir plus<\/a>\n\t\t\n\t\t\n\t\t\n\t\t\n\t\t\t<\/div>\n<\/div>\n<\/div><\/div>\n<\/div>\n\n\t<\/div>\n<\/section>\n\n","protected":false},"excerpt":{"rendered":"<p>Qui a cultiv\u00e9 vos pommes de terre Ratte du Touquet ? Retrouvez le producteur de vos pommes de terre, la photo de son champ, ainsi que son interview en vid\u00e9o !Comment faire ?\u00a0Sur l\u2019emballage de vos Ratte du Touquet, vous trouverez une \u00e9tiquette sur laquelle est mentionn\u00e9 le pr\u00e9nom du producteur qui a cultiv\u00e9 vos [&hellip;]<\/p>\n","protected":false},"author":6,"featured_media":0,"parent":0,"menu_order":0,"comment_status":"open","ping_status":"closed","template":"page-templates\/template-header.php","meta":{"wprm-recipe-roundup-name":[],"wprm-recipe-roundup-description":[]},"yoast_head":"<!-- This site is optimized with the Yoast SEO plugin v18.4.1 - https:\/\/yoast.com\/wordpress\/plugins\/seo\/ -->\n<title>Nos producteurs<\/title>\n<meta name=\"robots\" content=\"index, follow, max-snippet:-1, max-image-preview:large, max-video-preview:-1\" \/>\n<link rel=\"canonical\" href=\"https:\/\/p6006.phpnet.org\/larattedutouquetold\/nos-producteurs\/\" \/>\n<meta property=\"og:locale\" content=\"fr_FR\" \/>\n<meta property=\"og:type\" content=\"article\" \/>\n<meta property=\"og:title\" content=\"Nos producteurs\" \/>\n<meta property=\"og:description\" content=\"Qui a cultiv\u00e9 vos pommes de terre Ratte du Touquet ? Retrouvez le producteur de vos pommes de terre, la photo de son champ, ainsi que son interview en vid\u00e9o !Comment faire ?\u00a0Sur l\u2019emballage de vos Ratte du Touquet, vous trouverez une \u00e9tiquette sur laquelle est mentionn\u00e9 le pr\u00e9nom du producteur qui a cultiv\u00e9 vos [&hellip;]\" \/>\n<meta property=\"og:url\" content=\"https:\/\/p6006.phpnet.org\/larattedutouquetold\/nos-producteurs\/\" \/>\n<meta property=\"og:site_name\" content=\"La pomme de terre des gastronomes\" \/>\n<meta property=\"article:modified_time\" content=\"2018-09-07T12:38:57+00:00\" \/>\n<meta property=\"og:image\" content=\"\/\/www.larattedutouquet.com\/wp-content\/uploads\/2018\/08\/portrait-alban-140x140_Plan-de-travail-1.png\" \/>\n<meta name=\"twitter:card\" content=\"summary\" \/>\n<meta name=\"twitter:label1\" content=\"Dur\u00e9e de lecture estim\u00e9e\" \/>\n\t<meta name=\"twitter:data1\" content=\"1 minute\" \/>\n<script type=\"application\/ld+json\" class=\"yoast-schema-graph\">{\"@context\":\"https:\/\/schema.org\",\"@graph\":[{\"@type\":\"WebSite\",\"@id\":\"https:\/\/p6006.phpnet.org\/larattedutouquetold\/#website\",\"url\":\"https:\/\/p6006.phpnet.org\/larattedutouquetold\/\",\"name\":\"La pomme de terre des gastronomes\",\"description\":\"\",\"potentialAction\":[{\"@type\":\"SearchAction\",\"target\":{\"@type\":\"EntryPoint\",\"urlTemplate\":\"https:\/\/p6006.phpnet.org\/larattedutouquetold\/?s={search_term_string}\"},\"query-input\":\"required name=search_term_string\"}],\"inLanguage\":\"fr-FR\"},{\"@type\":\"ImageObject\",\"@id\":\"https:\/\/p6006.phpnet.org\/larattedutouquetold\/nos-producteurs\/#primaryimage\",\"inLanguage\":\"fr-FR\",\"url\":\"\/\/www.larattedutouquet.com\/wp-content\/uploads\/2018\/08\/portrait-alban-140x140_Plan-de-travail-1.png\",\"contentUrl\":\"\/\/www.larattedutouquet.com\/wp-content\/uploads\/2018\/08\/portrait-alban-140x140_Plan-de-travail-1.png\"},{\"@type\":\"WebPage\",\"@id\":\"https:\/\/p6006.phpnet.org\/larattedutouquetold\/nos-producteurs\/#webpage\",\"url\":\"https:\/\/p6006.phpnet.org\/larattedutouquetold\/nos-producteurs\/\",\"name\":\"Nos producteurs\",\"isPartOf\":{\"@id\":\"https:\/\/p6006.phpnet.org\/larattedutouquetold\/#website\"},\"primaryImageOfPage\":{\"@id\":\"https:\/\/p6006.phpnet.org\/larattedutouquetold\/nos-producteurs\/#primaryimage\"},\"datePublished\":\"2016-07-27T09:43:32+00:00\",\"dateModified\":\"2018-09-07T12:38:57+00:00\",\"breadcrumb\":{\"@id\":\"https:\/\/p6006.phpnet.org\/larattedutouquetold\/nos-producteurs\/#breadcrumb\"},\"inLanguage\":\"fr-FR\",\"potentialAction\":[{\"@type\":\"ReadAction\",\"target\":[\"https:\/\/p6006.phpnet.org\/larattedutouquetold\/nos-producteurs\/\"]}]},{\"@type\":\"BreadcrumbList\",\"@id\":\"https:\/\/p6006.phpnet.org\/larattedutouquetold\/nos-producteurs\/#breadcrumb\",\"itemListElement\":[{\"@type\":\"ListItem\",\"position\":1,\"name\":\"Accueil\",\"item\":\"https:\/\/p6006.phpnet.org\/larattedutouquetold\/\"},{\"@type\":\"ListItem\",\"position\":2,\"name\":\"Nos producteurs\"}]}]}<\/script>\n<!-- \/ Yoast SEO plugin. -->","yoast_head_json":{"title":"Nos producteurs","robots":{"index":"index","follow":"follow","max-snippet":"max-snippet:-1","max-image-preview":"max-image-preview:large","max-video-preview":"max-video-preview:-1"},"canonical":"https:\/\/p6006.phpnet.org\/larattedutouquetold\/nos-producteurs\/","og_locale":"fr_FR","og_type":"article","og_title":"Nos producteurs","og_description":"Qui a cultiv\u00e9 vos pommes de terre Ratte du Touquet ? Retrouvez le producteur de vos pommes de terre, la photo de son champ, ainsi que son interview en vid\u00e9o !Comment faire ?\u00a0Sur l\u2019emballage de vos Ratte du Touquet, vous trouverez une \u00e9tiquette sur laquelle est mentionn\u00e9 le pr\u00e9nom du producteur qui a cultiv\u00e9 vos [&hellip;]","og_url":"https:\/\/p6006.phpnet.org\/larattedutouquetold\/nos-producteurs\/","og_site_name":"La pomme de terre des gastronomes","article_modified_time":"2018-09-07T12:38:57+00:00","og_image":[{"url":"\/\/www.larattedutouquet.com\/wp-content\/uploads\/2018\/08\/portrait-alban-140x140_Plan-de-travail-1.png"}],"twitter_card":"summary","twitter_misc":{"Dur\u00e9e de lecture estim\u00e9e":"1 minute"},"schema":{"@context":"https:\/\/schema.org","@graph":[{"@type":"WebSite","@id":"https:\/\/p6006.phpnet.org\/larattedutouquetold\/#website","url":"https:\/\/p6006.phpnet.org\/larattedutouquetold\/","name":"La pomme de terre des gastronomes","description":"","potentialAction":[{"@type":"SearchAction","target":{"@type":"EntryPoint","urlTemplate":"https:\/\/p6006.phpnet.org\/larattedutouquetold\/?s={search_term_string}"},"query-input":"required name=search_term_string"}],"inLanguage":"fr-FR"},{"@type":"ImageObject","@id":"https:\/\/p6006.phpnet.org\/larattedutouquetold\/nos-producteurs\/#primaryimage","inLanguage":"fr-FR","url":"\/\/www.larattedutouquet.com\/wp-content\/uploads\/2018\/08\/portrait-alban-140x140_Plan-de-travail-1.png","contentUrl":"\/\/www.larattedutouquet.com\/wp-content\/uploads\/2018\/08\/portrait-alban-140x140_Plan-de-travail-1.png"},{"@type":"WebPage","@id":"https:\/\/p6006.phpnet.org\/larattedutouquetold\/nos-producteurs\/#webpage","url":"https:\/\/p6006.phpnet.org\/larattedutouquetold\/nos-producteurs\/","name":"Nos producteurs","isPartOf":{"@id":"https:\/\/p6006.phpnet.org\/larattedutouquetold\/#website"},"primaryImageOfPage":{"@id":"https:\/\/p6006.phpnet.org\/larattedutouquetold\/nos-producteurs\/#primaryimage"},"datePublished":"2016-07-27T09:43:32+00:00","dateModified":"2018-09-07T12:38:57+00:00","breadcrumb":{"@id":"https:\/\/p6006.phpnet.org\/larattedutouquetold\/nos-producteurs\/#breadcrumb"},"inLanguage":"fr-FR","potentialAction":[{"@type":"ReadAction","target":["https:\/\/p6006.phpnet.org\/larattedutouquetold\/nos-producteurs\/"]}]},{"@type":"BreadcrumbList","@id":"https:\/\/p6006.phpnet.org\/larattedutouquetold\/nos-producteurs\/#breadcrumb","itemListElement":[{"@type":"ListItem","position":1,"name":"Accueil","item":"https:\/\/p6006.phpnet.org\/larattedutouquetold\/"},{"@type":"ListItem","position":2,"name":"Nos producteurs"}]}]}},"_links":{"self":[{"href":"https:\/\/p6006.phpnet.org\/larattedutouquetold\/wp-json\/wp\/v2\/pages\/925"}],"collection":[{"href":"https:\/\/p6006.phpnet.org\/larattedutouquetold\/wp-json\/wp\/v2\/pages"}],"about":[{"href":"https:\/\/p6006.phpnet.org\/larattedutouquetold\/wp-json\/wp\/v2\/types\/page"}],"author":[{"embeddable":true,"href":"https:\/\/p6006.phpnet.org\/larattedutouquetold\/wp-json\/wp\/v2\/users\/6"}],"replies":[{"embeddable":true,"href":"https:\/\/p6006.phpnet.org\/larattedutouquetold\/wp-json\/wp\/v2\/comments?post=925"}],"version-history":[{"count":0,"href":"https:\/\/p6006.phpnet.org\/larattedutouquetold\/wp-json\/wp\/v2\/pages\/925\/revisions"}],"wp:attachment":[{"href":"https:\/\/p6006.phpnet.org\/larattedutouquetold\/wp-json\/wp\/v2\/media?parent=925"}],"curies":[{"name":"wp","href":"https:\/\/api.w.org\/{rel}","templated":true}]}}